{"id":1007,"date":"2020-07-31T08:17:21","date_gmt":"2020-07-31T13:17:21","guid":{"rendered":"https:\/\/ifcreddolac.org\/?page_id=1007"},"modified":"2020-07-31T08:17:21","modified_gmt":"2020-07-31T13:17:21","slug":"elaboracion-y-presentacion-de-articulos-cientificos","status":"publish","type":"page","link":"https:\/\/ifcreddolac.org\/?page_id=1007","title":{"rendered":"Elaboraci\u00f3n y Presentaci\u00f3n de Art\u00edculos Cient\u00edficos"},"content":{"rendered":"\n<p class=\"has-very-dark-gray-color has-pale-cyan-blue-background-color has-text-color has-background has-medium-font-size\"><strong>Inicia el 17 de Agosto del 2020<\/strong><\/p>\n\n\n\n<h3 class=\"wp-block-heading\">Presentaci\u00f3n<\/h3>\n\n\n\n<p>El curso est\u00e1 dirigido a educadores y profesionales de las ciencias sociales interesados en publicar en revistas arbitradas e indexadas.<\/p>\n\n\n\n<p>El trabajo est\u00e1 orientado a formar a los investigadores en las pautas necesarias para la estructuraci\u00f3n del art\u00edculo cient\u00edfico de acuerdo con las exigencias actuales de las revistas indexadas internacionales, a trav\u00e9s de ejercicios te\u00f3rico-pr\u00e1cticos que permitan construir un texto adecuadamente formulado.<\/p>\n\n\n\n<p>El participante debe contar con una propuesta de investigaci\u00f3n que contenga un contenido conceptual y metodol\u00f3gico que ya haya sido desarrollado (tesis, proyecto, revisi\u00f3n de tema, entre otros), sobre la cual, a trav\u00e9s del seguimiento tutorizado, se ir\u00e1 dando forma para generar una versi\u00f3n publicable de acuerdo con los est\u00e1ndares validados por las revistas indexadas.<\/p>\n\n\n\n<p>Importante tomar en cuenta que no es un curso de Redacci\u00f3n acad\u00e9mica, ya que el objetivo es proporcionar los aspectos y procesos necesarios para presentar un art\u00edculo publicable; sin embargo, antes de ser sometido a evaluaci\u00f3n se recomienda al autor su revisi\u00f3n.<br>El curso est\u00e1 constituido por dos unidades te\u00f3ricas y dos unidades pr\u00e1cticas.<\/p>\n\n\n\n<h3 class=\"wp-block-heading\">Informaci\u00f3n b\u00e1sica<\/h3>\n\n\n\n<ul><li>Modalidad: Virtual<\/li><li>Duraci\u00f3n: 04 semanas<\/li><li>Certificaci\u00f3n por\u00a0<strong>40 horas acad\u00e9micas avalado por\u00a0<a href=\"https:\/\/reddolac.org\/\">RedDOLAC<\/a><\/strong><\/li><li>Requerimientos: Nociones b\u00e1sicas de Internet<\/li><li>El curso es \u00edntegramente desarrollado en el Campus\u00a0<a href=\"http:\/\/campus.ifcreddolac.org\/\">RedDOLAC<\/a><\/li><\/ul>\n\n\n\n<h3 class=\"wp-block-heading\">Requisitos<\/h3>\n\n\n\n<ul><li>Tener una investigaci\u00f3n desarrollada o en desarrollo<\/li><li>Disponer de un correo Gmail, ya que parte del proceso de elaboraci\u00f3n se realizar\u00e1 a trav\u00e9s de un documento de Google compartido con la tutora.<\/li><\/ul>\n\n\n\n<h3 class=\"wp-block-heading\">Tutora virtual<\/h3>\n\n\n\n<figure class=\"wp-block-image\"><img decoding=\"async\" width=\"148\" height=\"170\" src=\"https:\/\/ifcreddolac.org\/wp-content\/uploads\/2019\/11\/Gisela.png\" alt=\"\" class=\"wp-image-676\"\/><\/figure>\n\n\n\n<h4 class=\"wp-block-heading\">Dra. Mar\u00eda Gisela Escobar<\/h4>\n\n\n\n<p><strong>Profesora titular de la Universidad de Los Andes<\/strong>&nbsp;en M\u00e9rida, Venezuela. Doctora en Psicolog\u00eda Social por la Universidad Aut\u00f3noma de Barcelona, Magister&nbsp; Scientae en Psicolog\u00eda Social por la Universidad Sim\u00f3n Bol\u00edvar&nbsp; y Licenciada en Psicolog\u00eda por la Universidad Central de Venezuela. Es investigadora social reconocida en organismos nacionales e internacionales y ha publicado diversos art\u00edculos bajo el enfoque cualitativo en revistas cient\u00edficas internacionales<\/p>\n\n\n\n<h3 class=\"wp-block-heading\">Sinopsis del contenido<\/h3>\n\n\n\n<p><strong>M\u00d3DULO 1<\/strong>: Por qu\u00e9 la investigaci\u00f3n cualitativa: En este m\u00f3dulo se presentan argumentos necesarios que justifican la elecci\u00f3n hacia el enfoque cualitativo frente al cuantitativo. Se explica de manera sencilla y did\u00e1ctica su base epistemol\u00f3gica, lo cual permite sustentar al investigador, de manera firme, por qu\u00e9 es pertinente este enfoque para abordar sus intereses de investigaci\u00f3n.<\/p>\n\n\n\n<p><strong>M\u00d3DULO 2:<\/strong>&nbsp;LOS M\u00c9TODOS Se inicia este m\u00f3dulo pregunt\u00e1ndonos por las diferencias entre m\u00e9todo, t\u00e9cnica e instrumento de recolecci\u00f3n de informaci\u00f3n Se contin\u00faa el recorrido a trav\u00e9s de los m\u00e9todos y t\u00e9cnicas cl\u00e1sicas de la investigaci\u00f3n cualitativa, particularmente LA ETNOGRAF\u00cdA, METODO HERMEN\u00c9UTICO-FENOMENOL\u00d3GICO, HISTORIAS DE VIDA, EL M\u00c9TODO BIOGR\u00c1FICO, entre otros, y sus variaciones en nuevas formas de abordar la realidad. Se presentan aplicaciones a las ciencias de la educaci\u00f3n, sociales y humanas.<\/p>\n\n\n\n<p><strong>M\u00d3DULO 3:<\/strong>&nbsp;LOS INSTRUMENTOS Una vez conocidos los m\u00e9todos, se contin\u00faa el curso aproxim\u00e1ndonos a las t\u00e9cnicas e instrumentos de recolecci\u00f3n de informaci\u00f3n. Dedicaremos atenci\u00f3n a la OBSERVACI\u00d3N, como fuente privilegiada e imprescindible de obtenci\u00f3n de datos y continuaremos con la ENTREVISTA, t\u00e9cnica vital cuando el inter\u00e9s es conocer procesos humanos y sociales. Conoceremos la variedad de aplicaciones y utilidades de ambas t\u00e9cnicas y posteriormente conoceremos algunos instrumentos que nos permiten recoger datos cualitativos, ya sea a trav\u00e9s de la observaci\u00f3n, o a trav\u00e9s de lsa entrevistas.<\/p>\n\n\n\n<p><strong>M\u00d3DULO 4<\/strong>: QU\u00c9 HACER CON LOS DATOS En este \u00faltimo m\u00f3dulo mostraremos de manera generar algunas t\u00e9cnicas de an\u00e1lisis, como el An\u00e1lisis de contenido, an\u00e1lisis categorial y la Teor\u00eda fundamentada. Pensaremos c\u00f3mo es posible combinar t\u00e9cnicas de an\u00e1lisis de datos. Finalmente, una vez finalizado el recorrido, pensaremos si la elecci\u00f3n cualitativa satisface nuestros intereses investigativos y daremos algunos tips o herramientas para pensar cuando es pertinente (y cuando no) acudir al abordaje cualitativo o combinar con el enfoque cuantitativo (opci\u00f3n actualmente permitida en investigaci\u00f3n)<\/p>\n\n\n\n<h3 class=\"wp-block-heading\">Proceso de inscripci\u00f3n<\/h3>\n\n\n\n<h4 class=\"wp-block-heading\"><strong>Costo del curso: 55&nbsp; D\u00f3lares americanos<\/strong><\/h4>\n\n\n\n<p><strong>Realice el pago del curso<\/strong>&nbsp;eligiendo una de las siguientes opciones:<\/p>\n\n\n\n<p>1\u00b0 Opci\u00f3n:&nbsp;Por Paypal al correo&nbsp;<a href=\"mailto:reddolac@gmail.com\" target=\"_blank\" rel=\"noreferrer noopener\">reddolac@gmail.com<\/a>&nbsp;o usando el v\u00ednculo:&nbsp;<a href=\"https:\/\/paypal.me\/reddolac\/55\" target=\"_blank\" rel=\"noreferrer noopener\">https:\/\/paypal.me\/reddolac\/55<\/a><\/p>\n\n\n\n<p><strong>2\u00b0 Opci\u00f3n:<\/strong>&nbsp; &nbsp;Pago seguro con Tarjeta de Cr\u00e9dito&nbsp; &nbsp;<a href=\"https:\/\/www.visanetlink.pe\/pagoseguro\/REDDOLAC\/240026\" target=\"_blank\" rel=\"noreferrer noopener\">https:\/\/www.visanetlink.pe\/pagoseguro\/REDDOLAC\/240026<\/a><\/p>\n\n\n\n<p>3\u00b0 Opci\u00f3n: (Solo para PER\u00da \u2013 Banco de Cr\u00e9dito del Per\u00fa) .&nbsp;&nbsp;<\/p>\n\n\n\n<ul><li>Cuenta en soles: BCP \u2013 310-13128789-0-94<\/li><li>Cuenta en d\u00f3lares: BCP &#8211; 310-90373308-1-61 &#8211;&nbsp; Beneficiario: Instituto de Formaci\u00f3n Continua de RedDOLAC.<\/li><\/ul>\n\n\n\n<p><strong>Importante<\/strong>: Cualquiera sea la opci\u00f3n de la transferencia el emisor debe correr con los gastos de transferencia.<\/p>\n\n\n\n<p>Luego de realizar el pago, ingrese a nuestro&nbsp;<a href=\"https:\/\/forms.gle\/XwwBuc4CB8tM6gTH8\"><strong>&nbsp; formulario de registro en l\u00ednea<\/strong><\/a>&nbsp; &nbsp;y siga las instrucciones que all\u00ed se detallan.<\/p>\n\n\n\n<p class=\"has-background has-medium-font-size\" style=\"background-color:#a5d682\"><strong>Solicita mayor informaci\u00f3n<\/strong><\/p>\n\n\n<div class=\"wpforms-container wpforms-container-full wpforms-block\" id=\"wpforms-665\"><form id=\"wpforms-form-665\" class=\"wpforms-validate wpforms-form\" data-formid=\"665\" method=\"post\" enctype=\"multipart\/form-data\" action=\"\/index.php?rest_route=%2Fwp%2Fv2%2Fpages%2F1007\" data-token=\"1eb6d17fe4ed6f6cd470a0c911077e70\"><noscript class=\"wpforms-error-noscript\">Please enable JavaScript in your browser to complete this form.<\/noscript><div class=\"wpforms-field-container\"><div id=\"wpforms-665-field_0-container\" class=\"wpforms-field wpforms-field-name\" data-field-id=\"0\"><label class=\"wpforms-field-label\" for=\"wpforms-665-field_0\">Nombre y apellido <span class=\"wpforms-required-label\">*<\/span><\/label><input type=\"text\" id=\"wpforms-665-field_0\" class=\"wpforms-field-medium wpforms-field-required\" name=\"wpforms[fields][0]\" required><\/div><div id=\"wpforms-665-field_1-container\" class=\"wpforms-field wpforms-field-email\" data-field-id=\"1\"><label class=\"wpforms-field-label\" for=\"wpforms-665-field_1\">Correo electr\u00f3nico <span class=\"wpforms-required-label\">*<\/span><\/label><input type=\"email\" id=\"wpforms-665-field_1\" class=\"wpforms-field-medium wpforms-field-required\" name=\"wpforms[fields][1]\" spellcheck=\"false\" required><\/div><div id=\"wpforms-665-field_2-container\" class=\"wpforms-field wpforms-field-textarea\" data-field-id=\"2\"><label class=\"wpforms-field-label\" for=\"wpforms-665-field_2\">Mensaje <span class=\"wpforms-required-label\">*<\/span><\/label><textarea id=\"wpforms-665-field_2\" class=\"wpforms-field-medium wpforms-field-required\" name=\"wpforms[fields][2]\" required><\/textarea><\/div><\/div><!-- .wpforms-field-container --><div class=\"wpforms-field wpforms-field-hp\"><label for=\"wpforms-665-field-hp\" class=\"wpforms-field-label\">Comment<\/label><input type=\"text\" name=\"wpforms[hp]\" id=\"wpforms-665-field-hp\" class=\"wpforms-field-medium\"><\/div><div class=\"wpforms-submit-container\" ><input type=\"hidden\" name=\"wpforms[id]\" value=\"665\"><input type=\"hidden\" name=\"wpforms[author]\" value=\"1\"><button type=\"submit\" name=\"wpforms[submit]\" id=\"wpforms-submit-665\" class=\"wpforms-submit\" data-alt-text=\"Enviando...\" data-submit-text=\"Enviar solicitud\" aria-live=\"assertive\" value=\"wpforms-submit\">Enviar solicitud<\/button><\/div><\/form><\/div>  <!-- .wpforms-container -->","protected":false},"excerpt":{"rendered":"<p>Inicia el 17 de Agosto del 2020 Presentaci\u00f3n El curso est\u00e1 dirigido a educadores y profesionales de las ciencias sociales interesados en publicar en revistas arbitradas e indexadas. El trabajo est\u00e1 orientado a formar a los investigadores en las pautas necesarias para la estructuraci\u00f3n del art\u00edculo cient\u00edfico de acuerdo con las exigencias actuales de las [&hellip;]<\/p>\n","protected":false},"author":1,"featured_media":0,"parent":0,"menu_order":0,"comment_status":"closed","ping_status":"closed","template":"","meta":{"_eb_attr":"","_uag_custom_page_level_css":"","ub_ctt_via":"","advgb_blocks_editor_width":"","advgb_blocks_columns_visual_guide":"","_joinchat":[],"footnotes":""},"featured_image_src":null,"featured_image_src_square":null,"uagb_featured_image_src":{"full":false,"thumbnail":false,"medium":false,"medium_large":false,"large":false,"1536x1536":false,"2048x2048":false,"ab-block-post-grid-landscape":false,"ab-block-post-grid-square":false},"uagb_author_info":{"display_name":"admin","author_link":"https:\/\/ifcreddolac.org\/?author=1"},"uagb_comment_info":0,"uagb_excerpt":"Inicia el 17 de Agosto del 2020 Presentaci\u00f3n El curso est\u00e1 dirigido a educadores y profesionales de las ciencias sociales interesados en publicar en revistas arbitradas e indexadas. El trabajo est\u00e1 orientado a formar a los investigadores en las pautas necesarias para la estructuraci\u00f3n del art\u00edculo cient\u00edfico de acuerdo con las exigencias actuales de las&hellip;","coauthors":[],"author_meta":{"author_link":"https:\/\/ifcreddolac.org\/?author=1","display_name":"admin"},"relative_dates":{"created":"Posted 6 a\u00f1os ago","modified":"Updated 6 a\u00f1os ago"},"absolute_dates":{"created":"Posted on 31\/07\/2020","modified":"Updated on 31\/07\/2020"},"absolute_dates_time":{"created":"Posted on 31\/07\/2020 8:17 AM","modified":"Updated on 31\/07\/2020 8:17 AM"},"featured_img_caption":"","featured_img":false,"series_order":"","_links":{"self":[{"href":"https:\/\/ifcreddolac.org\/index.php?rest_route=\/wp\/v2\/pages\/1007"}],"collection":[{"href":"https:\/\/ifcreddolac.org\/index.php?rest_route=\/wp\/v2\/pages"}],"about":[{"href":"https:\/\/ifcreddolac.org\/index.php?rest_route=\/wp\/v2\/types\/page"}],"author":[{"embeddable":true,"href":"https:\/\/ifcreddolac.org\/index.php?rest_route=\/wp\/v2\/users\/1"}],"replies":[{"embeddable":true,"href":"https:\/\/ifcreddolac.org\/index.php?rest_route=%2Fwp%2Fv2%2Fcomments&post=1007"}],"version-history":[{"count":2,"href":"https:\/\/ifcreddolac.org\/index.php?rest_route=\/wp\/v2\/pages\/1007\/revisions"}],"predecessor-version":[{"id":1009,"href":"https:\/\/ifcreddolac.org\/index.php?rest_route=\/wp\/v2\/pages\/1007\/revisions\/1009"}],"wp:attachment":[{"href":"https:\/\/ifcreddolac.org\/index.php?rest_route=%2Fwp%2Fv2%2Fmedia&parent=1007"}],"curies":[{"name":"wp","href":"https:\/\/api.w.org\/{rel}","templated":true}]}}