{"id":1043,"date":"2020-08-12T17:15:08","date_gmt":"2020-08-12T22:15:08","guid":{"rendered":"https:\/\/ifcreddolac.org\/?page_id=1043"},"modified":"2021-02-05T03:34:28","modified_gmt":"2021-02-05T08:34:28","slug":"taller-de-produccion-de-textos-academicos-nivel-ii","status":"publish","type":"page","link":"https:\/\/ifcreddolac.org\/?page_id=1043","title":{"rendered":"Curso pr\u00e1ctico de Redacci\u00f3n Acad\u00e9mica \u2013 Nivel 2."},"content":{"rendered":"\n<p class=\"has-background has-medium-font-size has-vivid-cyan-blue-background-color\"><p class=\"has-vivid-cyan-blue-background-color has-text-color has-background has-medium-font-size\" style=\"color:#ffffff\"><strong>INICIA: 01 MARZO 2021. <\/strong>Inscripciones Abiertas<\/p><\/p>\n\n\n\n<div style=\"height:40px\" aria-hidden=\"true\" class=\"wp-block-spacer\"><\/div>\n\n\n\n<h4 class=\"wp-block-heading\"><strong>Presentaci\u00f3n:<\/strong><\/h4>\n\n\n\n<p>Desde el conocimiento de que la investigaci\u00f3n cient\u00edfica y la publicaci\u00f3n del art\u00edculo cient\u00edfico son dos caras de una misma moneda, entendemos que la investigaci\u00f3n cient\u00edfica termina con la publicaci\u00f3n del art\u00edculo cient\u00edfico como categor\u00eda suprema de los textos acad\u00e9micos; en virtud de lo anterior es de vital importancia concentrar esfuerzos en la minuciosa redacci\u00f3n de un art\u00edculo de investigaci\u00f3n lo cual solo se logra mediante el conocimiento de sus estructuras y componente pero adem\u00e1s desde el dominio de los elementos involucrados en su publicaci\u00f3n.<\/p>\n\n\n\n<p>En raz\u00f3n a lo anteriormente expuesto y a sabiendas de que la publicaci\u00f3n del art\u00edculo de investigaci\u00f3n representa la garant\u00eda de que el mismo solo as\u00ed pasar\u00e1 a formar parte del conocimiento cient\u00edfico, en este segundo nivel del curso se abordan aspectos que van desde la definici\u00f3n de art\u00edculo cient\u00edfico y los principios generales para su redacci\u00f3n, as\u00ed como las diferentes partes que conforman la estructura de un art\u00edculo cient\u00edfico de investigaci\u00f3n original, as\u00ed como los aspectos fundamentales de la publicaci\u00f3n y gesti\u00f3n de la publicaci\u00f3n, la gesti\u00f3n del investigador como protagonista del proceso y la divulgaci\u00f3n del escrito.<\/p>\n\n\n\n<h4 class=\"wp-block-heading\"><strong>Informaci\u00f3n b\u00e1sica<\/strong><\/h4>\n\n\n\n<ul><li>Modalidad: Virtual<\/li><li>Duraci\u00f3n: 4 semanas continuas<\/li><li>Certificaci\u00f3n por 50 horas acad\u00e9micas avalado por RedDOLAC<\/li><li>El curso es \u00edntegramente desarrollado en el Campus virtual de RedDOLAC<\/li><li>Se proponen actividades pr\u00e1cticas durante todo el desarrollo del curso.<\/li><\/ul>\n\n\n\n<h4 class=\"wp-block-heading\"><strong>Requisitos<\/strong><\/h4>\n\n\n\n<ul><li>Haber aprobado el primer nivel del taller. <\/li><li>Contar con buena conexi\u00f3n a Internet<\/li><li>Conocimientos b\u00e1sicos en el uso de la Web<\/li><li>Disponer de al menos 2&nbsp;horas diarias para tomar y finalizar el curso con \u00e9xito<\/li><\/ul>\n\n\n\n<h4 class=\"wp-block-heading\"><strong>Tutora virtual<\/strong><\/h4>\n\n\n\n<h4 class=\"wp-block-heading\">Dra. Elisabeth Ben\u00edtez, PhD. Doctora en Filosof\u00eda. Msc. Esp.<\/h4>\n\n\n\n<ul><li>Abogada y Comunicadora.<\/li><li>Especialista en Derecho Procesal y Propiedad Intelectual.<\/li><li>Magister Scientiae en Desarrollo.<\/li><li>Profesora ordinaria de la Facultad de Humanidades y Educaci\u00f3n de la Ilustre Universidad de Los Andes en M\u00e9rida \u2013 Venezuela. Escuela de Medios Audiovisuales Departamento de Comunicaci\u00f3n Social. C\u00e1tedras de \u00c9tica y Legislaci\u00f3n \u2013 Hermen\u00e9utica &#8211; M\u00e9todos de Investigaci\u00f3n y Protecci\u00f3n Legal de obras.<\/li><li>Autora del libro: \u201cLa intelecci\u00f3n y el tiempo ps\u00edquico\u201d ISBN 978620042710-6.<\/li><li>Autora de varios art\u00edculos de investigaci\u00f3n y Editora de Revistas cient\u00edficas arbitradas e indexadas en bases de datos internacionales.<\/li><li>Investigadora en las \u00e1reas de Ciencia y Tecnolog\u00eda, perteneciente al Programa de Est\u00edmulo a la Investigaci\u00f3n del Ministerio de Ciencia y Tecnolog\u00eda y Educaci\u00f3n Universitaria.<\/li><li>Miembro de Revencyt (Registro de Publicaciones Cient\u00edficas y Tecnol\u00f3gicas Venezolanas)<\/li><li>Miembro de la WIPO Venezuela.<\/li><li>Miembro de la Sociedad Venezolana de Fenomenolog\u00eda.<\/li><li>Miembro Coordinador del equipo de Jurisdicci\u00f3n a las Licencias Creative Commons para Venezuela.<\/li><li>Coordinadora Acad\u00e9mica de @AULACIETE<\/li><\/ul>\n\n\n\n<p><\/p>\n\n\n\n<h4 class=\"wp-block-heading\"><strong>A qui\u00e9n va dirigido<\/strong><\/h4>\n\n\n\n<p>El presente curso est\u00e1 dirigido a docentes e investigadores que desean incrementar su productividad acad\u00e9mica mediante la redacci\u00f3n de textos especializados en su \u00e1rea.<\/p>\n\n\n\n<div style=\"height:30px\" aria-hidden=\"true\" class=\"wp-block-spacer\"><\/div>\n\n\n\n<h4 class=\"wp-block-heading\"><strong>Estrategias pedag\u00f3gicas:<\/strong><\/h4>\n\n\n\n<p>El curso contar\u00e1 con un enfoque constructivista y desde su inicio se orientar\u00e1 a fomentar la escritura y producci\u00f3n (diagramaci\u00f3n y presentaci\u00f3n) de textos acad\u00e9micos, as\u00ed como la reflexi\u00f3n cr\u00edtica colectiva de los participantes en torno a los aspectos cardinales del curso, a saber: comprensi\u00f3n, identificaci\u00f3n y estructuraci\u00f3n, para lo cual se realizar\u00e1n actividades y tareas pr\u00e1cticas de lectura y escritura acad\u00e9mica basadas en el material bibliogr\u00e1fico suministrado en el aula.<\/p>\n\n\n\n<p>Como resultado del mismo, se aspira alcanzar los objetivos previstos mediante la entrega de trabajos individuales o tareas parciales tendentes a la producci\u00f3n definitiva de un texto acad\u00e9mico de acuerdo a los est\u00e1ndares investigativos formalmente aceptados para la publicaci\u00f3n y divulgaci\u00f3n cient\u00edfica.<\/p>\n\n\n\n<div style=\"height:40px\" aria-hidden=\"true\" class=\"wp-block-spacer\"><\/div>\n\n\n\n<h4 class=\"wp-block-heading\">Objetivo general<\/h4>\n\n\n\n<p>Potenciar las competencias de la escritura acad\u00e9mico-investigativa, propiciar la evaluaci\u00f3n de art\u00edculos mediante el an\u00e1lisis de la intertextualidad, los usos bibliogr\u00e1ficos, correcci\u00f3n y edici\u00f3n de textos acad\u00e9micos &#8211; cient\u00edficos en el contexto de la divulgaci\u00f3n , indexaci\u00f3n&nbsp; y gesti\u00f3n de revistas cient\u00edficas ( tanto f\u00edsicas como digitales).<\/p>\n\n\n\n<h4 class=\"wp-block-heading\">Objetivos Espec\u00edficos <\/h4>\n\n\n\n<ul><li>Redacci\u00f3n de textos para la divulgaci\u00f3n cient\u00edfico \u2013 acad\u00e9mica basados en una investigaci\u00f3n original mediante el empleo del m\u00e9todo de 5 pasos.<\/li><li>Redactar cada elemento constituyente del art\u00edculo de investigaci\u00f3n original, valorando la originalidad de las investigaciones propias y respetando las obras intelectuales ajenas.<\/li><li>Utilizar herramientas tecnol\u00f3gicas para la sustentar la redacci\u00f3n de art\u00edculos cient\u00edficos, mediante la verificaci\u00f3n del plagio acad\u00e9mico.<\/li><li>Conocer y manejar los elementos que permiten la gesti\u00f3n de una publicaci\u00f3n cient\u00edfica, normas de publicaci\u00f3n, est\u00e1ndares internacionales de bibliometr\u00eda y calidad de la publicaci\u00f3n de revistas cient\u00edficas.<\/li><\/ul>\n\n\n\n<h4 class=\"wp-block-heading\"><strong>Contenido Program\u00e1tico:<\/strong><\/h4>\n\n\n\n<ul><li><strong>UNIDAD 1.<\/strong> La Redacci\u00f3n para la divulgaci\u00f3n cient\u00edfico \u2013 acad\u00e9mica. C\u00f3mo ir del pre \u2013 texto al texto acad\u00e9mico \u2013 cient\u00edfico y redactar el texto de un art\u00edculo de investigaci\u00f3n original para su presentaci\u00f3n ante una revista cient\u00edfica de primer nivel. C\u00f3mo sistematizar la redacci\u00f3n de un art\u00edculo de investigaci\u00f3n mediante el empleo de la metodolog\u00eda SMART.<\/li><li><strong>Unidad 2. <\/strong>Obtenci\u00f3n de todo el potencial de una investigaci\u00f3n original. C\u00f3mo producir diferentes tipos de textos acad\u00e9micos desde una investigaci\u00f3n original y publicar en una revista arbitrada e indexada de primer nivel.<\/li><li><strong>Unidad 3<\/strong>. Redacci\u00f3n de un art\u00edculo de investigaci\u00f3n cient\u00edfico \u2013 acad\u00e9mico basado en las pautas para la evaluaci\u00f3n del macro g\u00e9nero discursivo. C\u00f3mo aplicar de manera sencilla los criterios de la ling\u00fc\u00edstica textual para la evaluaci\u00f3n, edici\u00f3n y redacci\u00f3n de art\u00edculos cient\u00edfico &#8211; acad\u00e9micos como resultados de una investigaci\u00f3n original. C\u00f3mo redactar empleando la&nbsp; intertextualidad en el discurso ret\u00f3rico presente en el texto acad\u00e9mico \u2013 cient\u00edfico utilizando los distintos sistemas de citaci\u00f3n existentes.&nbsp;<\/li><li><strong>Unidad 4.Lo \u00e9tico en la redacci\u00f3n de un texto acad\u00e9mico \u2013 cient\u00edfico<\/strong>. Elementos que todo autor debe considerar para resguardar su prestigio y credibilidad como investigador.<\/li><\/ul>\n\n\n\n<div style=\"height:50px\" aria-hidden=\"true\" class=\"wp-block-spacer\"><\/div>\n\n\n\n<h4 class=\"wp-block-heading\"><strong>Proceso de inscripci\u00f3n<\/strong><\/h4>\n\n\n\n<h4 class=\"wp-block-heading\"><strong><strong>Costo del curso: $ 59\u00a0 D\u00f3lares americanos<\/strong>\u00a0\/ S\/. 215 soles<\/strong><\/h4>\n\n\n\n<p><strong>Realice el pago del curso<\/strong>&nbsp;eligiendo una de las siguientes opciones:<\/p>\n\n\n\n<p><strong>1\u00b0 Opci\u00f3n:\u00a0<\/strong>Por Paypal al correo\u00a0<a rel=\"noreferrer noopener\" href=\"mailto:reddolac@gmail.com\" target=\"_blank\">reddolac@gmail.com<\/a>\u00a0o usando el v\u00ednculo:\u00a0<a href=\"https:\/\/paypal.me\/reddolac\/59\" target=\"_blank\" rel=\"noreferrer noopener\"><a rel=\"noreferrer noopener\" href=\"https:\/\/www.paypal.com\/paypalme\/reddolac\/59\" target=\"_blank\">https:\/\/paypal.me\/reddolac\/59<\/a><\/a><\/p>\n\n\n\n<p><strong>2\u00b0 Opci\u00f3n:<\/strong>\u00a0 \u00a0Pago seguro con Tarjeta de Cr\u00e9dito\u00a0 \u00a0<a href=\"https:\/\/pagolink.niubiz.com.pe\/pagoseguro\/REDDOLAC\/905743\" target=\"_blank\" rel=\"noreferrer noopener\"><a rel=\"noreferrer noopener\" href=\"https:\/\/pagolink.niubiz.com.pe\/pagoseguro\/REDDOLAC\/905743\" target=\"_blank\">https:\/\/pagolink.niubiz.com.pe\/pagoseguro\/REDDOLAC\/905743<\/a><\/a><\/p>\n\n\n\n<p><strong>3\u00b0 Opci\u00f3n:<\/strong>&nbsp;(Solo para PER\u00da \u2013 Banco de Cr\u00e9dito del Per\u00fa) .&nbsp;&nbsp;<\/p>\n\n\n\n<ul><li>Cuenta en soles: BCP \u2013 310-13128789-0-94<\/li><li>Cuenta en d\u00f3lares: BCP \u2013 310-90373308-1-61 \u2013&nbsp; Beneficiario: Instituto de Formaci\u00f3n Continua de RedDOLAC.<\/li><\/ul>\n\n\n\n<p><strong>Importante<\/strong>: Cualquiera sea la opci\u00f3n de la transferencia el emisor debe correr con los gastos de transferencia.<\/p>\n\n\n\n<div style=\"height:30px\" aria-hidden=\"true\" class=\"wp-block-spacer\"><\/div>\n\n\n\n<h4 class=\"wp-block-heading\"><strong>Registro de pago e inscripci\u00f3n<\/strong><\/h4>\n\n\n\n<p class=\"has-text-color has-vivid-cyan-blue-color\"><a href=\"https:\/\/docs.google.com\/forms\/d\/e\/1FAIpQLSdgGLJourqJWZf6FFc3lDbY8R_q-nZJeFc2hhiPz6ci9mVjiQ\/viewform\" target=\"_blank\" rel=\"noreferrer noopener\"><strong>Registre su pago<\/strong><\/a><\/p>\n\n\n\n<p><strong>Luego de realizar el pago<\/strong>, ingrese a nuestro\u00a0<a href=\"https:\/\/docs.google.com\/forms\/d\/e\/1FAIpQLSdgGLJourqJWZf6FFc3lDbY8R_q-nZJeFc2hhiPz6ci9mVjiQ\/viewform\" target=\"_blank\" rel=\"noreferrer noopener\"><strong>\u00a0 formulario de registro en l\u00ednea<\/strong><\/a>\u00a0 \u00a0y siga las instrucciones que all\u00ed se detallan. Este paso es obligatorio para formalizar la inscripci\u00f3n en cl curso.<\/p>\n\n\n\n<div style=\"height:70px\" aria-hidden=\"true\" class=\"wp-block-spacer\"><\/div>\n\n\n\n<p class=\"has-text-color has-background has-medium-font-size has-white-color has-vivid-cyan-blue-background-color\">Solicita mayor informaci\u00f3n<\/p>\n\n\n<div class=\"wpforms-container wpforms-container-full wpforms-block\" id=\"wpforms-665\"><form id=\"wpforms-form-665\" class=\"wpforms-validate wpforms-form\" data-formid=\"665\" method=\"post\" enctype=\"multipart\/form-data\" action=\"\/index.php?rest_route=%2Fwp%2Fv2%2Fpages%2F1043\" data-token=\"919877634b7022fd760498213945bf48\"><noscript class=\"wpforms-error-noscript\">Please enable JavaScript in your browser to complete this form.<\/noscript><div class=\"wpforms-field-container\"><div id=\"wpforms-665-field_0-container\" class=\"wpforms-field wpforms-field-name\" data-field-id=\"0\"><label class=\"wpforms-field-label\" for=\"wpforms-665-field_0\">Nombre y apellido <span class=\"wpforms-required-label\">*<\/span><\/label><input type=\"text\" id=\"wpforms-665-field_0\" class=\"wpforms-field-medium wpforms-field-required\" name=\"wpforms[fields][0]\" required><\/div><div id=\"wpforms-665-field_1-container\" class=\"wpforms-field wpforms-field-email\" data-field-id=\"1\"><label class=\"wpforms-field-label\" for=\"wpforms-665-field_1\">Correo electr\u00f3nico <span class=\"wpforms-required-label\">*<\/span><\/label><input type=\"email\" id=\"wpforms-665-field_1\" class=\"wpforms-field-medium wpforms-field-required\" name=\"wpforms[fields][1]\" spellcheck=\"false\" required><\/div><div id=\"wpforms-665-field_2-container\" class=\"wpforms-field wpforms-field-textarea\" data-field-id=\"2\"><label class=\"wpforms-field-label\" for=\"wpforms-665-field_2\">Mensaje <span class=\"wpforms-required-label\">*<\/span><\/label><textarea id=\"wpforms-665-field_2\" class=\"wpforms-field-medium wpforms-field-required\" name=\"wpforms[fields][2]\" required><\/textarea><\/div><\/div><!-- .wpforms-field-container --><div class=\"wpforms-field wpforms-field-hp\"><label for=\"wpforms-665-field-hp\" class=\"wpforms-field-label\">Website<\/label><input type=\"text\" name=\"wpforms[hp]\" id=\"wpforms-665-field-hp\" class=\"wpforms-field-medium\"><\/div><div class=\"wpforms-submit-container\" ><input type=\"hidden\" name=\"wpforms[id]\" value=\"665\"><input type=\"hidden\" name=\"wpforms[author]\" value=\"1\"><button type=\"submit\" name=\"wpforms[submit]\" id=\"wpforms-submit-665\" class=\"wpforms-submit\" data-alt-text=\"Enviando...\" data-submit-text=\"Enviar solicitud\" aria-live=\"assertive\" value=\"wpforms-submit\">Enviar solicitud<\/button><\/div><\/form><\/div>  <!-- .wpforms-container -->\n\n\n<div style=\"height:100px\" aria-hidden=\"true\" class=\"wp-block-spacer\"><\/div>\n","protected":false},"excerpt":{"rendered":"<p>INICIA: 01 MARZO 2021. Inscripciones Abiertas Presentaci\u00f3n: Desde el conocimiento de que la investigaci\u00f3n cient\u00edfica y la publicaci\u00f3n del art\u00edculo cient\u00edfico son dos caras de una misma moneda, entendemos que la investigaci\u00f3n cient\u00edfica termina con la publicaci\u00f3n del art\u00edculo cient\u00edfico como categor\u00eda suprema de los textos acad\u00e9micos; en virtud de lo anterior es de vital [&hellip;]<\/p>\n","protected":false},"author":1,"featured_media":1044,"parent":0,"menu_order":0,"comment_status":"closed","ping_status":"closed","template":"","meta":{"_eb_attr":"","_uag_custom_page_level_css":"","ub_ctt_via":"","advgb_blocks_editor_width":"","advgb_blocks_columns_visual_guide":"","_joinchat":[],"footnotes":""},"featured_image_src":"https:\/\/ifcreddolac.org\/wp-content\/uploads\/2020\/08\/0001redac-600x400.jpg","featured_image_src_square":"https:\/\/ifcreddolac.org\/wp-content\/uploads\/2020\/08\/0001redac-600x580.jpg","uagb_featured_image_src":{"full":["https:\/\/ifcreddolac.org\/wp-content\/uploads\/2020\/08\/0001redac.jpg",900,580,false],"thumbnail":["https:\/\/ifcreddolac.org\/wp-content\/uploads\/2020\/08\/0001redac-150x150.jpg",150,150,true],"medium":["https:\/\/ifcreddolac.org\/wp-content\/uploads\/2020\/08\/0001redac-300x193.jpg",300,193,true],"medium_large":["https:\/\/ifcreddolac.org\/wp-content\/uploads\/2020\/08\/0001redac-768x495.jpg",768,495,true],"large":["https:\/\/ifcreddolac.org\/wp-content\/uploads\/2020\/08\/0001redac.jpg",812,523,false],"1536x1536":["https:\/\/ifcreddolac.org\/wp-content\/uploads\/2020\/08\/0001redac.jpg",900,580,false],"2048x2048":["https:\/\/ifcreddolac.org\/wp-content\/uploads\/2020\/08\/0001redac.jpg",900,580,false],"ab-block-post-grid-landscape":["https:\/\/ifcreddolac.org\/wp-content\/uploads\/2020\/08\/0001redac-600x400.jpg",600,400,true],"ab-block-post-grid-square":["https:\/\/ifcreddolac.org\/wp-content\/uploads\/2020\/08\/0001redac-600x580.jpg",600,580,true]},"uagb_author_info":{"display_name":"admin","author_link":"https:\/\/ifcreddolac.org\/?author=1"},"uagb_comment_info":0,"uagb_excerpt":"INICIA: 01 MARZO 2021. Inscripciones Abiertas Presentaci\u00f3n: Desde el conocimiento de que la investigaci\u00f3n cient\u00edfica y la publicaci\u00f3n del art\u00edculo cient\u00edfico son dos caras de una misma moneda, entendemos que la investigaci\u00f3n cient\u00edfica termina con la publicaci\u00f3n del art\u00edculo cient\u00edfico como categor\u00eda suprema de los textos acad\u00e9micos; en virtud de lo anterior es de vital&hellip;","coauthors":[],"author_meta":{"author_link":"https:\/\/ifcreddolac.org\/?author=1","display_name":"admin"},"relative_dates":{"created":"Posted 6 a\u00f1os ago","modified":"Updated 5 a\u00f1os ago"},"absolute_dates":{"created":"Posted on 12\/08\/2020","modified":"Updated on 05\/02\/2021"},"absolute_dates_time":{"created":"Posted on 12\/08\/2020 5:15 PM","modified":"Updated on 05\/02\/2021 3:34 AM"},"featured_img_caption":"","featured_img":"https:\/\/ifcreddolac.org\/wp-content\/uploads\/2020\/08\/0001redac.jpg","series_order":"","_links":{"self":[{"href":"https:\/\/ifcreddolac.org\/index.php?rest_route=\/wp\/v2\/pages\/1043"}],"collection":[{"href":"https:\/\/ifcreddolac.org\/index.php?rest_route=\/wp\/v2\/pages"}],"about":[{"href":"https:\/\/ifcreddolac.org\/index.php?rest_route=\/wp\/v2\/types\/page"}],"author":[{"embeddable":true,"href":"https:\/\/ifcreddolac.org\/index.php?rest_route=\/wp\/v2\/users\/1"}],"replies":[{"embeddable":true,"href":"https:\/\/ifcreddolac.org\/index.php?rest_route=%2Fwp%2Fv2%2Fcomments&post=1043"}],"version-history":[{"count":11,"href":"https:\/\/ifcreddolac.org\/index.php?rest_route=\/wp\/v2\/pages\/1043\/revisions"}],"predecessor-version":[{"id":1155,"href":"https:\/\/ifcreddolac.org\/index.php?rest_route=\/wp\/v2\/pages\/1043\/revisions\/1155"}],"wp:featuredmedia":[{"embeddable":true,"href":"https:\/\/ifcreddolac.org\/index.php?rest_route=\/wp\/v2\/media\/1044"}],"wp:attachment":[{"href":"https:\/\/ifcreddolac.org\/index.php?rest_route=%2Fwp%2Fv2%2Fmedia&parent=1043"}],"curies":[{"name":"wp","href":"https:\/\/api.w.org\/{rel}","templated":true}]}}