{"id":1053,"date":"2020-08-18T08:28:18","date_gmt":"2020-08-18T13:28:18","guid":{"rendered":"https:\/\/ifcreddolac.org\/?page_id=1053"},"modified":"2020-08-19T04:42:50","modified_gmt":"2020-08-19T09:42:50","slug":"la-evaluacion-creativa","status":"publish","type":"page","link":"https:\/\/ifcreddolac.org\/?page_id=1053","title":{"rendered":"Webinar: La Evaluaci\u00f3n Creativa"},"content":{"rendered":"\n<div style=\"height:30px\" aria-hidden=\"true\" class=\"wp-block-spacer\"><\/div>\n\n\n<div class=\"wp-block-ub-content-toggle\" id=\"ub-content-toggle-3aa5d73c-f231-4bc8-9bea-70a4c944fbab\" data-mobilecollapse=\"false\" data-desktopcollapse=\"false\">\n<div class=\"wp-block-ub-content-toggle-accordion\" id=\"ub-content-toggle-panel-block-\">\n                <div class=\"wp-block-ub-content-toggle-accordion-title-wrap\"\" aria-controls=\"ub-content-toggle-panel-0-3aa5d73c-f231-4bc8-9bea-70a4c944fbab\" tabindex=\"0\">\n                    <p class=\"wp-block-ub-content-toggle-accordion-title ub-content-toggle-title-3aa5d73c-f231-4bc8-9bea-70a4c944fbab\"><strong>Organiza<\/strong><\/p><div class=\"wp-block-ub-content-toggle-accordion-toggle-wrap right\"><span class=\"wp-block-ub-content-toggle-accordion-state-indicator wp-block-ub-chevron-down open\"><\/span>\n                    <\/div><\/div><div role=\"region\" aria-expanded=\"true\" class=\"wp-block-ub-content-toggle-accordion-content-wrap\" id=\"ub-content-toggle-panel-0-3aa5d73c-f231-4bc8-9bea-70a4c944fbab\">\n\n<p><strong>INSTITUTO DE FORMACI\u00d3N CONTINUA DE REDDOLAC (IFC-RedDOLAC)<\/strong><\/p>\n\n<\/div><\/div>\n\n<div class=\"wp-block-ub-content-toggle-accordion\" id=\"ub-content-toggle-panel-block-\">\n                <div class=\"wp-block-ub-content-toggle-accordion-title-wrap\"\" aria-controls=\"ub-content-toggle-panel-1-3aa5d73c-f231-4bc8-9bea-70a4c944fbab\" tabindex=\"0\">\n                    <p class=\"wp-block-ub-content-toggle-accordion-title ub-content-toggle-title-3aa5d73c-f231-4bc8-9bea-70a4c944fbab\"><strong>Presentaci\u00f3n<\/strong><\/p><div class=\"wp-block-ub-content-toggle-accordion-toggle-wrap right\"><span class=\"wp-block-ub-content-toggle-accordion-state-indicator wp-block-ub-chevron-down open\"><\/span>\n                    <\/div><\/div><div role=\"region\" aria-expanded=\"true\" class=\"wp-block-ub-content-toggle-accordion-content-wrap\" id=\"ub-content-toggle-panel-1-3aa5d73c-f231-4bc8-9bea-70a4c944fbab\">\n\n<p>En el presente webinar se desarrolla la tem\u00e1tica de la evaluaci\u00f3n y la creatividad en el aprendizaje en el marco de la evaluaci\u00f3n formativa mediante herramientas pr\u00e1cticas, reflexivas y din\u00e1micas para generar emociones positivas, habilidades cr\u00edticas e innovadoras en la pr\u00e1ctica pedag\u00f3gica. Trataremos sobre como la evaluaci\u00f3n ayuda en el aprendizaje, la importancia de la neurociencia, as\u00ed como t\u00e9cnicas de la evaluaci\u00f3n figuranal\u00f3gica, el visual thinking, la importancia de las actividades aut\u00e9nticas y c\u00f3mo evaluar en el marco del aprendizaje basado en proyectos.<\/p>\n\n<\/div><\/div>\n\n<div class=\"wp-block-ub-content-toggle-accordion\" id=\"ub-content-toggle-panel-block-\">\n                <div class=\"wp-block-ub-content-toggle-accordion-title-wrap\"\" aria-controls=\"ub-content-toggle-panel-2-3aa5d73c-f231-4bc8-9bea-70a4c944fbab\" tabindex=\"0\">\n                    <p class=\"wp-block-ub-content-toggle-accordion-title ub-content-toggle-title-3aa5d73c-f231-4bc8-9bea-70a4c944fbab\"><strong>Ejes tem\u00e1ticos<\/strong><\/p><div class=\"wp-block-ub-content-toggle-accordion-toggle-wrap right\"><span class=\"wp-block-ub-content-toggle-accordion-state-indicator wp-block-ub-chevron-down open\"><\/span>\n                    <\/div><\/div><div role=\"region\" aria-expanded=\"true\" class=\"wp-block-ub-content-toggle-accordion-content-wrap\" id=\"ub-content-toggle-panel-2-3aa5d73c-f231-4bc8-9bea-70a4c944fbab\">\n\n<ul id=\"block-a93b2f68-8334-4bc4-93e6-da1837e1d446\"><li>Fundamentos sobre la evaluaci\u00f3n.<\/li><li>Evaluaci\u00f3n para el aprendizaje. Evaluaci\u00f3n Formativa.<\/li><li>Evaluaci\u00f3n, emoci\u00f3n y neurociencia.<\/li><li>La evaluaci\u00f3n figuroanal\u00f3gica.<\/li><li>Evaluaci\u00f3n y Aprendizaje Basado en Proyectos.<\/li><\/ul>\n\n<\/div><\/div>\n\n<div class=\"wp-block-ub-content-toggle-accordion\" id=\"ub-content-toggle-panel-block-\">\n                <div class=\"wp-block-ub-content-toggle-accordion-title-wrap\"\" aria-controls=\"ub-content-toggle-panel-3-3aa5d73c-f231-4bc8-9bea-70a4c944fbab\" tabindex=\"0\">\n                    <p class=\"wp-block-ub-content-toggle-accordion-title ub-content-toggle-title-3aa5d73c-f231-4bc8-9bea-70a4c944fbab\"><strong>Dirigido<\/strong><\/p><div class=\"wp-block-ub-content-toggle-accordion-toggle-wrap right\"><span class=\"wp-block-ub-content-toggle-accordion-state-indicator wp-block-ub-chevron-down open\"><\/span>\n                    <\/div><\/div><div role=\"region\" aria-expanded=\"true\" class=\"wp-block-ub-content-toggle-accordion-content-wrap\" id=\"ub-content-toggle-panel-3-3aa5d73c-f231-4bc8-9bea-70a4c944fbab\">\n\n<p>El webinar es dirigido a Docentes de todos los niveles educativos, Autoridades Acad\u00e9micas, Especialistas, Investigadores en Educaci\u00f3n e interesados en conocer los avances de  la tem\u00e1tica de la Evaluaci\u00f3n en los aprendizajes.<\/p>\n\n<\/div><\/div>\n\n<div class=\"wp-block-ub-content-toggle-accordion\" id=\"ub-content-toggle-panel-block-\">\n                <div class=\"wp-block-ub-content-toggle-accordion-title-wrap\"\" aria-controls=\"ub-content-toggle-panel-4-3aa5d73c-f231-4bc8-9bea-70a4c944fbab\" tabindex=\"0\">\n                    <p class=\"wp-block-ub-content-toggle-accordion-title ub-content-toggle-title-3aa5d73c-f231-4bc8-9bea-70a4c944fbab\"><strong>Ponente<\/strong><\/p><div class=\"wp-block-ub-content-toggle-accordion-toggle-wrap right\"><span class=\"wp-block-ub-content-toggle-accordion-state-indicator wp-block-ub-chevron-down open\"><\/span>\n                    <\/div><\/div><div role=\"region\" aria-expanded=\"true\" class=\"wp-block-ub-content-toggle-accordion-content-wrap\" id=\"ub-content-toggle-panel-4-3aa5d73c-f231-4bc8-9bea-70a4c944fbab\">\n\n<p class=\"has-text-align-left\"><strong>Flor de Mar\u00eda&nbsp;<strong>Nicole P\u00fa\u00f1ez Lazo:&nbsp;&nbsp;<\/strong><\/strong>Doctora en Ciencias de la Educaci\u00f3n (UNE), mag\u00edster en Docencia e Investigaci\u00f3n (ULADECH-Cat\u00f3lica), con estudios en Evaluaci\u00f3n de la Calidad Educativa (UNE) y Neurociencia (UNMSM) y Licenciada en Pedagog\u00eda y Humanidades, especialidad de Ciencias Sociales e Historia (UNCP). Es investigadora en educaci\u00f3n, neurociencia y pensamiento visual,&nbsp;articulista en diferentes revistas educativas, historietista, facilitadora gr\u00e1fica, consultora externa y tallerista.<\/p>\n\n<\/div><\/div>\n\n<div class=\"wp-block-ub-content-toggle-accordion\" id=\"ub-content-toggle-panel-block-\">\n                <div class=\"wp-block-ub-content-toggle-accordion-title-wrap\"\" aria-controls=\"ub-content-toggle-panel-5-3aa5d73c-f231-4bc8-9bea-70a4c944fbab\" tabindex=\"0\">\n                    <p class=\"wp-block-ub-content-toggle-accordion-title ub-content-toggle-title-3aa5d73c-f231-4bc8-9bea-70a4c944fbab\"><strong>Informaci\u00f3n b\u00e1sica<\/strong><\/p><div class=\"wp-block-ub-content-toggle-accordion-toggle-wrap right\"><span class=\"wp-block-ub-content-toggle-accordion-state-indicator wp-block-ub-chevron-down open\"><\/span>\n                    <\/div><\/div><div role=\"region\" aria-expanded=\"true\" class=\"wp-block-ub-content-toggle-accordion-content-wrap\" id=\"ub-content-toggle-panel-5-3aa5d73c-f231-4bc8-9bea-70a4c944fbab\">\n\n<p>Fecha: <strong>Jueves 03 de Septiembre del  2020<\/strong><br>Hora: 7.00 p.m (Hora de Per\u00fa) &#8211; <a rel=\"noreferrer noopener\" href=\"https:\/\/24timezones.com\/es\/difference\" target=\"_blank\">Convertir<\/a><br>Duraci\u00f3n: 02 horas<br>Metodolog\u00eda: 100% Online<br>Sala de videoconferencias: Zoom<\/p>\n\n\n\n<p><strong>Se emite CERTIFICADO DE PARTICIPACI\u00d3N<\/strong><\/p>\n\n<\/div><\/div>\n\n<div class=\"wp-block-ub-content-toggle-accordion\" id=\"ub-content-toggle-panel-block-\">\n                <div class=\"wp-block-ub-content-toggle-accordion-title-wrap\"\" aria-controls=\"ub-content-toggle-panel-6-3aa5d73c-f231-4bc8-9bea-70a4c944fbab\" tabindex=\"0\">\n                    <p class=\"wp-block-ub-content-toggle-accordion-title ub-content-toggle-title-3aa5d73c-f231-4bc8-9bea-70a4c944fbab\"><strong>Inscripci\u00f3n y pago<\/strong><\/p><div class=\"wp-block-ub-content-toggle-accordion-toggle-wrap right\"><span class=\"wp-block-ub-content-toggle-accordion-state-indicator wp-block-ub-chevron-down open\"><\/span>\n                    <\/div><\/div><div role=\"region\" aria-expanded=\"true\" class=\"wp-block-ub-content-toggle-accordion-content-wrap\" id=\"ub-content-toggle-panel-6-3aa5d73c-f231-4bc8-9bea-70a4c944fbab\">\n\n<p><strong>Costo: $ 10 d\u00f3lares \/&nbsp; S\/. 35 soles<\/strong><\/p>\n\n\n\n<p>Metodos de pago:<\/p>\n\n\n\n<p><strong>1\u00b0 Opci\u00f3n:&nbsp;<\/strong>Por Paypal al correo&nbsp;<a rel=\"noreferrer noopener\" href=\"mailto:reddolac@gmail.com\" target=\"_blank\">reddolac@gmail.com<\/a>&nbsp;o usando el v\u00ednculo:&nbsp;<a href=\"https:\/\/paypal.me\/reddolac\/10\">https:\/\/paypal.me\/reddolac\/10<\/a><\/p>\n\n\n\n<p><strong>2\u00b0 Opci\u00f3n:<\/strong>&nbsp; &nbsp;Pago seguro con Tarjeta de Cr\u00e9dito&nbsp; &nbsp;<a href=\"https:\/\/www.visanetlink.pe\/pagoseguro\/REDDOLAC\/240026\" target=\"_blank\" rel=\"noreferrer noopener\">https:\/\/www.visanetlink.pe\/pagoseguro\/REDDOLAC\/240026<\/a><\/p>\n\n\n\n<p><strong>3\u00b0 Opci\u00f3n:<\/strong>&nbsp;(Solo para PER\u00da \u2013 Banco de Cr\u00e9dito del Per\u00fa) .&nbsp;&nbsp;<\/p>\n\n\n\n<ul><li>Cuenta en soles: BCP \u2013 310-13128789-0-94 \u2013&nbsp; Beneficiario: Henry Alberto Chero Valdivieso<\/li><li>Cuenta en d\u00f3lares: BCP \u2013 310-90373308-1-61 \u2013&nbsp; Beneficiario: Instituto de Formaci\u00f3n Continua de RedDOLAC.<\/li><\/ul>\n\n\n\n<p><\/p>\n\n<\/div><\/div>\n\n<div class=\"wp-block-ub-content-toggle-accordion\" id=\"ub-content-toggle-panel-block-\">\n                <div class=\"wp-block-ub-content-toggle-accordion-title-wrap\"\" aria-controls=\"ub-content-toggle-panel-7-3aa5d73c-f231-4bc8-9bea-70a4c944fbab\" tabindex=\"0\">\n                    <p class=\"wp-block-ub-content-toggle-accordion-title ub-content-toggle-title-3aa5d73c-f231-4bc8-9bea-70a4c944fbab\"><strong>Mayor informaci\u00f3n<\/strong><\/p><div class=\"wp-block-ub-content-toggle-accordion-toggle-wrap right\"><span class=\"wp-block-ub-content-toggle-accordion-state-indicator wp-block-ub-chevron-down open\"><\/span>\n                    <\/div><\/div><div role=\"region\" aria-expanded=\"true\" class=\"wp-block-ub-content-toggle-accordion-content-wrap\" id=\"ub-content-toggle-panel-7-3aa5d73c-f231-4bc8-9bea-70a4c944fbab\">\n\n<p>Correo: <a href=\"mailto:reddolac.red@gmail.com\">reddolac.red@gmail.com <\/a><\/p>\n\n\n\n<p>Whatsapp: <a href=\"https:\/\/wa.me\/51942470276\" target=\"_blank\" rel=\"noreferrer noopener\">+51 942470276<\/a><\/p>\n\n<\/div><\/div>\n<\/div>\n\n\n<div style=\"height:30px\" aria-hidden=\"true\" class=\"wp-block-spacer\"><\/div>\n\n\n\n<h3 class=\"wp-block-heading\">Registre su pago<\/h3>\n\n\n\n<div style=\"height:20px\" aria-hidden=\"true\" class=\"wp-block-spacer\"><\/div>\n\n\n\n<div class=\"wp-block-advgb-button alignnone is-style-squared\"><a class=\"wp-block-advgb-button_link advgbbtn-143e920a-3718-4f1f-8e59-bc4256ebd4c4\" href=\"https:\/\/forms.gle\/2CjTdA5AwmtmaKQG8\" target=\"_blank\" rel=\"noopener noreferrer\">Inscripci\u00f3n en l\u00ednea<\/a><\/div>\n\n\n\n<p><\/p>\n<style class=\"advgb-styles-renderer\">.advgbbtn-143e920a-3718-4f1f-8e59-bc4256ebd4c4{font-size:18px;color:#fff !important;background-color:#2196f3 !important;margin:0px 0px 0px 0px !important;padding:10px 30px 10px 30px;border-width:1px !important;border-style:none;border-radius:50px !important;}.advgbbtn-143e920a-3718-4f1f-8e59-bc4256ebd4c4:hover{box-shadow:1px 1px 12px 0px #ccc;opacity:1;transition:all 0.2s ease;}.advgbbtn-143e920a-3718-4f1f-8e59-bc4256ebd4c4 > i {display: none !important;}<\/style>","protected":false},"excerpt":{"rendered":"<p>Registre su pago<\/p>\n","protected":false},"author":1,"featured_media":1063,"parent":0,"menu_order":0,"comment_status":"closed","ping_status":"closed","template":"","meta":{"_eb_attr":"","_uag_custom_page_level_css":"","ub_ctt_via":"","advgb_blocks_editor_width":"","advgb_blocks_columns_visual_guide":"","_joinchat":[],"footnotes":""},"featured_image_src":"https:\/\/ifcreddolac.org\/wp-content\/uploads\/2020\/08\/flyer-webinar-600x400.png","featured_image_src_square":"https:\/\/ifcreddolac.org\/wp-content\/uploads\/2020\/08\/flyer-webinar-600x600.png","uagb_featured_image_src":{"full":["https:\/\/ifcreddolac.org\/wp-content\/uploads\/2020\/08\/flyer-webinar.png",1000,1000,false],"thumbnail":["https:\/\/ifcreddolac.org\/wp-content\/uploads\/2020\/08\/flyer-webinar-150x150.png",150,150,true],"medium":["https:\/\/ifcreddolac.org\/wp-content\/uploads\/2020\/08\/flyer-webinar-300x300.png",300,300,true],"medium_large":["https:\/\/ifcreddolac.org\/wp-content\/uploads\/2020\/08\/flyer-webinar-768x768.png",768,768,true],"large":["https:\/\/ifcreddolac.org\/wp-content\/uploads\/2020\/08\/flyer-webinar.png",812,812,false],"1536x1536":["https:\/\/ifcreddolac.org\/wp-content\/uploads\/2020\/08\/flyer-webinar.png",1000,1000,false],"2048x2048":["https:\/\/ifcreddolac.org\/wp-content\/uploads\/2020\/08\/flyer-webinar.png",1000,1000,false],"ab-block-post-grid-landscape":["https:\/\/ifcreddolac.org\/wp-content\/uploads\/2020\/08\/flyer-webinar-600x400.png",600,400,true],"ab-block-post-grid-square":["https:\/\/ifcreddolac.org\/wp-content\/uploads\/2020\/08\/flyer-webinar-600x600.png",600,600,true]},"uagb_author_info":{"display_name":"admin","author_link":"https:\/\/ifcreddolac.org\/?author=1"},"uagb_comment_info":0,"uagb_excerpt":"Registre su pago","coauthors":[],"author_meta":{"author_link":"https:\/\/ifcreddolac.org\/?author=1","display_name":"admin"},"relative_dates":{"created":"Posted 6 a\u00f1os ago","modified":"Updated 6 a\u00f1os ago"},"absolute_dates":{"created":"Posted on 18\/08\/2020","modified":"Updated on 19\/08\/2020"},"absolute_dates_time":{"created":"Posted on 18\/08\/2020 8:28 AM","modified":"Updated on 19\/08\/2020 4:42 AM"},"featured_img_caption":"","featured_img":"https:\/\/ifcreddolac.org\/wp-content\/uploads\/2020\/08\/flyer-webinar.png","series_order":"","_links":{"self":[{"href":"https:\/\/ifcreddolac.org\/index.php?rest_route=\/wp\/v2\/pages\/1053"}],"collection":[{"href":"https:\/\/ifcreddolac.org\/index.php?rest_route=\/wp\/v2\/pages"}],"about":[{"href":"https:\/\/ifcreddolac.org\/index.php?rest_route=\/wp\/v2\/types\/page"}],"author":[{"embeddable":true,"href":"https:\/\/ifcreddolac.org\/index.php?rest_route=\/wp\/v2\/users\/1"}],"replies":[{"embeddable":true,"href":"https:\/\/ifcreddolac.org\/index.php?rest_route=%2Fwp%2Fv2%2Fcomments&post=1053"}],"version-history":[{"count":4,"href":"https:\/\/ifcreddolac.org\/index.php?rest_route=\/wp\/v2\/pages\/1053\/revisions"}],"predecessor-version":[{"id":1062,"href":"https:\/\/ifcreddolac.org\/index.php?rest_route=\/wp\/v2\/pages\/1053\/revisions\/1062"}],"wp:featuredmedia":[{"embeddable":true,"href":"https:\/\/ifcreddolac.org\/index.php?rest_route=\/wp\/v2\/media\/1063"}],"wp:attachment":[{"href":"https:\/\/ifcreddolac.org\/index.php?rest_route=%2Fwp%2Fv2%2Fmedia&parent=1053"}],"curies":[{"name":"wp","href":"https:\/\/api.w.org\/{rel}","templated":true}]}}