{"id":1322,"date":"2022-06-05T17:43:33","date_gmt":"2022-06-05T22:43:33","guid":{"rendered":"https:\/\/ifcreddolac.org\/?page_id=1322"},"modified":"2022-06-05T19:54:15","modified_gmt":"2022-06-06T00:54:15","slug":"curso-online-investigacion-accion-participativa-en-contextos-educativos-y-comunitarios","status":"publish","type":"page","link":"https:\/\/ifcreddolac.org\/?page_id=1322","title":{"rendered":"CURSO ONLINE: Investigaci\u00f3n Acci\u00f3n participativa en contextos educativos y comunitarios"},"content":{"rendered":"\n<p><\/p>\n\n\n\n<p class=\"has-text-align-center has-black-color has-luminous-vivid-orange-background-color has-text-color has-background\" style=\"font-size:23px\"><strong>Inicia el 27 de junio del 2022<\/strong><\/p>\n\n\n\n<p><\/p>\n\n\n\n<p><\/p>\n\n\n\n<h3 class=\"wp-block-heading\">Presentaci\u00f3n<\/h3>\n\n\n\n<p>Dentro de los distintos m\u00e9todos que integran el enfoque cualitativo, la investigaci\u00f3n acci\u00f3n participativa destaca por su pertinencia para la aproximaci\u00f3n a grupos y comunidades, ya que no solo permite estudiar realidades sino transformarlas en el propio acto de conocer. En efecto, la palabra \u201cacci\u00f3n\u201d, indica que no solo se recoge informaci\u00f3n, sino que tambi\u00e9n se act\u00faa sobre y a partir de esta. El t\u00e9rmino \u201cparticipativa\u201d implica la relaci\u00f3n activa de los miembros del grupo en el proceso de investigaci\u00f3n. El car\u00e1cter transformador de la investigaci\u00f3n acci\u00f3n participativa le otorga cierta complejidad, ya que se trata de un m\u00e9todo no lineal, sino que se desarrolla en distintas etapas o bucles.<\/p>\n\n\n\n<p>En el presente curso profundizaremos sobre el m\u00e9todo cualitativo de investigaci\u00f3n acci\u00f3n participativa, identificando en un primer momento sus fundamentos ontol\u00f3gicos, epistemol\u00f3gicos y te\u00f3ricos, as\u00ed como su desarrollo hist\u00f3rico.<\/p>\n\n\n\n<h3 class=\"wp-block-heading\">Informaci\u00f3n b\u00e1sica<\/h3>\n\n\n\n<ul><li>Modalidad: Virtual<\/li><li>Duraci\u00f3n: 04 semanas<\/li><li>Certificaci\u00f3n por&nbsp;<strong>50 horas acad\u00e9micas avalado por el IFC-<a href=\"https:\/\/reddolac.org\/\">RedDOLAC<\/a><\/strong><\/li><li>Requerimientos: Nociones b\u00e1sicas de Internet<\/li><li>El curso es \u00edntegramente desarrollado en el Campus virtual de&nbsp;<a href=\"http:\/\/campus.ifcreddolac.org\/\">RedDOLAC<\/a><\/li><\/ul>\n\n\n\n<p><\/p>\n\n\n\n<h3 class=\"wp-block-heading\">Requisitos<\/h3>\n\n\n\n<ul><li>Se recomienda tener una propuesta de investigaci\u00f3n en cualquier nivel de avance.<\/li><li>Poseer experiencia b\u00e1sica en el uso y gesti\u00f3n de Google Drive<\/li><li>Disponer de un correo Gmail, ya que parte del proceso de elaboraci\u00f3n se realizar\u00e1 a trav\u00e9s de un documento de Google compartido con la tutora.<\/li><li>Organizar su tiempo para cumplir con las actividades que se propongan en el desarrollo del curso.<\/li><\/ul>\n\n\n\n<h3 class=\"wp-block-heading\">Tutora virtual<\/h3>\n\n\n\n<h4 class=\"wp-block-heading\">Dra. Mar\u00eda Gisela Escobar<\/h4>\n\n\n\n<p><strong>Profesora titular de la Universidad de Los Andes<\/strong>&nbsp;en M\u00e9rida, Venezuela. Doctora en Psicolog\u00eda Social por la Universidad Aut\u00f3noma de Barcelona, Magister&nbsp; Scientae en Psicolog\u00eda Social por la Universidad Sim\u00f3n Bol\u00edvar&nbsp; y Licenciada en Psicolog\u00eda por la Universidad Central de Venezuela. Es investigadora social reconocida en organismos nacionales e internacionales y ha publicado diversos art\u00edculos bajo el enfoque cualitativo en revistas cient\u00edficas internacionales<\/p>\n\n\n\n<figure class=\"wp-block-gallery columns-1 wp-block-gallery-1\"><ul class=\"blocks-gallery-grid\"><li class=\"blocks-gallery-item\"><figure><img fetchpriority=\"high\" decoding=\"async\" width=\"304\" height=\"304\" src=\"https:\/\/ifcreddolac.org\/wp-content\/uploads\/2022\/06\/14906906_10209949636751467_2762728015970562953_n-modified-1-1.png\" alt=\"\" data-id=\"1324\" data-full-url=\"https:\/\/ifcreddolac.org\/wp-content\/uploads\/2022\/06\/14906906_10209949636751467_2762728015970562953_n-modified-1-1.png\" data-link=\"https:\/\/ifcreddolac.org\/?attachment_id=1324\" class=\"wp-image-1324\" srcset=\"https:\/\/ifcreddolac.org\/wp-content\/uploads\/2022\/06\/14906906_10209949636751467_2762728015970562953_n-modified-1-1.png 304w, https:\/\/ifcreddolac.org\/wp-content\/uploads\/2022\/06\/14906906_10209949636751467_2762728015970562953_n-modified-1-1-300x300.png 300w, https:\/\/ifcreddolac.org\/wp-content\/uploads\/2022\/06\/14906906_10209949636751467_2762728015970562953_n-modified-1-1-150x150.png 150w\" sizes=\"(max-width: 304px) 100vw, 304px\" \/><figcaption class=\"blocks-gallery-item__caption is-layout-flex wp-block-gallery-is-layout-flex\">Dra. Mar\u00eda Gisela Escobar<\/figcaption><\/figure><\/li><\/ul><\/figure>\n\n\n\n<p><\/p>\n\n\n\n<h3 class=\"wp-block-heading\">Sinopsis del contenido<\/h3>\n\n\n\n<p><strong>M\u00f3dulo 1<\/strong>: <strong>CONOCIENDO LA INVESTIGACI\u00d3N ACCI\u00d3N<\/strong><\/p>\n\n\n\n<ul><li>Desarrollo hist\u00f3rico: Desde la Investigaci\u00f3n Acci\u00f3n de Kurt Lewin hasta la Investigaci\u00f3n Acci\u00f3n participativa de Fals Borda y Maritza Montero.<\/li><li>Una metodolog\u00eda hecha en Am\u00e9rica Latina<\/li><li>Postulados te\u00f3ricos desde la psicolog\u00eda social. Diferencias entre la  Investigaci\u00f3n Acci\u00f3n (IA)  y la  Investigaci\u00f3 Acci\u00f3n Participativa (IAP)<\/li><li>Paradigmas vinculados a la Investigaci\u00f3n Acci\u00f3n (IA) y la Investigaci\u00f3 Acci\u00f3n Participativa (IAP)<\/li><li>Proyecto de IAP, parte 01<\/li><\/ul>\n\n\n\n<p><strong>M\u00f3dulo 2: ESTRUCTURA METODOL\u00d3GICA DE IA y la IAP<\/strong><\/p>\n\n\n\n<ul id=\"block-876ca0ba-6b0c-4161-96ea-e5ac519b1a05\"><li>El bucle o espiral metodol\u00f3gico<\/li><li>Especificando las caracter\u00edsticas de las comunidades o grupos a abordar a trav\u00e9s de la IA.<\/li><li>Como considerar una comunidad como \u201cparticipativa\u201d<\/li><li>Fases o etapas de la I.A e IAP<ul><li>Identificaci\u00f3n de necesidades y recursos<\/li><li>Problematizaci\u00f3n<\/li><li>Diagnosticar e intervenir<\/li><\/ul><\/li><li>Proyecto de IAP, parte 02<\/li><\/ul>\n\n\n\n<p><strong>M\u00f3dulo 3: EL ACERCAMIENTO AL GRUPO O COMUNIDAD<\/strong><\/p>\n\n\n\n<ul><li>T\u00e9cnicas e instrumentos. Opciones cualitativas<\/li><li>El acercamiento multi\u00e9tnico<\/li><li>Dise\u00f1o y planificaci\u00f3n de la investigaci\u00f3n<\/li><li>Organizaci\u00f3n de la informaci\u00f3n recabada<\/li><li>Proyecto de IAP, parte 03<\/li><\/ul>\n\n\n\n<p><strong>M\u00f3dulo 4: DEVOLUCI\u00d3N SISTEM\u00c1TICA<\/strong><\/p>\n\n\n\n<ul><li>Acumulaci\u00f3n e interpretaci\u00f3n de la informaci\u00f3n<\/li><li>Discusi\u00f3n, reflexi\u00f3n y socializaci\u00f3n de los hallazgos<\/li><li>Evaluaci\u00f3n de la intervenci\u00f3n<\/li><li>Validez y criterios de transferibilidad del conocimiento<\/li><li>Entrega del proyecto final de IAP<\/li><\/ul>\n\n\n\n<h3 class=\"wp-block-heading\">Metodolog\u00eda<\/h3>\n\n\n\n<p>El curso est\u00e1 dise\u00f1ado para adecuarse a la disponibilidad de tiempo de los participantes. Se desarrolla en la modalidad online dentro de un campus virtual a trav\u00e9s del cual se acceden a los contenidos, actividades de aprendizaje y comunicaci\u00f3n con  la docente y compa\u00f1eros del curso. La estrategias est\u00e1n dadas a trav\u00e9s de actividades as\u00edncronas con el acompa\u00f1amiento permanente de la docente y\/o tutora responsable de su desarrollo. <\/p>\n\n\n\n<h3 class=\"wp-block-heading\">Evaluaci\u00f3n<\/h3>\n\n\n\n<p>El curso es te\u00f3rico-pr\u00e1ctico. Paralelamente a la informaci\u00f3n te\u00f3rica, el participante ir\u00e1 elaborando una propuesta de investigaci\u00f3n acci\u00f3n participativa. Dicha propuesta ser\u00e1 desarrollada bajo un espacio de consultas guiado por la tutora del curso. Se realizar\u00e1n cuatro entregas parciales con las asignaciones establecidas. La aprobaci\u00f3n del curso est\u00e1 sujeta a la presentaci\u00f3n de al menos tres entregas calificadas como aprobadas.<\/p>\n\n\n\n<p><\/p>\n\n\n\n<h3 class=\"wp-block-heading\">Proceso de inscripci\u00f3n<\/h3>\n\n\n\n<h4 class=\"wp-block-heading\"><strong>Costo del curso: $59&nbsp; D\u00f3lares americanos<\/strong>   \/   S\/. 236 soles<\/h4>\n\n\n\n<p><strong>Realice el pago del curso<\/strong>&nbsp;eligiendo una de las siguientes opciones:<\/p>\n\n\n\n<p><strong>1\u00b0 Opci\u00f3n:<\/strong>&nbsp;Por Paypal al correo&nbsp;<a rel=\"noreferrer noopener\" href=\"mailto:reddolac@gmail.com\" target=\"_blank\"><strong>reddolac@gmail.com<\/strong><\/a>&nbsp;o usando el v\u00ednculo:&nbsp;<a rel=\"noreferrer noopener\" href=\"https:\/\/www.paypal.com\/paypalme\/reddolac\/59\" target=\"_blank\">https:\/\/paypal.me\/reddolac\/59<\/a><\/p>\n\n\n\n<p><strong>2\u00b0 Opci\u00f3n:<\/strong>&nbsp; &nbsp;Pago seguro con Tarjeta de Cr\u00e9dito&nbsp; &nbsp;<a href=\"https:\/\/pagolink.niubiz.com.pe\/pagoseguro\/REDDOLAC\/905743\" target=\"_blank\" rel=\"noreferrer noopener\">https:\/\/pagolink.niubiz.com.pe\/pagoseguro\/REDDOLAC\/905743<\/a><\/p>\n\n\n\n<p><strong>3\u00b0 Opci\u00f3n:<\/strong> (Solo para PER\u00da \u2013 Banco de Cr\u00e9dito del Per\u00fa) .&nbsp;&nbsp;<\/p>\n\n\n\n<p><strong>PARA TRANSFERENCIAS ELECTR\u00d3NICAS:<\/strong><\/p>\n\n\n\n<p>\u2013 Cuenta en d\u00f3lares: BCP \u2013 310-90373308-1-61<br>CCI: 00231019037330816110<br>Beneficiario: Instituto de Formaci\u00f3n Continua de RedDOLAC<\/p>\n\n\n\n<p>\u2013 Cuenta en soles: BCP \u2013&nbsp;310-02630806-0-72<br>CCI: 00231010263080607216 \u2013 Beneficiario: Instituto de Formaci\u00f3n Continua de RedDOLAC<\/p>\n\n\n\n<p><strong>PARA DEP\u00d3SITOS POR VENTANILLA DEL BANCO O AGENTES:<\/strong><\/p>\n\n\n\n<p>\u2013 Cuenta en soles: BCP \u2013 BCP \u2013 310-91934502-0-24 &nbsp;  \/  CCI: 002-31019193450202412<br>Beneficiario: Henry Alberto Chero Valdivieso<\/p>\n\n\n\n<p><strong>FORMULARIO DE INSCRIPCI\u00d3N<\/strong><\/p>\n\n\n\n<p>Luego de realizar el pago, ingrese a nuestro&nbsp;<a href=\"https:\/\/forms.gle\/G8Jm335DNCJ6YwJGA\" target=\"_blank\" rel=\"noreferrer noopener\"><strong>&nbsp; formulario de registro en l\u00ednea<\/strong><\/a>&nbsp; &nbsp;y siga las instrucciones que all\u00ed se detallan.<\/p>\n\n\n\n<p class=\"has-black-color has-luminous-vivid-orange-background-color has-text-color has-background has-medium-font-size\"><strong>Solicite mayor informaci\u00f3n<\/strong><\/p>\n\n\n<div class=\"wpforms-container wpforms-container-full wpforms-block\" id=\"wpforms-665\"><form id=\"wpforms-form-665\" class=\"wpforms-validate wpforms-form\" data-formid=\"665\" method=\"post\" enctype=\"multipart\/form-data\" action=\"\/index.php?rest_route=%2Fwp%2Fv2%2Fpages%2F1322\" data-token=\"1eb6d17fe4ed6f6cd470a0c911077e70\"><noscript class=\"wpforms-error-noscript\">Please enable JavaScript in your browser to complete this form.<\/noscript><div class=\"wpforms-field-container\"><div id=\"wpforms-665-field_0-container\" class=\"wpforms-field wpforms-field-name\" data-field-id=\"0\"><label class=\"wpforms-field-label\" for=\"wpforms-665-field_0\">Nombre y apellido <span class=\"wpforms-required-label\">*<\/span><\/label><input type=\"text\" id=\"wpforms-665-field_0\" class=\"wpforms-field-medium wpforms-field-required\" name=\"wpforms[fields][0]\" required><\/div><div id=\"wpforms-665-field_1-container\" class=\"wpforms-field wpforms-field-email\" data-field-id=\"1\"><label class=\"wpforms-field-label\" for=\"wpforms-665-field_1\">Correo electr\u00f3nico <span class=\"wpforms-required-label\">*<\/span><\/label><input type=\"email\" id=\"wpforms-665-field_1\" class=\"wpforms-field-medium wpforms-field-required\" name=\"wpforms[fields][1]\" spellcheck=\"false\" required><\/div><div id=\"wpforms-665-field_2-container\" class=\"wpforms-field wpforms-field-textarea\" data-field-id=\"2\"><label class=\"wpforms-field-label\" for=\"wpforms-665-field_2\">Mensaje <span class=\"wpforms-required-label\">*<\/span><\/label><textarea id=\"wpforms-665-field_2\" class=\"wpforms-field-medium wpforms-field-required\" name=\"wpforms[fields][2]\" required><\/textarea><\/div><\/div><!-- .wpforms-field-container --><div class=\"wpforms-field wpforms-field-hp\"><label for=\"wpforms-665-field-hp\" class=\"wpforms-field-label\">Comment<\/label><input type=\"text\" name=\"wpforms[hp]\" id=\"wpforms-665-field-hp\" class=\"wpforms-field-medium\"><\/div><div class=\"wpforms-submit-container\" ><input type=\"hidden\" name=\"wpforms[id]\" value=\"665\"><input type=\"hidden\" name=\"wpforms[author]\" value=\"2\"><button type=\"submit\" name=\"wpforms[submit]\" id=\"wpforms-submit-665\" class=\"wpforms-submit\" data-alt-text=\"Enviando...\" data-submit-text=\"Enviar solicitud\" aria-live=\"assertive\" value=\"wpforms-submit\">Enviar solicitud<\/button><\/div><\/form><\/div>  <!-- .wpforms-container -->","protected":false},"excerpt":{"rendered":"<p>Inicia el 27 de junio del 2022 Presentaci\u00f3n Dentro de los distintos m\u00e9todos que integran el enfoque cualitativo, la investigaci\u00f3n acci\u00f3n participativa destaca por su pertinencia para la aproximaci\u00f3n a grupos y comunidades, ya que no solo permite estudiar realidades sino transformarlas en el propio acto de conocer. En efecto, la palabra \u201cacci\u00f3n\u201d, indica que [&hellip;]<\/p>\n","protected":false},"author":2,"featured_media":1328,"parent":0,"menu_order":0,"comment_status":"closed","ping_status":"closed","template":"","meta":{"_eb_attr":"","_uag_custom_page_level_css":"","ub_ctt_via":"","advgb_blocks_editor_width":"","advgb_blocks_columns_visual_guide":"","_joinchat":[],"footnotes":""},"featured_image_src":"https:\/\/ifcreddolac.org\/wp-content\/uploads\/2022\/06\/100-600x400.png","featured_image_src_square":"https:\/\/ifcreddolac.org\/wp-content\/uploads\/2022\/06\/100-600x533.png","uagb_featured_image_src":{"full":["https:\/\/ifcreddolac.org\/wp-content\/uploads\/2022\/06\/100.png",782,533,false],"thumbnail":["https:\/\/ifcreddolac.org\/wp-content\/uploads\/2022\/06\/100-150x150.png",150,150,true],"medium":["https:\/\/ifcreddolac.org\/wp-content\/uploads\/2022\/06\/100-300x204.png",300,204,true],"medium_large":["https:\/\/ifcreddolac.org\/wp-content\/uploads\/2022\/06\/100-768x523.png",768,523,true],"large":["https:\/\/ifcreddolac.org\/wp-content\/uploads\/2022\/06\/100.png",782,533,false],"1536x1536":["https:\/\/ifcreddolac.org\/wp-content\/uploads\/2022\/06\/100.png",782,533,false],"2048x2048":["https:\/\/ifcreddolac.org\/wp-content\/uploads\/2022\/06\/100.png",782,533,false],"ab-block-post-grid-landscape":["https:\/\/ifcreddolac.org\/wp-content\/uploads\/2022\/06\/100-600x400.png",600,400,true],"ab-block-post-grid-square":["https:\/\/ifcreddolac.org\/wp-content\/uploads\/2022\/06\/100-600x533.png",600,533,true]},"uagb_author_info":{"display_name":"Administrador Website","author_link":"https:\/\/ifcreddolac.org\/?author=2"},"uagb_comment_info":0,"uagb_excerpt":"Inicia el 27 de junio del 2022 Presentaci\u00f3n Dentro de los distintos m\u00e9todos que integran el enfoque cualitativo, la investigaci\u00f3n acci\u00f3n participativa destaca por su pertinencia para la aproximaci\u00f3n a grupos y comunidades, ya que no solo permite estudiar realidades sino transformarlas en el propio acto de conocer. En efecto, la palabra \u201cacci\u00f3n\u201d, indica que&hellip;","coauthors":[],"author_meta":{"author_link":"https:\/\/ifcreddolac.org\/?author=2","display_name":"Administrador Website"},"relative_dates":{"created":"Posted 4 a\u00f1os ago","modified":"Updated 4 a\u00f1os ago"},"absolute_dates":{"created":"Posted on 05\/06\/2022","modified":"Updated on 05\/06\/2022"},"absolute_dates_time":{"created":"Posted on 05\/06\/2022 5:43 PM","modified":"Updated on 05\/06\/2022 7:54 PM"},"featured_img_caption":"","featured_img":"https:\/\/ifcreddolac.org\/wp-content\/uploads\/2022\/06\/100.png","series_order":"","_links":{"self":[{"href":"https:\/\/ifcreddolac.org\/index.php?rest_route=\/wp\/v2\/pages\/1322"}],"collection":[{"href":"https:\/\/ifcreddolac.org\/index.php?rest_route=\/wp\/v2\/pages"}],"about":[{"href":"https:\/\/ifcreddolac.org\/index.php?rest_route=\/wp\/v2\/types\/page"}],"author":[{"embeddable":true,"href":"https:\/\/ifcreddolac.org\/index.php?rest_route=\/wp\/v2\/users\/2"}],"replies":[{"embeddable":true,"href":"https:\/\/ifcreddolac.org\/index.php?rest_route=%2Fwp%2Fv2%2Fcomments&post=1322"}],"version-history":[{"count":4,"href":"https:\/\/ifcreddolac.org\/index.php?rest_route=\/wp\/v2\/pages\/1322\/revisions"}],"predecessor-version":[{"id":1332,"href":"https:\/\/ifcreddolac.org\/index.php?rest_route=\/wp\/v2\/pages\/1322\/revisions\/1332"}],"wp:featuredmedia":[{"embeddable":true,"href":"https:\/\/ifcreddolac.org\/index.php?rest_route=\/wp\/v2\/media\/1328"}],"wp:attachment":[{"href":"https:\/\/ifcreddolac.org\/index.php?rest_route=%2Fwp%2Fv2%2Fmedia&parent=1322"}],"curies":[{"name":"wp","href":"https:\/\/api.w.org\/{rel}","templated":true}]}}