{"id":1405,"date":"2023-03-09T18:13:43","date_gmt":"2023-03-09T23:13:43","guid":{"rendered":"https:\/\/ifcreddolac.org\/?page_id=1405"},"modified":"2024-01-21T18:52:33","modified_gmt":"2024-01-21T23:52:33","slug":"elaboracion-de-articulos-cientificos-de-revision-bibliografica","status":"publish","type":"page","link":"https:\/\/ifcreddolac.org\/?page_id=1405","title":{"rendered":"Elaboraci\u00f3n de art\u00edculos cient\u00edficos de revisi\u00f3n bibliogr\u00e1fica"},"content":{"rendered":"\t\t<div data-elementor-type=\"wp-page\" data-elementor-id=\"1405\" class=\"elementor elementor-1405\">\n\t\t\t\t\t\t<section class=\"has_eae_slider elementor-section elementor-top-section elementor-element elementor-element-5384296b elementor-section-boxed elementor-section-height-default elementor-section-height-default\" data-id=\"5384296b\" data-element_type=\"section\">\n\t\t\t\t\t\t<div class=\"elementor-container elementor-column-gap-default\">\n\t\t\t\t\t<div class=\"has_eae_slider elementor-column elementor-col-100 elementor-top-column elementor-element elementor-element-357d6fc4\" data-id=\"357d6fc4\" data-element_type=\"column\">\n\t\t\t<div class=\"elementor-widget-wrap elementor-element-populated\">\n\t\t\t\t\t\t<div class=\"elementor-element elementor-element-4c22924 elementor-widget elementor-widget-text-editor\" data-id=\"4c22924\" data-element_type=\"widget\" data-widget_type=\"text-editor.default\">\n\t\t\t\t<div class=\"elementor-widget-container\">\n\t\t\t\t\t\t\t<p><!-- wp:paragraph --><\/p>\n<p><!-- \/wp:paragraph --><!-- wp:paragraph {\"align\":\"center\",\"textColor\":\"white\",\"style\":{\"typography\":{\"fontSize\":25},\"color\":{\"background\":\"#417ea1\"}}} --><\/p>\n<h3 style=\"background-color: #417ea1; font-size: 25px;\"><strong>\u00a0 \u00a0 \u00a0 \u00a0 \u00a0 \u00a0 \u00a0 \u00a0 \u00a0 \u00a0 \u00a0 \u00a0 \u00a0 \u00a0 \u00a0 \u00a0 \u00a0Inicia: 05 de febrero del 2024<\/strong><\/h3>\n<h3>Presentaci\u00f3n<\/h3>\n<p><!-- \/wp:heading --><!-- wp:paragraph --><\/p>\n<p>El curso est\u00e1 dirigido a profesionales y docentes de Ciencias Sociales y Humanidades interesados en iniciarse el \u00e1mbito de las publicaciones cient\u00edficas en revistas arbitradas en indexadas en la base de datos Scopus. El prop\u00f3sito del curso es desarrollar habilidades investigativas para la b\u00fasqueda, selecci\u00f3n, an\u00e1lisis de informaci\u00f3n cient\u00edfica, as\u00ed como para la redacci\u00f3n de art\u00edculos cient\u00edficos de tipo bibliogr\u00e1fico considerando los indicadores bibliom\u00e9tricos y las normativas vigentes de publicaci\u00f3n de art\u00edculos cient\u00edficos en revistas cient\u00edficas internacionales arbitradas en indexadas en la base de datos Scopus.<\/p>\n<p><!-- \/wp:paragraph --><!-- wp:paragraph --><\/p>\n<p>El participante del curso debe contar una propuesta tem\u00e1tica de investigaci\u00f3n que haya sido abordado previamente (trabajo o proyecto de investigaci\u00f3n, revisi\u00f3n de tema, monograf\u00eda, entre otros) y a partir de este producto se proceder\u00e1 a desarrollar la elaboraci\u00f3n del art\u00edculo de revisi\u00f3n bibliogr\u00e1fica que contar\u00e1 con la asesor\u00eda y tutor\u00eda respectiva para lograr una versi\u00f3n publicable que cumpla con los est\u00e1ndares de calidad exigidos en las publicaciones cient\u00edficas.<\/p>\n<p><!-- \/wp:paragraph --><!-- wp:paragraph --><\/p>\n<p>El curso comprende dos unidades te\u00f3ricas y dos pr\u00e1cticas.<\/p>\n<p><!-- \/wp:paragraph --><!-- wp:heading {\"level\":3} --><\/p>\n<h3>Informaci\u00f3n b\u00e1sica<\/h3>\n<p><!-- \/wp:heading --><!-- wp:list --><\/p>\n<ul>\n<li>Modalidad: Virtual<\/li>\n<li>Duraci\u00f3n: 04 semanas<\/li>\n<li>Certificaci\u00f3n por\u00a0<strong>50 horas acad\u00e9micas avalado por el IFC-<a href=\"https:\/\/reddolac.org\/\">RedDOLAC<\/a><\/strong><\/li>\n<li>Requerimientos: Nociones b\u00e1sicas de Internet<\/li>\n<li>El curso es \u00edntegramente desarrollado en el Campus virtual de\u00a0<a href=\"http:\/\/campus.ifcreddolac.org\/\">RedDOLAC<\/a> con tutor\u00edas as\u00edncronas y s\u00edncronas.<\/li>\n<\/ul>\n<p><!-- \/wp:list --><!-- wp:heading {\"level\":3} --><\/p>\n<h3>Requisitos<\/h3>\n<p><!-- \/wp:heading --><!-- wp:list --><\/p>\n<ul>\n<li>Para iniciar el curso es importante que tengas seleccionado un tema de investigaci\u00f3n de tu inter\u00e9s.<\/li>\n<li>Se requiere contar con habilidades de b\u00fasqueda de informaci\u00f3n cient\u00edfica en diferentes bases de datos.<\/li>\n<li>El empleo de un gestor bibliogr\u00e1fico como Mendeley o Zotero facilitar\u00e1 las actividades de citaci\u00f3n y elaboraci\u00f3n de referencias en el art\u00edculo de revisi\u00f3n bibliogr\u00e1fica que aprender\u00e1s a redactar en este curso.<\/li>\n<li>Se recomienda tener una propuesta de art\u00edculo en cualquier nivel de avance.<\/li>\n<li>Organizar su tiempo para cumplir con las actividades sincr\u00f3nicas y asincr\u00f3nicas del curso.<\/li>\n<\/ul>\n<h3>Tutor virtual<\/h3>\n<p><!-- \/wp:heading --><!-- wp:image {\"id\":1406,\"sizeSlug\":\"large\",\"linkDestination\":\"none\"} --><\/p>\n<figure><img fetchpriority=\"high\" decoding=\"async\" src=\"https:\/\/ifcreddolac.org\/wp-content\/uploads\/2023\/04\/Tutor-1.png\" alt=\"\" width=\"248\" height=\"215\" \/><\/figure>\n<p><!-- \/wp:image --><!-- wp:paragraph {\"align\":\"left\"} --><\/p>\n<p><strong>Mg. <b>Ing.Mg<\/b><b>. Guillermo <\/b><b>Mi\u00f1an<\/b><b> Olivos<\/b><\/strong><\/p>\n<p><!-- \/wp:paragraph --><!-- wp:paragraph --><\/p>\n<p><strong>Investigador RENACYT\u00a0 (Per\u00fa)<\/strong><\/p>\n<p><!-- \/wp:paragraph --><!-- wp:paragraph --><\/p>\n<p><i>Ingeniero industrial y Magister en Gesti\u00f3n p\u00fablica. Docente universitario con experiencia en gesti\u00f3n de laboratorios de ense\u00f1anza y en proyectos de I+D+i con fondos gubernamentales. <\/i><b><i>Investigador CONCYTEC. Docente RENACYT.<\/i><\/b><\/p>\n<p><!-- \/wp:paragraph --><!-- wp:heading {\"level\":3} --><\/p>\n<h3>Sinopsis del contenido<\/h3>\n<p><!-- \/wp:heading --><!-- wp:paragraph --><\/p>\n<p><strong>Semana 1: (M\u00f3dulo 1). Introducci\u00f3n a las publicaciones cient\u00edficas.<\/strong><\/p>\n<p><!-- \/wp:paragraph --><!-- wp:list --><\/p>\n<ul>\n<li>Bases de datos cient\u00edficas<\/li>\n<li>Bases de datos de acceso abierto y por suscripci\u00f3n<\/li>\n<li>Scopus<\/li>\n<li>Las revistas cient\u00edficas<\/li>\n<li>Tipos de revista. Tipos de Indexaci\u00f3n<br \/>Criterios de indexaci\u00f3n usuales en pa\u00edses de Am\u00e9rica Latina<\/li>\n<li>Criterios de selecci\u00f3n de la revista para su publicaci\u00f3n<\/li>\n<li>Indicadores seg\u00fan est\u00e1ndares internacionales y nacionales<\/li>\n<li>Las normas de escritura APA, Vancouver, Chicago y otras.<\/li>\n<li>Las publicaciones cient\u00edficas.<\/li>\n<li>Tipos de publicaciones cient\u00edficas: investigaciones aplicadas\/revisiones te\u00f3ricas<br \/>\/revisiones metodol\u00f3gicas (estado del arte) \/ ensayos y rese\u00f1as<\/li>\n<li>Qu\u00e9 es un art\u00edculo cient\u00edfico.<\/li>\n<\/ul>\n<p><!-- \/wp:list --><!-- wp:paragraph --><\/p>\n<p><strong>Semana 2: (M\u00f3dulo 2). <strong>La elaboraci\u00f3n del art\u00edculo de revisi\u00f3n bibliogr\u00e1fica: Estructurando la introducci\u00f3n del art\u00edculo cient\u00edfico.<\/strong><\/strong><\/p>\n<p><!-- \/wp:paragraph --><!-- wp:list --><\/p>\n<ul>\n<li>El art\u00edculo de revisi\u00f3n bibliogr\u00e1fica.<\/li>\n<li>Los indicadores bibliom\u00e9tricos.<\/li>\n<li>La organizaci\u00f3n IMRYD para la estructuraci\u00f3n de los art\u00edculos.<\/li>\n<li>La organizaci\u00f3n IMRAD para la estructuraci\u00f3n de los art\u00edculos.<\/li>\n<li>La escritura de la introducci\u00f3n y formulaci\u00f3n del objetivo de la revisi\u00f3n bibliogr\u00e1fica.<\/li>\n<li>La contextualizaci\u00f3n del tema.<\/li>\n<li>Las referencias te\u00f3ricas y emp\u00edricas.<\/li>\n<\/ul>\n<p><!-- \/wp:list --><!-- wp:paragraph --><\/p>\n<p><strong>Semana 3 (M\u00f3dulo 3). <strong>Estructurando la articulaci\u00f3n entre la introducci\u00f3n, el m\u00e9todo y los resultados<\/strong><\/strong><\/p>\n<p><!-- \/wp:paragraph --><!-- wp:list --><\/p>\n<ul>\n<li>Especificaci\u00f3n del m\u00e9todo de revisi\u00f3n bibliogr\u00e1fica<\/li>\n<li>Formato de presentaci\u00f3n de los resultados de la revisi\u00f3n bibliogr\u00e1fica seg\u00fan indicadores bibliom\u00e9tricos<\/li>\n<\/ul>\n<p><!-- \/wp:list --><!-- wp:paragraph --><\/p>\n<p><strong>Semana 4 (M\u00f3dulo 4). <strong>Desarrollando la discusi\u00f3n y conclusiones<\/strong><\/strong><\/p>\n<p><!-- \/wp:paragraph --><!-- wp:list --><\/p>\n<ul>\n<li>Como presentar la discusi\u00f3n de resultados y elaborar conclusiones del art\u00edculo de revisi\u00f3n bibliogr\u00e1fica.<\/li>\n<li>Las referencias.<\/li>\n<li>Elaboraci\u00f3n del resumen.<\/li>\n<li>Claves para la elecci\u00f3n del t\u00edtulo.<\/li>\n<li>Qu\u00e9 esperar del proceso de arbitraje. Revisi\u00f3n por pares externos \/ doble ciego.<\/li>\n<\/ul>\n<p><!-- \/wp:list --><!-- wp:heading {\"level\":3} --><\/p>\n<h3>Metodolog\u00eda<\/h3>\n<p><!-- \/wp:heading --><!-- wp:paragraph --><\/p>\n<p>El curso est\u00e1 dise\u00f1ado para adecuarse a la disponibilidad de tiempo de los participantes. Se desarrolla dentro de un campus virtual con acceso las 24 horas del d\u00eda. La metodolog\u00eda consiste en actividades as\u00edncronas (campus virtual) y s\u00edncronas (videoconferencias). El docente tutor lo acompa\u00f1a en forma permanente dentro del campus virtual como en las sesiones de videoconferencias. El curso se inicia con una presentaci\u00f3n online del docente en las que presenta el curso y orienta su desarrollo. Luego tendr\u00e1 cuatro sesiones de tutor\u00eda en l\u00ednea generalmente los fines de semana. El horario es acordado entre los participantes y el docente tutor. Si por alguna raz\u00f3n no pudiera participar en una de las sesiones de tutor\u00eda online, las grabaciones de las mismas quedar\u00e1n en el aula virtual del curso.<\/p>\n<p><!-- \/wp:paragraph --><!-- wp:heading {\"level\":3} --><\/p>\n<h3>Evaluaci\u00f3n<\/h3>\n<p><!-- \/wp:heading --><!-- wp:paragraph --><\/p>\n<p>La evaluaci\u00f3n se realiza a trav\u00e9s de cuatro avances progresivos de la escritura del borrador del art\u00edculo de revisi\u00f3n bibliogr\u00e1fica, siendo el producto final la integraci\u00f3n de las entregas anteriores, con la expectativa de generar el borrador de un art\u00edculo bien estructurado.<\/p>\n<p><!-- \/wp:paragraph --><!-- wp:paragraph --><\/p>\n<p>Dichas entregas son presentadas en el aula virtual de Reddolac, recibiendo el participante su correspondiente calificaci\u00f3n num\u00e9rica y retroalimentaci\u00f3n cualitativa para continuar con el proceso.<\/p>\n<p><!-- \/wp:paragraph --><!-- wp:paragraph --><\/p>\n<p>El sistema de calificaci\u00f3n es del 1 a 5 puntos en cada entrega, cada una con un 25% de ponderaci\u00f3n sobre la calificaci\u00f3n final.<\/p>\n<p><!-- \/wp:paragraph --><!-- wp:paragraph --><\/p>\n<p>La nota aprobatoria es de 3 puntos, requisito indispensable para obtener el certificado de asistencia.<\/p>\n<p><!-- \/wp:paragraph --><!-- wp:heading {\"level\":3} --><\/p>\n<h3>Proceso de inscripci\u00f3n<\/h3>\n<p><!-- \/wp:heading --><!-- wp:heading {\"level\":4} --><\/p>\n<h4><strong>Costo del curso: $59\u00a0 D\u00f3lares americanos<\/strong> \/ S\/. 236 soles<\/h4>\n<p><!-- \/wp:heading --><!-- wp:paragraph --><\/p>\n<p><strong>Realice el pago del curso<\/strong>\u00a0eligiendo una de las siguientes opciones:<\/p>\n<p><a href=\"https:\/\/forms.gle\/Z5hnG2hXv4ibnqTNA\"><img decoding=\"async\" class=\"alignnone size-medium wp-image-1588\" src=\"https:\/\/ifcreddolac.org\/wp-content\/uploads\/2024\/01\/Barra-300x29.png\" alt=\"\" width=\"300\" height=\"29\" srcset=\"https:\/\/ifcreddolac.org\/wp-content\/uploads\/2024\/01\/Barra-300x29.png 300w, https:\/\/ifcreddolac.org\/wp-content\/uploads\/2024\/01\/Barra-768x75.png 768w, https:\/\/ifcreddolac.org\/wp-content\/uploads\/2024\/01\/Barra.png 951w\" sizes=\"(max-width: 300px) 100vw, 300px\" \/><\/a><\/p>\n<p><!-- \/wp:paragraph --><!-- wp:paragraph --><\/p>\n<p><strong>1\u00b0 Opci\u00f3n:\u00a0<\/strong>Por Paypal al correo\u00a0<a href=\"mailto:reddolac@gmail.com\" target=\"_blank\" rel=\"noreferrer noopener\">reddolac@gmail.com<\/a>\u00a0o usando el v\u00ednculo:\u00a0<a href=\"https:\/\/www.paypal.com\/paypalme\/reddolac\/59\" target=\"_blank\" rel=\"noreferrer noopener\">https:\/\/paypal.me\/reddolac\/59<\/a><\/p>\n<p><strong>2\u00b0 Opci\u00f3n:<\/strong>\u00a0 \u00a0Pago seguro con Tarjeta de Cr\u00e9dito\u00a0 \u00a0<a href=\"https:\/\/pagolink.niubiz.com.pe\/pagoseguro\/REDDOLAC\/905743\" target=\"_blank\" rel=\"noreferrer noopener\">https:\/\/pagolink.niubiz.com.pe\/pagoseguro\/REDDOLAC\/905743<\/a><\/p>\n<p><strong>3\u00b0 Opci\u00f3n:<\/strong>\u00a0(Solo para PER\u00da \u2013 Banco de Cr\u00e9dito del Per\u00fa) .\u00a0\u00a0<\/p>\n<ul>\n<li><strong>YAPE:\u00a0952 283 412<\/strong>\u00a0<\/li>\n<li>Cuenta en soles: BCP \u2013 310-91934502-0-24\u00a0 \u00a0\/\u00a0 \u00a0\u00a0CCI: 002-31019193450202412<\/li>\n<li>Cuenta en soles: BCP \u2013 310-02630806-0-72\u00a0 \/\u00a0 \u00a0\u00a0CCI: 00231010263080607216<\/li>\n<li>Cuenta en d\u00f3lares: BCP \u2013 310-90373308-1-61\u00a0 \/\u00a0 \u00a0CCI: 00231019037330816110<\/li>\n<li>Cuenta en d\u00f3lares: BCP \u2013 310-24030984-1-13\u00a0 \u00a0\/\u00a0\u00a0CCI: 00231012403098411319<\/li>\n<li>Beneficiario: IFC- RedDOLAC<\/li>\n<\/ul>\n<div><b>CONTACTO<\/b><\/div>\n<div><b>. Correo: direccion@reddolac.org<\/b><\/div>\n<div><b>. Whatsaap:\u00a0<\/b><b>+51-942470276<\/b><\/div>\n<div><b>. Portal:\u00a0<a href=\"http:\/\/www.reddolac.org\/\">www.reddolac.org<\/a>\u00a0<\/b><\/div>\n<p><!-- \/wp:paragraph --><!-- wp:paragraph --><!-- \/wp:paragraph --><!-- wp:paragraph --><!-- \/wp:paragraph --><!-- wp:paragraph --><\/p>\n<p><strong>FORMULARIO DE INSCRIPCI\u00d3N<\/strong><\/p>\n<p><!-- \/wp:paragraph --><!-- wp:paragraph --><\/p>\n<p>Luego de realizar el pago, ingrese a nuestro\u00a0<a href=\"https:\/\/forms.gle\/2D49e6GB97sQURkt8\" target=\"_blank\" rel=\"noreferrer noopener\"><strong>\u00a0 formulario de registro en l\u00ednea<\/strong><\/a>\u00a0 \u00a0y siga las instrucciones que all\u00ed se detallan.<\/p>\n<p>\u00a0<\/p>\n<p><!-- \/wp:paragraph --><!-- wp:paragraph {\"fontSize\":\"medium\",\"style\":{\"color\":{\"background\":\"#417ea1\"}}} --><\/p>\n<p style=\"background-color: #417ea1;\"><strong>Solicite mayor informaci\u00f3n al correo:\u00a0 \u00a0 \u00a0direccion@reddolac.org<\/strong><\/p>\n<p><!-- \/wp:paragraph --><!-- wp:wpforms\/form-selector {\"formId\":\"665\"} \/--><\/p>\t\t\t\t\t\t<\/div>\n\t\t\t\t<\/div>\n\t\t\t\t\t<\/div>\n\t\t<\/div>\n\t\t\t\t\t<\/div>\n\t\t<\/section>\n\t\t\t\t<\/div>\n\t\t","protected":false},"excerpt":{"rendered":"<p>\u00a0 \u00a0 \u00a0 \u00a0 \u00a0 \u00a0 \u00a0 \u00a0 \u00a0 \u00a0 \u00a0 \u00a0 \u00a0 \u00a0 \u00a0 \u00a0 \u00a0Inicia: 05 de febrero del 2024 Presentaci\u00f3n El curso est\u00e1 dirigido a profesionales y docentes de Ciencias Sociales y Humanidades interesados en iniciarse el \u00e1mbito de las publicaciones cient\u00edficas en revistas arbitradas en indexadas en la base de datos [&hellip;]<\/p>\n","protected":false},"author":3,"featured_media":1416,"parent":0,"menu_order":0,"comment_status":"closed","ping_status":"closed","template":"","meta":{"_eb_attr":"","_uag_custom_page_level_css":"","ub_ctt_via":"","advgb_blocks_editor_width":"","advgb_blocks_columns_visual_guide":"","_joinchat":{"view":"yes"},"footnotes":""},"featured_image_src":"https:\/\/ifcreddolac.org\/wp-content\/uploads\/2023\/03\/Articulos-de-revision-1-600x392.jpg","featured_image_src_square":"https:\/\/ifcreddolac.org\/wp-content\/uploads\/2023\/03\/Articulos-de-revision-1-600x392.jpg","uagb_featured_image_src":{"full":["https:\/\/ifcreddolac.org\/wp-content\/uploads\/2023\/03\/Articulos-de-revision-1.jpg",785,392,false],"thumbnail":["https:\/\/ifcreddolac.org\/wp-content\/uploads\/2023\/03\/Articulos-de-revision-1-150x150.jpg",150,150,true],"medium":["https:\/\/ifcreddolac.org\/wp-content\/uploads\/2023\/03\/Articulos-de-revision-1-300x150.jpg",300,150,true],"medium_large":["https:\/\/ifcreddolac.org\/wp-content\/uploads\/2023\/03\/Articulos-de-revision-1-768x384.jpg",768,384,true],"large":["https:\/\/ifcreddolac.org\/wp-content\/uploads\/2023\/03\/Articulos-de-revision-1.jpg",785,392,false],"1536x1536":["https:\/\/ifcreddolac.org\/wp-content\/uploads\/2023\/03\/Articulos-de-revision-1.jpg",785,392,false],"2048x2048":["https:\/\/ifcreddolac.org\/wp-content\/uploads\/2023\/03\/Articulos-de-revision-1.jpg",785,392,false],"ab-block-post-grid-landscape":["https:\/\/ifcreddolac.org\/wp-content\/uploads\/2023\/03\/Articulos-de-revision-1-600x392.jpg",600,392,true],"ab-block-post-grid-square":["https:\/\/ifcreddolac.org\/wp-content\/uploads\/2023\/03\/Articulos-de-revision-1-600x392.jpg",600,392,true]},"uagb_author_info":{"display_name":"Henry Chero","author_link":"https:\/\/ifcreddolac.org\/?author=3"},"uagb_comment_info":0,"uagb_excerpt":"\u00a0 \u00a0 \u00a0 \u00a0 \u00a0 \u00a0 \u00a0 \u00a0 \u00a0 \u00a0 \u00a0 \u00a0 \u00a0 \u00a0 \u00a0 \u00a0 \u00a0Inicia: 05 de febrero del 2024 Presentaci\u00f3n El curso est\u00e1 dirigido a profesionales y docentes de Ciencias Sociales y Humanidades interesados en iniciarse el \u00e1mbito de las publicaciones cient\u00edficas en revistas arbitradas en indexadas en la base de datos&hellip;","coauthors":[],"author_meta":{"author_link":"https:\/\/ifcreddolac.org\/?author=3","display_name":"Henry Chero"},"relative_dates":{"created":"Posted 3 a\u00f1os ago","modified":"Updated 2 a\u00f1os ago"},"absolute_dates":{"created":"Posted on 09\/03\/2023","modified":"Updated on 21\/01\/2024"},"absolute_dates_time":{"created":"Posted on 09\/03\/2023 6:13 PM","modified":"Updated on 21\/01\/2024 6:52 PM"},"featured_img_caption":"","featured_img":"https:\/\/ifcreddolac.org\/wp-content\/uploads\/2023\/03\/Articulos-de-revision-1.jpg","series_order":"","_links":{"self":[{"href":"https:\/\/ifcreddolac.org\/index.php?rest_route=\/wp\/v2\/pages\/1405"}],"collection":[{"href":"https:\/\/ifcreddolac.org\/index.php?rest_route=\/wp\/v2\/pages"}],"about":[{"href":"https:\/\/ifcreddolac.org\/index.php?rest_route=\/wp\/v2\/types\/page"}],"author":[{"embeddable":true,"href":"https:\/\/ifcreddolac.org\/index.php?rest_route=\/wp\/v2\/users\/3"}],"replies":[{"embeddable":true,"href":"https:\/\/ifcreddolac.org\/index.php?rest_route=%2Fwp%2Fv2%2Fcomments&post=1405"}],"version-history":[{"count":111,"href":"https:\/\/ifcreddolac.org\/index.php?rest_route=\/wp\/v2\/pages\/1405\/revisions"}],"predecessor-version":[{"id":1613,"href":"https:\/\/ifcreddolac.org\/index.php?rest_route=\/wp\/v2\/pages\/1405\/revisions\/1613"}],"wp:featuredmedia":[{"embeddable":true,"href":"https:\/\/ifcreddolac.org\/index.php?rest_route=\/wp\/v2\/media\/1416"}],"wp:attachment":[{"href":"https:\/\/ifcreddolac.org\/index.php?rest_route=%2Fwp%2Fv2%2Fmedia&parent=1405"}],"curies":[{"name":"wp","href":"https:\/\/api.w.org\/{rel}","templated":true}]}}