{"id":1711,"date":"2024-09-12T01:38:58","date_gmt":"2024-09-12T06:38:58","guid":{"rendered":"https:\/\/ifcreddolac.org\/?page_id=1711"},"modified":"2024-10-20T17:33:37","modified_gmt":"2024-10-20T22:33:37","slug":"investigacion-cualitativa-nivel-01","status":"publish","type":"page","link":"https:\/\/ifcreddolac.org\/?page_id=1711","title":{"rendered":"Metodolog\u00eda de la Investigaci\u00f3n Cualitativa  &#8211; Nivel 01"},"content":{"rendered":"<div class=\"wp-block-image\">\n<figure class=\"aligncenter size-full is-resized\"><img fetchpriority=\"high\" decoding=\"async\" width=\"500\" height=\"500\" src=\"https:\/\/ifcreddolac.org\/wp-content\/uploads\/2019\/12\/Logo-final.png\" alt=\"\" class=\"wp-image-742\" style=\"width:208px;height:auto\" srcset=\"https:\/\/ifcreddolac.org\/wp-content\/uploads\/2019\/12\/Logo-final.png 500w, https:\/\/ifcreddolac.org\/wp-content\/uploads\/2019\/12\/Logo-final-300x300.png 300w, https:\/\/ifcreddolac.org\/wp-content\/uploads\/2019\/12\/Logo-final-150x150.png 150w\" sizes=\"(max-width: 500px) 100vw, 500px\" \/><\/figure><\/div>\n\n\n<p class=\"has-text-align-center\"><a href=\"http:\/\/www.reddolac.org\" data-type=\"link\" data-id=\"www.reddolac.org\">www.reddolac.org<\/a><\/p>\n\n\n\n<p class=\"has-text-align-center has-black-color has-blush-light-purple-gradient-background has-text-color has-background\" style=\"font-size:25px\"><strong>Inicia: 11 de Noviembre<\/strong><\/p>\n\n\n\n<h4 class=\"wp-block-heading has-black-color has-pale-ocean-gradient-background has-text-color has-background has-link-color grey-message wp-elements-70adf7df11a6bbc1b2e759d945df2caf\" id=\"0-presentaci%C3%B3n-\"><strong>Presentaci\u00f3n:<\/strong><\/h4>\n\n\n\n<p>Con los nuevos avances en la investigaci\u00f3n cient\u00edfica, la metodolog\u00eda de investigaci\u00f3n cualitativa va ganando cada vez m\u00e1s espacio como una alternativa a los enfoques cuantitativos. En el \u00e1rea de las ciencias sociales, humanas y del comportamiento, es fundamental conocer las utilidades de los enfoques cualitativos para aproximarse a realidades que son dif\u00edcilmente medibles.<\/p>\n\n\n\n<p>El curso est\u00e1 dirigido a educadores y profesionales de las ciencias sociales interesados en conocer los fundamentos b\u00e1sicos de la investigaci\u00f3n cualitativa, respondiendo preguntas sobre el Por qu\u00e9, el Para qu\u00e9 y el C\u00f3mo investigar realidades no medibles.<\/p>\n\n\n\n<p>El curso toma en cuenta el prop\u00f3sito e importancia de este enfoque desde un breve recorrido a trav\u00e9s de sus fundamentos epistemol\u00f3gicos y te\u00f3ricos, su relevancia en la investigaci\u00f3n y los m\u00e9todos empleados en la pr\u00e1ctica social y educativa.<\/p>\n\n\n\n<p>Se trata de un nivel introductorio que prepara a un siguiente m\u00f3dulo focalizado a la aplicaci\u00f3n de los m\u00e9todos e instrumentos, as\u00ed como las pautas para el an\u00e1lisis de los datos.<\/p>\n\n\n\n<p><\/p>\n\n\n\n<h4 class=\"wp-block-heading has-black-color has-pale-ocean-gradient-background has-text-color has-background has-link-color grey-message wp-elements-5b99adf70afb651364ff8918f944167e\" id=\"1-informaci%C3%B3n-b%C3%A1sica-\"><strong>Informaci\u00f3n b\u00e1sica<\/strong><\/h4>\n\n\n\n<ul>\n<li>Modalidad: Virtual<\/li>\n\n\n\n<li>Duraci\u00f3n: 4 semanas continuas<\/li>\n\n\n\n<li>Certificaci\u00f3n por 50 horas acad\u00e9micas<\/li>\n\n\n\n<li>El curso es \u00edntegramente desarrollado en el <a href=\"https:\/\/campus.ifcreddolac.org\/\">Campus virtual de RedDOLAC<\/a><\/li>\n\n\n\n<li>Se desarrollan actividades s\u00edncronas (sala de videoconferencias) y sesiones as\u00edncronas (aula virtual)<\/li>\n\n\n\n<li>Se proponen actividades pr\u00e1cticas durante todo el desarrollo del curso.<\/li>\n<\/ul>\n\n\n\n<h4 class=\"wp-block-heading has-black-color has-pale-ocean-gradient-background has-text-color has-background has-link-color grey-message wp-elements-1167bd5370c9961a72ab5dff086c8ae2\" id=\"2-requisitos-\"><strong>Requisitos<\/strong><\/h4>\n\n\n\n<ul>\n<li>Contar con buena conexi\u00f3n a Internet<\/li>\n\n\n\n<li>Conocimientos elementales en el uso de la Web<\/li>\n\n\n\n<li>Disponer de al menos 4 horas semanales para tomar y finalizar el curso con \u00e9xito<\/li>\n\n\n\n<li>Computadora o Laptop<\/li>\n<\/ul>\n\n\n\n<h4 class=\"wp-block-heading has-black-color has-pale-ocean-gradient-background has-text-color has-background has-link-color grey-message wp-elements-e8013addde28d40bf02dca1be6b9e240\" id=\"3-docente-tutor-a\">Docente <strong>Tutor<\/strong>a<\/h4>\n\n\n\n<div class=\"wp-block-uagb-image uagb-block-6c4f90be wp-block-uagb-image--layout-default wp-block-uagb-image--effect-static wp-block-uagb-image--align-none is-style-rounded\"><figure class=\"wp-block-uagb-image__figure\"><img loading=\"lazy\" decoding=\"async\" srcset=\"https:\/\/ifcreddolac.org\/wp-content\/uploads\/2024\/09\/Dra.-Maria-Gisella-modified-1.png ,https:\/\/ifcreddolac.org\/wp-content\/uploads\/2024\/09\/Dra.-Maria-Gisella-modified-1.png 780w, https:\/\/ifcreddolac.org\/wp-content\/uploads\/2024\/09\/Dra.-Maria-Gisella-modified-1.png 360w\" sizes=\"(max-width: 480px) 150px\" src=\"https:\/\/ifcreddolac.org\/wp-content\/uploads\/2024\/09\/Dra.-Maria-Gisella-modified-1.png\" alt=\"\" class=\"uag-image-1713\" width=\"315\" height=\"315\" title=\"Dra.-Maria-Gisella-modified-1\" loading=\"lazy\" role=\"img\"\/><\/figure><\/div>\n\n\n\n<h4 class=\"wp-block-heading\" id=\"4-dr-a-mar%C3%ADa-gisela-escobar\"><strong>Dr<\/strong>a. Mar\u00eda Gisela Escobar<\/h4>\n\n\n\n<p>Profesora de la Universidad Metropolitana, Venezuela. Profesora titular de la Universidad de Los \u00c1ndes en M\u00e9rida, Venezuela. Doctora en Psicolog\u00eda Social por la Universidad Aut\u00f3noma de Barcelona, Magister Scientae en Psicolog\u00eda Social por la Universidad Sim\u00f3n Bolivar y Licenciada en Psicolog\u00eda por la Universidad Central de Venezuela.<\/p>\n\n\n\n<h4 class=\"wp-block-heading has-black-color has-pale-ocean-gradient-background has-text-color has-background has-link-color grey-message wp-elements-d6c98b9912efc2d8103632b74092d439\" id=\"5-a-qui%C3%A9n-va-dirigido-\"><strong>A qui\u00e9n va dirigido<\/strong><\/h4>\n\n\n\n<p>El <strong>Curso de Investigaci\u00f3n Cualitativa Nivel 1<\/strong> est\u00e1 dirigido a docentes universitarios, investigadores, tutores de investigaci\u00f3n, especialistas, estudiantes de pregrado y posgrado, as\u00ed como a profesionales y acad\u00e9micos interesados en adquirir una base s\u00f3lida en los principios y enfoques de la investigaci\u00f3n cualitativa. El curso proporciona herramientas clave para el desarrollo de habilidades en la recolecci\u00f3n, an\u00e1lisis e interpretaci\u00f3n de datos cualitativos en diversos entornos acad\u00e9micos y profesionales. Est\u00e1 orientado a aquellos que buscan fortalecer sus competencias en el dise\u00f1o de investigaciones exploratorias, estudios de casos, entrevistas, observaciones, y an\u00e1lisis de contenido, con un enfoque en la interpretaci\u00f3n rigurosa y fundamentada de los fen\u00f3menos sociales.<\/p>\n\n\n\n<div style=\"height:30px\" aria-hidden=\"true\" class=\"wp-block-spacer\"><\/div>\n\n\n\n<h4 class=\"wp-block-heading has-black-color has-pale-ocean-gradient-background has-text-color has-background has-link-color grey-message wp-elements-7e6e2db122905f325d652cb6b63cddce\" id=\"6-objetivo-general-\"><strong>Objetivo general:<\/strong><\/h4>\n\n\n\n<p>Proporcionar a los docentes universitarios los aspectos epistemol\u00f3gicos, conceptuales y metodol\u00f3gicos que fundamentan la investigaci\u00f3n cualitativa<\/p>\n\n\n\n<h4 class=\"wp-block-heading has-black-color has-pale-ocean-gradient-background has-text-color has-background has-link-color grey-message wp-elements-6a9b292604bf98f9008e239662acab8a\" id=\"7-metodolog%C3%ADa-\"><strong>Metodolog\u00eda:<\/strong><\/h4>\n\n\n\n<p>Dado que el 100% de los participantes en nuestros cursos son docentes universitarios de diversos pa\u00edses, con horarios y responsabilidades laborales heterog\u00e9neos, hemos dise\u00f1ado el curso con una metodolog\u00eda que asegura la flexibilidad necesaria para equilibrar su formaci\u00f3n acad\u00e9mica con sus compromisos profesionales. El curso se implementa mediante una combinaci\u00f3n estrat\u00e9gica de actividades sincr\u00f3nicas, como sesiones de videoconferencia, y actividades asincr\u00f3nicas, gestionadas a trav\u00e9s de un campus virtual disponible las 24 horas del d\u00eda. Esta estructura permite a los participantes avanzar a su propio ritmo, mientras reciben un acompa\u00f1amiento continuo y personalizado de la docente tutora, lo que garantiza una experiencia formativa integral y de alta calidad.<\/p>\n\n\n\n<p>En caso de que alguno de los participantes no pueda asistir a una sesi\u00f3n en vivo debido a sus compromisos laborales, todas las videoconferencias ser\u00e1n grabadas y estar\u00e1n disponibles en el aula virtual, asegurando as\u00ed que nadie pierda contenidos clave. Es esencial mantener una comunicaci\u00f3n constante con la docente tutora para un adecuado seguimiento del progreso acad\u00e9mico. Para facilitar esta interacci\u00f3n, el curso ofrece tres canales de comunicaci\u00f3n: el aula virtual, las sesiones de videoconferencia y un grupo exclusivo de WhatsApp, promoviendo una conexi\u00f3n \u00e1gil y efectiva entre todos los participantes. Esta metodolog\u00eda busca no solo adaptar la formaci\u00f3n a las necesidades individuales, sino tambi\u00e9n crear un espacio colaborativo y motivador que impulse el aprendizaje y la mejora continua.<\/p>\n\n\n\n<div style=\"height:40px\" aria-hidden=\"true\" class=\"wp-block-spacer\"><\/div>\n\n\n\n<h4 class=\"wp-block-heading has-black-color has-pale-ocean-gradient-background has-text-color has-background has-link-color grey-message wp-elements-06fd75baaa5cacff71d01b2a7531604f\" id=\"8-contenido-program%C3%A1tico-\"><strong>Contenido Program\u00e1tico:<\/strong><\/h4>\n\n\n\n<h1 class=\"wp-block-heading alignwide has-black-color has-blush-light-purple-gradient-background has-text-color has-background has-link-color blue-message wp-elements-a7563e59c94518aa369a6a4781539951\" id=\"9-semana-1-elementos-epistemol%C3%B3gicos-que-sustentan-la-investigaci%C3%B3n-cualitativa-\"><em>Semana 1. Elementos epistemol\u00f3gicos que sustentan la investigaci\u00f3n cualitativa<\/em><\/h1>\n\n\n\n<ul>\n<li>Identificar las bases epistemol\u00f3gicas de la investigaci\u00f3n cualitativa. Establecer comparaciones con la investigaci\u00f3n cuantitativa-positivista<\/li>\n\n\n\n<li>Identificar el recorrido hist\u00f3rico cient\u00edfico de la investigaci\u00f3n cualitativa<\/li>\n\n\n\n<li>Fundamentos de la investigaci\u00f3n cualitativa: la relaci\u00f3n sujeto-objeto, la intersubjetividad, la praxis colaborativa, el di\u00e1logo<\/li>\n\n\n\n<li>El desarrollo de una investigaci\u00f3n cualitativa. Planteamiento del problema de investigaci\u00f3n y objetivos.<\/li>\n\n\n\n<li><strong>Actividades pr\u00e1cticas 01<\/strong><\/li>\n<\/ul>\n\n\n\n<p class=\"has-black-color has-blush-light-purple-gradient-background has-text-color has-background has-link-color blue-message wp-elements-a8e14b44c8a7500e86b0ee6671913853\"><em><strong>Semana 2. <\/strong><\/em><strong><em>Los m\u00e9todos cualitativos<\/em><\/strong><\/p>\n\n\n\n<ul>\n<li>Diferencias entre m\u00e9todo, t\u00e9cnicas e instrumentos de recolecci\u00f3n de informaci\u00f3n<\/li>\n\n\n\n<li>Los grandes m\u00e9todos cualitativos: fenomenol\u00f3gico, hermen\u00e9utico narrativo, etnogr\u00e1fico, investigaci\u00f3n acci\u00f3n participativa, investigaci\u00f3n documental, m\u00e9todos biogr\u00e1ficos.<\/li>\n\n\n\n<li>Aplicaciones de los m\u00e9todos a realidades pr\u00e1cticas de investigaci\u00f3n<\/li>\n\n\n\n<li><strong>Actividades pr\u00e1cticas 02<\/strong><\/li>\n<\/ul>\n\n\n\n<p class=\"has-black-color has-blush-light-purple-gradient-background has-text-color has-background has-link-color blue-message wp-elements-f1da00494fe445f753df5f07ce822550\"><strong><em><strong>Semana 3. Los instrumentos cualitativos<\/strong><\/em><\/strong><\/p>\n\n\n\n<ul>\n<li>En qu\u00e9 consisten las t\u00e9cnicas e instrumentos cualitativos<\/li>\n\n\n\n<li>El fundamento sem\u00e1ntico y descriptivo en la recolecci\u00f3n de informaci\u00f3n<\/li>\n\n\n\n<li>La t\u00e9cnica de observaci\u00f3n. Tipos de observaci\u00f3n. Aplicaciones a la investigaci\u00f3n<\/li>\n\n\n\n<li>La entrevista. Tipos de entrevista. Importancia de una adecuada entrevista<\/li>\n\n\n\n<li>\u00bfQu\u00e9 pasa con los cuestionarios, escalas y test en la investigaci\u00f3n cualitativa?<\/li>\n\n\n\n<li><strong>Actividades pr\u00e1cticas 03<\/strong><\/li>\n<\/ul>\n\n\n\n<p class=\"has-black-color has-blush-light-purple-gradient-background has-text-color has-background has-link-color blue-message wp-elements-9a07a27f169da801bf5d86668b6c0391\"><em><strong>Semana 4. An\u00e1lisis de la informaci\u00f3n<\/strong><\/em><\/p>\n\n\n\n<ul>\n<li>\u00bfEn qu\u00e9 consiste el an\u00e1lisis cualitativo?<\/li>\n\n\n\n<li>Tipos de an\u00e1lisis: an\u00e1lisis de contenido y an\u00e1lisis por categor\u00edas emergentes.<\/li>\n\n\n\n<li>La hermen\u00e9utica y la reflexividad en el an\u00e1lisis de informaci\u00f3n cualitativa<\/li>\n\n\n\n<li><strong>Actividades pr\u00e1cticas 04<\/strong><\/li>\n<\/ul>\n\n\n\n<h4 class=\"wp-block-heading has-black-color has-text-color has-background has-link-color grey-message wp-elements-07ed21d17de108ab0eaff14e45899ce0\" id=\"10-proceso-de-inscripci%C3%B3n-\" style=\"background:linear-gradient(135deg,rgb(255,245,203) 0%,rgb(182,227,212) 58%,rgb(51,167,181) 100%)\"><strong>Proceso de inscripci\u00f3n<\/strong><\/h4>\n\n\n\n<h4 class=\"wp-block-heading\" id=\"11-costo-del-curso-59-d%C3%B3lares-americanos-s-236-soles-\"><strong><strong>Costo del curso: $ 59&nbsp; D\u00f3lares americanos<\/strong>&nbsp;\/ S\/. 236 soles<\/strong><\/h4>\n\n\n\n<p><strong>Realice el pago del curso<\/strong>&nbsp;eligiendo una de las siguientes opciones:<\/p>\n\n\n\n<figure class=\"wp-block-image size-full is-resized\"><img decoding=\"async\" width=\"951\" height=\"93\" src=\"https:\/\/ifcreddolac.org\/wp-content\/uploads\/2024\/01\/Barra.png\" alt=\"\" class=\"wp-image-1588\" style=\"width:418px;height:auto\" srcset=\"https:\/\/ifcreddolac.org\/wp-content\/uploads\/2024\/01\/Barra.png 951w, https:\/\/ifcreddolac.org\/wp-content\/uploads\/2024\/01\/Barra-300x29.png 300w, https:\/\/ifcreddolac.org\/wp-content\/uploads\/2024\/01\/Barra-768x75.png 768w\" sizes=\"(max-width: 951px) 100vw, 951px\" \/><\/figure>\n\n\n\n<p><strong>1\u00b0 Opci\u00f3n:&nbsp;<\/strong>Por Paypal al correo&nbsp;<a href=\"mailto:reddolac@gmail.com\" target=\"_blank\" rel=\"noreferrer noopener\">reddolac@gmail.com<\/a>&nbsp;o usando el v\u00ednculo:&nbsp;<a href=\"https:\/\/www.paypal.com\/paypalme\/reddolac\/59\">https:\/\/www.paypal.com\/paypalme\/reddolac\/59<\/a> <\/p>\n\n\n\n<p><strong>2\u00b0 Opci\u00f3n:<\/strong>&nbsp; &nbsp;Pago seguro con Tarjeta de Cr\u00e9dito&nbsp; &nbsp;<a href=\"https:\/\/pagolink.niubiz.com.pe\/pagoseguro\/REDDOLAC\/905743\" target=\"_blank\" rel=\"noreferrer noopener\">https:\/\/pagolink.niubiz.com.pe\/pagoseguro\/REDDOLAC\/905743<\/a><\/p>\n\n\n\n<p><strong>3\u00b0 Opci\u00f3n:<\/strong>&nbsp;(Solo para PER\u00da \u2013 Banco de Cr\u00e9dito del Per\u00fa) .&nbsp;&nbsp;<\/p>\n\n\n\n<ul>\n<li><strong>&nbsp;(Solo para Per\u00fa)<\/strong><\/li>\n\n\n\n<li><strong>YAPE:&nbsp;952 283 412<\/strong>&nbsp;<\/li>\n\n\n\n<li>Cuenta en soles: BCP \u2013 310-91934502-0-24&nbsp; &nbsp;\/&nbsp; &nbsp;&nbsp;CCI: 002-31019193450202412<\/li>\n\n\n\n<li>Cuenta en soles: BCP \u2013 310-02630806-0-72&nbsp; \/&nbsp; &nbsp;&nbsp;CCI: 00231010263080607216<\/li>\n\n\n\n<li>Cuenta en d\u00f3lares: BCP \u2013 310-90373308-1-61&nbsp; \/&nbsp; &nbsp;CCI: 00231019037330816110<\/li>\n\n\n\n<li>Cuenta en d\u00f3lares: BCP \u2013 310-24030984-1-13&nbsp; &nbsp;\/&nbsp;&nbsp;CCI: 00231012403098411319<br>&nbsp;Beneficiario: IFC- RedDOLAC<\/li>\n<\/ul>\n\n\n\n<div style=\"height:30px\" aria-hidden=\"true\" class=\"wp-block-spacer\"><\/div>\n\n\n\n<h4 class=\"wp-block-heading has-vivid-green-cyan-background-color has-background grey-message\" id=\"12-registro-de-pago-e-inscripci%C3%B3n-\"><strong>Registro de pago e inscripci\u00f3n<\/strong><\/h4>\n\n\n\n<p class=\"has-vivid-cyan-blue-color has-text-color\"><a href=\"https:\/\/forms.gle\/ALb7KLB5NNBoPXrH9\" data-type=\"link\" data-id=\"https:\/\/forms.gle\/ALb7KLB5NNBoPXrH9\" target=\"_blank\" rel=\"noreferrer noopener\"><strong>Registre su pago<\/strong><\/a><\/p>\n\n\n\n<p><strong>Luego de realizar el pago<\/strong>, ingrese a nuestro&nbsp;<a href=\"https:\/\/forms.gle\/ALb7KLB5NNBoPXrH9\" data-type=\"link\" data-id=\"https:\/\/forms.gle\/ALb7KLB5NNBoPXrH9\" target=\"_blank\" rel=\"noreferrer noopener\"><strong>&nbsp; formulario de registro en l\u00ednea<\/strong><\/a>&nbsp; &nbsp;y siga las instrucciones que all\u00ed se detallan. Este paso es obligatorio para formalizar la inscripci\u00f3n en cl curso.<\/p>\n\n\n\n<p class=\"has-black-color has-vivid-green-cyan-background-color has-text-color has-background has-medium-font-size\"><strong>Solicite mayor informaci\u00f3n<\/strong><\/p>\n\n\n<div class=\"wpforms-container wpforms-container-full wpforms-block wpforms-block-978e3853-dca0-40d6-a2f9-feb79f0f8735\" id=\"wpforms-665\"><form id=\"wpforms-form-665\" class=\"wpforms-validate wpforms-form\" data-formid=\"665\" method=\"post\" enctype=\"multipart\/form-data\" action=\"\/index.php?rest_route=%2Fwp%2Fv2%2Fpages%2F1711\" data-token=\"c90fcf11b3ad05ce0cbad1ebca34f5b1\"><noscript class=\"wpforms-error-noscript\">Please enable JavaScript in your browser to complete this form.<\/noscript><div class=\"wpforms-field-container\"><div id=\"wpforms-665-field_0-container\" class=\"wpforms-field wpforms-field-name\" data-field-id=\"0\"><label class=\"wpforms-field-label\" for=\"wpforms-665-field_0\">Nombre y apellido <span class=\"wpforms-required-label\">*<\/span><\/label><input type=\"text\" id=\"wpforms-665-field_0\" class=\"wpforms-field-medium wpforms-field-required\" name=\"wpforms[fields][0]\" required><\/div><div id=\"wpforms-665-field_1-container\" class=\"wpforms-field wpforms-field-email\" data-field-id=\"1\"><label class=\"wpforms-field-label\" for=\"wpforms-665-field_1\">Correo electr\u00f3nico <span class=\"wpforms-required-label\">*<\/span><\/label><input type=\"email\" id=\"wpforms-665-field_1\" class=\"wpforms-field-medium wpforms-field-required\" name=\"wpforms[fields][1]\" spellcheck=\"false\" required><\/div><div id=\"wpforms-665-field_2-container\" class=\"wpforms-field wpforms-field-textarea\" data-field-id=\"2\"><label class=\"wpforms-field-label\" for=\"wpforms-665-field_2\">Mensaje <span class=\"wpforms-required-label\">*<\/span><\/label><textarea id=\"wpforms-665-field_2\" class=\"wpforms-field-medium wpforms-field-required\" name=\"wpforms[fields][2]\" required><\/textarea><\/div><\/div><!-- .wpforms-field-container --><div class=\"wpforms-field wpforms-field-hp\"><label for=\"wpforms-665-field-hp\" class=\"wpforms-field-label\">Phone<\/label><input type=\"text\" name=\"wpforms[hp]\" id=\"wpforms-665-field-hp\" class=\"wpforms-field-medium\"><\/div><div class=\"wpforms-submit-container\" ><input type=\"hidden\" name=\"wpforms[id]\" value=\"665\"><input type=\"hidden\" name=\"wpforms[author]\" value=\"3\"><button type=\"submit\" name=\"wpforms[submit]\" id=\"wpforms-submit-665\" class=\"wpforms-submit\" data-alt-text=\"Enviando...\" data-submit-text=\"Enviar solicitud\" aria-live=\"assertive\" value=\"wpforms-submit\">Enviar solicitud<\/button><\/div><\/form><\/div>  <!-- .wpforms-container -->\n\n\n<div style=\"height:100px\" aria-hidden=\"true\" class=\"wp-block-spacer\"><\/div>\n","protected":false},"excerpt":{"rendered":"<p>www.reddolac.org Inicia: 11 de Noviembre Presentaci\u00f3n: Con los nuevos avances en la investigaci\u00f3n cient\u00edfica, la metodolog\u00eda de investigaci\u00f3n cualitativa va ganando cada vez m\u00e1s espacio como una alternativa a los enfoques cuantitativos. En el \u00e1rea de las ciencias sociales, humanas y del comportamiento, es fundamental conocer las utilidades de los enfoques cualitativos para aproximarse a [&hellip;]<\/p>\n","protected":false},"author":3,"featured_media":1723,"parent":0,"menu_order":0,"comment_status":"closed","ping_status":"closed","template":"","meta":{"_eb_attr":"","_uag_custom_page_level_css":"","ub_ctt_via":"","advgb_blocks_editor_width":"","advgb_blocks_columns_visual_guide":"","_joinchat":[],"footnotes":""},"featured_image_src":"https:\/\/ifcreddolac.org\/wp-content\/uploads\/2024\/09\/Investigacion-Cualitativa-Nivel-01-600x400.jpg","featured_image_src_square":"https:\/\/ifcreddolac.org\/wp-content\/uploads\/2024\/09\/Investigacion-Cualitativa-Nivel-01-600x600.jpg","uagb_featured_image_src":{"full":["https:\/\/ifcreddolac.org\/wp-content\/uploads\/2024\/09\/Investigacion-Cualitativa-Nivel-01.jpg",1151,743,false],"thumbnail":["https:\/\/ifcreddolac.org\/wp-content\/uploads\/2024\/09\/Investigacion-Cualitativa-Nivel-01-150x150.jpg",150,150,true],"medium":["https:\/\/ifcreddolac.org\/wp-content\/uploads\/2024\/09\/Investigacion-Cualitativa-Nivel-01-300x194.jpg",300,194,true],"medium_large":["https:\/\/ifcreddolac.org\/wp-content\/uploads\/2024\/09\/Investigacion-Cualitativa-Nivel-01-768x496.jpg",768,496,true],"large":["https:\/\/ifcreddolac.org\/wp-content\/uploads\/2024\/09\/Investigacion-Cualitativa-Nivel-01-1024x661.jpg",812,524,true],"1536x1536":["https:\/\/ifcreddolac.org\/wp-content\/uploads\/2024\/09\/Investigacion-Cualitativa-Nivel-01.jpg",1151,743,false],"2048x2048":["https:\/\/ifcreddolac.org\/wp-content\/uploads\/2024\/09\/Investigacion-Cualitativa-Nivel-01.jpg",1151,743,false],"ab-block-post-grid-landscape":["https:\/\/ifcreddolac.org\/wp-content\/uploads\/2024\/09\/Investigacion-Cualitativa-Nivel-01-600x400.jpg",600,400,true],"ab-block-post-grid-square":["https:\/\/ifcreddolac.org\/wp-content\/uploads\/2024\/09\/Investigacion-Cualitativa-Nivel-01-600x600.jpg",600,600,true]},"uagb_author_info":{"display_name":"Henry Chero","author_link":"https:\/\/ifcreddolac.org\/?author=3"},"uagb_comment_info":0,"uagb_excerpt":"www.reddolac.org Inicia: 11 de Noviembre Presentaci\u00f3n: Con los nuevos avances en la investigaci\u00f3n cient\u00edfica, la metodolog\u00eda de investigaci\u00f3n cualitativa va ganando cada vez m\u00e1s espacio como una alternativa a los enfoques cuantitativos. En el \u00e1rea de las ciencias sociales, humanas y del comportamiento, es fundamental conocer las utilidades de los enfoques cualitativos para aproximarse a&hellip;","coauthors":[],"author_meta":{"author_link":"https:\/\/ifcreddolac.org\/?author=3","display_name":"Henry Chero"},"relative_dates":{"created":"Posted 2 a\u00f1os ago","modified":"Updated 2 a\u00f1os ago"},"absolute_dates":{"created":"Posted on 12\/09\/2024","modified":"Updated on 20\/10\/2024"},"absolute_dates_time":{"created":"Posted on 12\/09\/2024 1:38 AM","modified":"Updated on 20\/10\/2024 5:33 PM"},"featured_img_caption":"","featured_img":"https:\/\/ifcreddolac.org\/wp-content\/uploads\/2024\/09\/Investigacion-Cualitativa-Nivel-01.jpg","series_order":"","_links":{"self":[{"href":"https:\/\/ifcreddolac.org\/index.php?rest_route=\/wp\/v2\/pages\/1711"}],"collection":[{"href":"https:\/\/ifcreddolac.org\/index.php?rest_route=\/wp\/v2\/pages"}],"about":[{"href":"https:\/\/ifcreddolac.org\/index.php?rest_route=\/wp\/v2\/types\/page"}],"author":[{"embeddable":true,"href":"https:\/\/ifcreddolac.org\/index.php?rest_route=\/wp\/v2\/users\/3"}],"replies":[{"embeddable":true,"href":"https:\/\/ifcreddolac.org\/index.php?rest_route=%2Fwp%2Fv2%2Fcomments&post=1711"}],"version-history":[{"count":22,"href":"https:\/\/ifcreddolac.org\/index.php?rest_route=\/wp\/v2\/pages\/1711\/revisions"}],"predecessor-version":[{"id":1806,"href":"https:\/\/ifcreddolac.org\/index.php?rest_route=\/wp\/v2\/pages\/1711\/revisions\/1806"}],"wp:featuredmedia":[{"embeddable":true,"href":"https:\/\/ifcreddolac.org\/index.php?rest_route=\/wp\/v2\/media\/1723"}],"wp:attachment":[{"href":"https:\/\/ifcreddolac.org\/index.php?rest_route=%2Fwp%2Fv2%2Fmedia&parent=1711"}],"curies":[{"name":"wp","href":"https:\/\/api.w.org\/{rel}","templated":true}]}}