{"id":372,"date":"2014-03-18T11:31:06","date_gmt":"2014-03-18T11:31:06","guid":{"rendered":"http:\/\/demo.themegrill.com\/spacious\/?page_id=31"},"modified":"2019-10-28T23:07:27","modified_gmt":"2019-10-28T23:07:27","slug":"contact-us-2","status":"publish","type":"page","link":"https:\/\/ifcreddolac.org\/?page_id=372","title":{"rendered":"Cont\u00e1ctenos"},"content":{"rendered":"<p>Si requiere de ayuda o informaci\u00f3n sobre nuestra oferta formativa, le invitamos a contactarnos usando el siguiente formulario electr\u00f3nico.<\/p>\n<p>Por favor complete sus datos, muy pronto le daremos respuesta<\/p>\n<div class=\"everest-forms\"><div class=\"evf-container default\" id=\"evf-349\"><form id=\"evf-form-349\" class=\"everest-form\" data-formid=\"349\" data-ajax_submission=\"0\" data-keyboard_friendly_form=\"0\" method=\"post\" enctype=\"multipart\/form-data\" action=\"\/index.php?rest_route=%2Fwp%2Fv2%2Fpages%2F372\"><div class=\"evf-field-container\"><input type=\"hidden\" id=\"_wpnonce349\" name=\"_wpnonce349\" value=\"6f601f81b8\" \/><input type=\"hidden\" name=\"_wp_http_referer\" value=\"\/index.php?rest_route=%2Fwp%2Fv2%2Fpages%2F372\" \/><div class=\"evf-frontend-row\" data-row=\"row_1\" conditional_rules=\"[]\"><div class=\"evf-frontend-grid evf-grid-1\" data-grid=\"grid_1\"><div id=\"evf-349-field_lVizlNhYus-1-container\" class=\"evf-field evf-field-text form-row validate-required\" data-required-field-message=\"This field is required.\" data-field-id=\"lVizlNhYus-1\"><label class=\"evf-field-label\" for=\"evf-349-field_lVizlNhYus-1\"><span class=\"evf-label\">Nombre y apellidos<\/span> <abbr class=\"required\" title=\"Required\">*<\/abbr><\/label><input type=\"text\" id=\"evf-349-field_lVizlNhYus-1\" class=\"input-text\" name=\"everest_forms[form_fields][lVizlNhYus-1]\" required><\/div><div id=\"evf-349-field_XYnMdkQDKM-3-container\" class=\"evf-field evf-field-email form-row validate-required validate-email\" data-required-field-message=\"Please enter a valid email address.\" data-field-id=\"XYnMdkQDKM-3\"><label class=\"evf-field-label\" for=\"evf-349-field_XYnMdkQDKM-3\"><span class=\"evf-label\">correo electr\u00f3nico<\/span> <abbr class=\"required\" title=\"Required\">*<\/abbr><\/label><input type=\"email\" id=\"evf-349-field_XYnMdkQDKM-3\" class=\"input-text\" name=\"everest_forms[form_fields][XYnMdkQDKM-3]\" required ><\/div><div id=\"evf-349-field_xJivsqAS2c-2-container\" class=\"evf-field evf-field-text form-row validate-required\" data-required-field-message=\"This field is required.\" data-field-id=\"xJivsqAS2c-2\"><label class=\"evf-field-label\" for=\"evf-349-field_xJivsqAS2c-2\"><span class=\"evf-label\">Asunto<\/span> <abbr class=\"required\" title=\"Required\">*<\/abbr><\/label><input type=\"text\" id=\"evf-349-field_xJivsqAS2c-2\" class=\"input-text\" name=\"everest_forms[form_fields][xJivsqAS2c-2]\" required><\/div><div id=\"evf-349-field_YalaPcQ0DO-4-container\" class=\"evf-field evf-field-textarea form-row\" data-field-id=\"YalaPcQ0DO-4\"><label class=\"evf-field-label\" for=\"evf-349-field_YalaPcQ0DO-4\"><span class=\"evf-label\">Mensaje<\/span> <\/label><textarea id=\"evf-349-field_YalaPcQ0DO-4\" class=\"input-text\" name=\"everest_forms[form_fields][YalaPcQ0DO-4]\"  ><\/textarea><\/div><\/div><\/div><\/div><div class=\"evf-honeypot-container evf-field-hp\"><label for=\"evf-349-field-hp\" class=\"evf-field-label\">Name<\/label><input type=\"text\" name=\"everest_forms[hp]\" id=\"evf-349-field-hp\" class=\"input-text\"><\/div><div class=\"evf-submit-container \" ><input type=\"hidden\" name=\"everest_forms[id]\" value=\"349\"><input type=\"hidden\" name=\"everest_forms[author]\" value=\"1\"><button type='submit' name='everest_forms[submit]' class='everest-forms-submit-button button evf-submit ' id='evf-submit-349' value='evf-submit' data-process-text=\"Processing\u2026\" conditional_rules='&quot;&quot;' conditional_id='evf-submit-349'  id=\"evf-submit-349\" aria-live=\"assertive\">Enviar mensaje<\/button><\/div><\/form><\/div><!-- .evf-container --><\/div>\n","protected":false},"excerpt":{"rendered":"<p>Si requiere de ayuda o informaci\u00f3n sobre nuestra oferta formativa, le invitamos a contactarnos usando el siguiente formulario electr\u00f3nico. Por favor complete sus datos, muy pronto le daremos respuesta<\/p>\n","protected":false},"author":1,"featured_media":0,"parent":0,"menu_order":0,"comment_status":"open","ping_status":"open","template":"","meta":{"_eb_attr":"","_uag_custom_page_level_css":"","ub_ctt_via":"","advgb_blocks_editor_width":"","advgb_blocks_columns_visual_guide":"","_joinchat":[],"footnotes":""},"featured_image_src":null,"featured_image_src_square":null,"uagb_featured_image_src":{"full":false,"thumbnail":false,"medium":false,"medium_large":false,"large":false,"1536x1536":false,"2048x2048":false,"ab-block-post-grid-landscape":false,"ab-block-post-grid-square":false},"uagb_author_info":{"display_name":"admin","author_link":"https:\/\/ifcreddolac.org\/?author=1"},"uagb_comment_info":18,"uagb_excerpt":"Si requiere de ayuda o informaci\u00f3n sobre nuestra oferta formativa, le invitamos a contactarnos usando el siguiente formulario electr\u00f3nico. Por favor complete sus datos, muy pronto le daremos respuesta","coauthors":[],"author_meta":{"author_link":"https:\/\/ifcreddolac.org\/?author=1","display_name":"admin"},"relative_dates":{"created":"Posted 12 a\u00f1os ago","modified":"Updated 6 a\u00f1os ago"},"absolute_dates":{"created":"Posted on 18\/03\/2014","modified":"Updated on 28\/10\/2019"},"absolute_dates_time":{"created":"Posted on 18\/03\/2014 11:31 AM","modified":"Updated on 28\/10\/2019 11:07 PM"},"featured_img_caption":"","featured_img":false,"series_order":"","_links":{"self":[{"href":"https:\/\/ifcreddolac.org\/index.php?rest_route=\/wp\/v2\/pages\/372"}],"collection":[{"href":"https:\/\/ifcreddolac.org\/index.php?rest_route=\/wp\/v2\/pages"}],"about":[{"href":"https:\/\/ifcreddolac.org\/index.php?rest_route=\/wp\/v2\/types\/page"}],"author":[{"embeddable":true,"href":"https:\/\/ifcreddolac.org\/index.php?rest_route=\/wp\/v2\/users\/1"}],"replies":[{"embeddable":true,"href":"https:\/\/ifcreddolac.org\/index.php?rest_route=%2Fwp%2Fv2%2Fcomments&post=372"}],"version-history":[{"count":1,"href":"https:\/\/ifcreddolac.org\/index.php?rest_route=\/wp\/v2\/pages\/372\/revisions"}],"predecessor-version":[{"id":601,"href":"https:\/\/ifcreddolac.org\/index.php?rest_route=\/wp\/v2\/pages\/372\/revisions\/601"}],"wp:attachment":[{"href":"https:\/\/ifcreddolac.org\/index.php?rest_route=%2Fwp%2Fv2%2Fmedia&parent=372"}],"curies":[{"name":"wp","href":"https:\/\/api.w.org\/{rel}","templated":true}]}}