{"id":524,"date":"2019-06-06T20:00:36","date_gmt":"2019-06-07T01:00:36","guid":{"rendered":"http:\/\/site.reddolac.org\/?page_id=524"},"modified":"2020-02-26T11:44:08","modified_gmt":"2020-02-26T11:44:08","slug":"infografias-para-la-produccion-de-contenidos-didacticos","status":"publish","type":"page","link":"https:\/\/ifcreddolac.org\/?page_id=524","title":{"rendered":"Infograf\u00edas para la producci\u00f3n de Contenidos Did\u00e1cticos"},"content":{"rendered":"\n<p class=\"has-background has-medium-font-size has-pale-cyan-blue-background-color\">Inicia el 20 de Abril 2020 &#8211; Inscripciones abiertas<\/p>\n\n\n\n<h3 class=\"wp-block-heading\"><strong>Datos b\u00e1sicos<\/strong><\/h3>\n\n\n\n<ul><li>Modalidad virtual<\/li><li>Curso en alianza con <a href=\"https:\/\/aulaciete.net\">AULACIETE<\/a><\/li><li>Duraci\u00f3n: 30 horas acad\u00e9micas \/ 3 semanas <\/li><li>Requerimientos: Nociones b\u00e1sicas de Internet<\/li><li>El curso es \u00edntegramente desarrollado en el Campus RedDOLAC <\/li><\/ul>\n\n\n\n<h3 class=\"wp-block-heading\">Tutor virtual<\/h3>\n\n\n\n<figure class=\"wp-block-image size-large is-resized\"><img decoding=\"async\" src=\"https:\/\/ifcreddolac.org\/wp-content\/uploads\/2019\/12\/raymond.jpg\" alt=\"\" class=\"wp-image-725\" width=\"179\" height=\"179\" srcset=\"https:\/\/ifcreddolac.org\/wp-content\/uploads\/2019\/12\/raymond.jpg 640w, https:\/\/ifcreddolac.org\/wp-content\/uploads\/2019\/12\/raymond-300x300.jpg 300w, https:\/\/ifcreddolac.org\/wp-content\/uploads\/2019\/12\/raymond-150x150.jpg 150w\" sizes=\"(max-width: 179px) 100vw, 179px\" \/><\/figure>\n\n\n\n<h4 class=\"wp-block-heading\">Dr. <a href=\"http:\/\/raymond.aulaciete.net\/\">Raymond Marquina<\/a>. <\/h4>\n\n\n\n<p>Director de AULACIETE.  Profesor de las c\u00e1tedras de computaci\u00f3n y nuevas tecnolog\u00edas de las licenciaturas en Comunicaci\u00f3n Social y Medios Audiovisuales de la Universidad de Los Andes en M\u00e9rida, Venezuela.  Ingeniero con formaci\u00f3n de cuarto nivel (Especializaci\u00f3n, Maestr\u00eda y Doctorado) en las \u00e1reas de educaci\u00f3n, tecnolog\u00eda, redes y gerencia. Tutor virtual en diferentes programas de postgrado y educaci\u00f3n continua en universidades y plataformas de e-learning en varios pa\u00edses de Am\u00e9rica Latina. Experto en producci\u00f3n de contenidos educativos multimedia. &nbsp; <\/p>\n\n\n\n<h3 class=\"wp-block-heading\"><strong>Competencias <\/strong><\/h3>\n\n\n\n<p>Se espera que puedas alcanzar diferentes&nbsp;<strong>competencias<\/strong>&nbsp;que te permitan:<\/p>\n\n\n\n<ul><li>Definir el concepto y objetivo de tu infograf\u00eda.<\/li><li>Utilizar una herramienta online que te ayudara a realizar dise\u00f1os infogr\u00e1ficos&nbsp; de una manera sencilla y r\u00e1pida desde tu computador personal.<\/li><li>Crear&nbsp; Infograf\u00edas con diferentes elementos textuales y gr\u00e1ficos en una adecuada diagramaci\u00f3n.<\/li><li>Publicar&nbsp;la infograf\u00eda&nbsp;realizada en cualquier medio en l\u00ednea.&nbsp;<\/li><\/ul>\n\n\n\n<h3 class=\"wp-block-heading\"><strong>Contenidos<\/strong><\/h3>\n\n\n\n<ul><li>La imagen digital: conceptos b\u00e1sicos<\/li><li> \u00bfQu\u00e9 es una infograf\u00eda?.<\/li><li> Ideando una infograf\u00eda<\/li><li> Aspectos b\u00e1sicos a considerar para la creaci\u00f3n de una infograf\u00eda educativa.<\/li><li> Herramientas  para la creaci\u00f3n de infograf\u00edas.<\/li><\/ul>\n\n\n\n<h3 class=\"wp-block-heading\">Proceso de inscripci\u00f3n<\/h3>\n\n\n\n<h4 class=\"wp-block-heading\"><strong>Costo del curso: 45&nbsp; D\u00f3lares americanos<\/strong><\/h4>\n\n\n\n<p><strong>Realice el pago del curso<\/strong>&nbsp;eligiendo una de las siguientes opciones:<\/p>\n\n\n\n<p><strong>1\u00b0 Opci\u00f3n:&nbsp;<\/strong>Por Paypal al correo&nbsp;<a rel=\"noreferrer noopener\" href=\"mailto:reddolac@gmail.com\" target=\"_blank\">reddolac@gmail.com<\/a>&nbsp;o usando el v\u00ednculo:&nbsp;<a href=\"https:\/\/paypal.me\/reddolac\/45\">https:\/\/paypal.me\/reddolac\/45<\/a><\/p>\n\n\n\n<p><strong>2\u00b0 Opci\u00f3n:<\/strong>&nbsp; &nbsp;Pago seguro con Tarjeta de Cr\u00e9dito&nbsp; &nbsp;<a href=\"https:\/\/www.visanetlink.pe\/pagoseguro\/REDDOLAC\/240026\" target=\"_blank\" rel=\"noreferrer noopener\">https:\/\/www.visanetlink.pe\/pagoseguro\/REDDOLAC\/240026<\/a><\/p>\n\n\n\n<p><strong>3\u00b0 Opci\u00f3n:<\/strong>&nbsp;(Solo para PER\u00da \u2013 Banco de Cr\u00e9dito del Per\u00fa) .&nbsp;&nbsp;<\/p>\n\n\n\n<ul><li>Cuenta en soles: BCP \u2013 310-13128789-0-94<\/li><li>Cuenta en d\u00f3lares: BCP \u2013 310-90373308-1-61 \u2013&nbsp; Beneficiario: Instituto de Formaci\u00f3n Continua de RedDOLAC.<\/li><\/ul>\n\n\n\n<p><strong>Importante<\/strong>: Cualquiera sea la opci\u00f3n de la transferencia el emisor debe correr con los gastos de transferencia.<\/p>\n\n\n\n<h3 class=\"wp-block-heading\">Registro de pago e inscripci\u00f3n<\/h3>\n\n\n\n<div class=\"wp-block-button\"><a class=\"wp-block-button__link has-background has-vivid-cyan-blue-background-color\" href=\"https:\/\/docs.google.com\/forms\/d\/e\/1FAIpQLSdiz3KlWvrha0rWPz75dnbvb78MxiBYxjyWTk3jlH0JEoxiQw\/viewform\">Registrar pago<\/a><\/div>\n\n\n\n<p>Luego de realizar el pago, ingrese a nuestro&nbsp;<a href=\"https:\/\/forms.gle\/XwwBuc4CB8tM6gTH8\"><strong>formulario de registro en l\u00ednea<\/strong><\/a>&nbsp;y siga las instrucciones que all\u00ed se detallan.&nbsp;<\/p>\n\n\n\n<div style=\"height:100px\" aria-hidden=\"true\" class=\"wp-block-spacer\"><\/div>\n\n\n\n<p class=\"has-background has-medium-font-size has-pale-cyan-blue-background-color\"><strong>Solicita mayor informaci\u00f3n<\/strong><\/p>\n\n\n<div class=\"wpforms-container wpforms-container-full wpforms-block\" id=\"wpforms-665\"><form id=\"wpforms-form-665\" class=\"wpforms-validate wpforms-form\" data-formid=\"665\" method=\"post\" enctype=\"multipart\/form-data\" action=\"\/index.php?rest_route=%2Fwp%2Fv2%2Fpages%2F524\" data-token=\"035404098539c6da1af100c173b6b32f\"><noscript class=\"wpforms-error-noscript\">Please enable JavaScript in your browser to complete this form.<\/noscript><div class=\"wpforms-field-container\"><div id=\"wpforms-665-field_0-container\" class=\"wpforms-field wpforms-field-name\" data-field-id=\"0\"><label class=\"wpforms-field-label\" for=\"wpforms-665-field_0\">Nombre y apellido <span class=\"wpforms-required-label\">*<\/span><\/label><input type=\"text\" id=\"wpforms-665-field_0\" class=\"wpforms-field-medium wpforms-field-required\" name=\"wpforms[fields][0]\" required><\/div><div id=\"wpforms-665-field_1-container\" class=\"wpforms-field wpforms-field-email\" data-field-id=\"1\"><label class=\"wpforms-field-label\" for=\"wpforms-665-field_1\">Correo electr\u00f3nico <span class=\"wpforms-required-label\">*<\/span><\/label><input type=\"email\" id=\"wpforms-665-field_1\" class=\"wpforms-field-medium wpforms-field-required\" name=\"wpforms[fields][1]\" spellcheck=\"false\" required><\/div><div id=\"wpforms-665-field_2-container\" class=\"wpforms-field wpforms-field-textarea\" data-field-id=\"2\"><label class=\"wpforms-field-label\" for=\"wpforms-665-field_2\">Mensaje <span class=\"wpforms-required-label\">*<\/span><\/label><textarea id=\"wpforms-665-field_2\" class=\"wpforms-field-medium wpforms-field-required\" name=\"wpforms[fields][2]\" required><\/textarea><\/div><\/div><!-- .wpforms-field-container --><div class=\"wpforms-field wpforms-field-hp\"><label for=\"wpforms-665-field-hp\" class=\"wpforms-field-label\">Email<\/label><input type=\"text\" name=\"wpforms[hp]\" id=\"wpforms-665-field-hp\" class=\"wpforms-field-medium\"><\/div><div class=\"wpforms-submit-container\" ><input type=\"hidden\" name=\"wpforms[id]\" value=\"665\"><input type=\"hidden\" name=\"wpforms[author]\" value=\"1\"><button type=\"submit\" name=\"wpforms[submit]\" id=\"wpforms-submit-665\" class=\"wpforms-submit\" data-alt-text=\"Enviando...\" data-submit-text=\"Enviar solicitud\" aria-live=\"assertive\" value=\"wpforms-submit\">Enviar solicitud<\/button><\/div><\/form><\/div>  <!-- .wpforms-container -->","protected":false},"excerpt":{"rendered":"<p>Inicia el 20 de Abril 2020 &#8211; Inscripciones abiertas Datos b\u00e1sicos Modalidad virtual Curso en alianza con AULACIETE Duraci\u00f3n: 30 horas acad\u00e9micas \/ 3 semanas Requerimientos: Nociones b\u00e1sicas de Internet El curso es \u00edntegramente desarrollado en el Campus RedDOLAC Tutor virtual Dr. Raymond Marquina. Director de AULACIETE. Profesor de las c\u00e1tedras de computaci\u00f3n y nuevas [&hellip;]<\/p>\n","protected":false},"author":1,"featured_media":723,"parent":0,"menu_order":0,"comment_status":"closed","ping_status":"closed","template":"","meta":{"_eb_attr":"","_uag_custom_page_level_css":"","ub_ctt_via":"","advgb_blocks_editor_width":"","advgb_blocks_columns_visual_guide":"","_joinchat":[],"footnotes":""},"featured_image_src":"https:\/\/ifcreddolac.org\/wp-content\/uploads\/2019\/12\/pexels-photo-935756.jpeg","featured_image_src_square":"https:\/\/ifcreddolac.org\/wp-content\/uploads\/2019\/12\/pexels-photo-935756.jpeg","uagb_featured_image_src":{"full":["https:\/\/ifcreddolac.org\/wp-content\/uploads\/2019\/12\/pexels-photo-935756.jpeg",1280,853,false],"thumbnail":["https:\/\/ifcreddolac.org\/wp-content\/uploads\/2019\/12\/pexels-photo-935756-150x150.jpeg",150,150,true],"medium":["https:\/\/ifcreddolac.org\/wp-content\/uploads\/2019\/12\/pexels-photo-935756-300x200.jpeg",300,200,true],"medium_large":["https:\/\/ifcreddolac.org\/wp-content\/uploads\/2019\/12\/pexels-photo-935756-768x512.jpeg",768,512,true],"large":["https:\/\/ifcreddolac.org\/wp-content\/uploads\/2019\/12\/pexels-photo-935756-1024x682.jpeg",812,541,true],"1536x1536":["https:\/\/ifcreddolac.org\/wp-content\/uploads\/2019\/12\/pexels-photo-935756.jpeg",1280,853,false],"2048x2048":["https:\/\/ifcreddolac.org\/wp-content\/uploads\/2019\/12\/pexels-photo-935756.jpeg",1280,853,false],"ab-block-post-grid-landscape":["https:\/\/ifcreddolac.org\/wp-content\/uploads\/2019\/12\/pexels-photo-935756.jpeg",600,400,false],"ab-block-post-grid-square":["https:\/\/ifcreddolac.org\/wp-content\/uploads\/2019\/12\/pexels-photo-935756.jpeg",600,400,false]},"uagb_author_info":{"display_name":"admin","author_link":"https:\/\/ifcreddolac.org\/?author=1"},"uagb_comment_info":0,"uagb_excerpt":"Inicia el 20 de Abril 2020 &#8211; Inscripciones abiertas Datos b\u00e1sicos Modalidad virtual Curso en alianza con AULACIETE Duraci\u00f3n: 30 horas acad\u00e9micas \/ 3 semanas Requerimientos: Nociones b\u00e1sicas de Internet El curso es \u00edntegramente desarrollado en el Campus RedDOLAC Tutor virtual Dr. Raymond Marquina. Director de AULACIETE. Profesor de las c\u00e1tedras de computaci\u00f3n y nuevas&hellip;","coauthors":[],"author_meta":{"author_link":"https:\/\/ifcreddolac.org\/?author=1","display_name":"admin"},"relative_dates":{"created":"Posted 7 a\u00f1os ago","modified":"Updated 6 a\u00f1os ago"},"absolute_dates":{"created":"Posted on 06\/06\/2019","modified":"Updated on 26\/02\/2020"},"absolute_dates_time":{"created":"Posted on 06\/06\/2019 8:00 PM","modified":"Updated on 26\/02\/2020 11:44 AM"},"featured_img_caption":"","featured_img":"https:\/\/ifcreddolac.org\/wp-content\/uploads\/2019\/12\/pexels-photo-935756.jpeg","series_order":"","_links":{"self":[{"href":"https:\/\/ifcreddolac.org\/index.php?rest_route=\/wp\/v2\/pages\/524"}],"collection":[{"href":"https:\/\/ifcreddolac.org\/index.php?rest_route=\/wp\/v2\/pages"}],"about":[{"href":"https:\/\/ifcreddolac.org\/index.php?rest_route=\/wp\/v2\/types\/page"}],"author":[{"embeddable":true,"href":"https:\/\/ifcreddolac.org\/index.php?rest_route=\/wp\/v2\/users\/1"}],"replies":[{"embeddable":true,"href":"https:\/\/ifcreddolac.org\/index.php?rest_route=%2Fwp%2Fv2%2Fcomments&post=524"}],"version-history":[{"count":5,"href":"https:\/\/ifcreddolac.org\/index.php?rest_route=\/wp\/v2\/pages\/524\/revisions"}],"predecessor-version":[{"id":829,"href":"https:\/\/ifcreddolac.org\/index.php?rest_route=\/wp\/v2\/pages\/524\/revisions\/829"}],"wp:featuredmedia":[{"embeddable":true,"href":"https:\/\/ifcreddolac.org\/index.php?rest_route=\/wp\/v2\/media\/723"}],"wp:attachment":[{"href":"https:\/\/ifcreddolac.org\/index.php?rest_route=%2Fwp%2Fv2%2Fmedia&parent=524"}],"curies":[{"name":"wp","href":"https:\/\/api.w.org\/{rel}","templated":true}]}}