{"id":6,"date":"2018-09-13T08:22:00","date_gmt":"2018-09-13T08:22:00","guid":{"rendered":"https:\/\/demo.themegrill.com\/zakra-education\/?page_id=6"},"modified":"2024-04-06T01:07:26","modified_gmt":"2024-04-06T06:07:26","slug":"home","status":"publish","type":"page","link":"https:\/\/ifcreddolac.org\/?page_id=6","title":{"rendered":"Home"},"content":{"rendered":"<h2>Espacio virtual de convergencia<\/h2>\n<p><strong>RedDOLAC<\/strong> es un espacio virtual donde convergen educadores de diferentes pa\u00edses y universidades, con el fin de compartir conocimientos de inter\u00e9s acad\u00e9mico.<\/p>\n<p><a href=\"https:\/\/reddolac.org\" role=\"button\"><br \/>\nRed Social<br \/>\n<\/a><br \/>\n<a href=\"http:\/\/campus.ifcreddolac.org\" role=\"button\"><br \/>\nCampus virtual<br \/>\n<\/a><\/p>\n<h2>\u00daltimos Cursos y Webinars disponibles<\/h2>\n<article data-id=\"1128\">\n            <a href=\"https:\/\/ifcreddolac.org\/?page_id=1128\"><\/a><br \/>\n<img decoding=\"async\" src=\"https:\/\/ifcreddolac.org\/wp-content\/uploads\/2021\/01\/Qualitative-Research.png\" alt=\"\"><\/p>\n<header>\n<h2><a href=\"https:\/\/ifcreddolac.org\/?page_id=1128\" title=\"An\u00e1lisis cualitativo con Atlas.ti: Aplicaciones b\u00e1sicas a la investigaci\u00f3n\">An\u00e1lisis cualitativo con Atlas.ti: Aplicaciones b\u00e1sicas a la investigaci\u00f3n<\/a><\/h2>\n<\/header>\n<p>INICIA: 09 de agosto del 2021. Inscripciones Abiertas Presentaci\u00f3n: Los&#8230;<\/p>\n<p><a href=\"https:\/\/ifcreddolac.org\/?page_id=1128\">Participar<\/a><br \/>\n<\/article>\n<article data-id=\"1084\">\n            <a href=\"https:\/\/ifcreddolac.org\/?p=1084\"><\/a><br \/>\n<img decoding=\"async\" src=\"https:\/\/ifcreddolac.org\/wp-content\/uploads\/2020\/10\/spss.jpg\" alt=\"\"><\/p>\n<header>\n<h2><a href=\"https:\/\/ifcreddolac.org\/?p=1084\" title=\"Estad\u00edstica B\u00e1sica con SPSS para Docentes Investigadores\">Estad\u00edstica B\u00e1sica con SPSS para Docentes Investigadores<\/a><\/h2>\n<\/header>\n<p>INICIA: Lunes 28 de junio 2021. Inscripciones Abiertas Presentaci\u00f3n: El&#8230;<\/p>\n<p><a href=\"https:\/\/ifcreddolac.org\/?p=1084\">Participar<\/a><br \/>\n<\/article>\n<article data-id=\"1029\">\n            <a href=\"https:\/\/ifcreddolac.org\/?page_id=1029\"><\/a><br \/>\n<img decoding=\"async\" src=\"https:\/\/ifcreddolac.org\/wp-content\/uploads\/2020\/08\/online_keyboard_news.jpg\" alt=\"\"><\/p>\n<header>\n<h2><a href=\"https:\/\/ifcreddolac.org\/?page_id=1029\" title=\"Elaboraci\u00f3n y presentaci\u00f3n de art\u00edculos cient\u00edficos\">Elaboraci\u00f3n y presentaci\u00f3n de art\u00edculos cient\u00edficos<\/a><\/h2>\n<\/header>\n<p>Inicia el 23 de Agosto del 2021 Presentaci\u00f3n El curso&#8230;<\/p>\n<p><a href=\"https:\/\/ifcreddolac.org\/?page_id=1029\">Participar<\/a><br \/>\n<\/article>\n<article data-id=\"784\">\n            <a href=\"https:\/\/ifcreddolac.org\/?page_id=784\"><\/a><br \/>\n<img decoding=\"async\" src=\"https:\/\/ifcreddolac.org\/wp-content\/uploads\/2020\/01\/10.jpg\" alt=\"\"><\/p>\n<header>\n<h2><a href=\"https:\/\/ifcreddolac.org\/?page_id=784\" title=\"Metodolog\u00eda de Investigaci\u00f3n Cualitativa para Educaci\u00f3n y Ciencias Sociales. Nivel 2\">Metodolog\u00eda de Investigaci\u00f3n Cualitativa para Educaci\u00f3n y Ciencias Sociales. Nivel 2<\/a><\/h2>\n<\/header>\n<p>Inicia el Lunes 29 de noviembre 2021 Presentaci\u00f3n El curso&#8230;<\/p>\n<p><a href=\"https:\/\/ifcreddolac.org\/?page_id=784\">Participar<\/a><br \/>\n<\/article>\n<article data-id=\"648\">\n            <a href=\"https:\/\/ifcreddolac.org\/?page_id=648\"><\/a><br \/>\n<img decoding=\"async\" src=\"https:\/\/ifcreddolac.org\/wp-content\/uploads\/2020\/07\/adult-books-business-coffee-374016.jpg\" alt=\"\"><\/p>\n<header>\n<h2><a href=\"https:\/\/ifcreddolac.org\/?page_id=648\" title=\"Metodolog\u00eda de Investigaci\u00f3n Cualitativa para Educaci\u00f3n y Ciencias Sociales. Nivel 1\">Metodolog\u00eda de Investigaci\u00f3n Cualitativa para Educaci\u00f3n y Ciencias Sociales. Nivel 1<\/a><\/h2>\n<\/header>\n<p>Inicia: Lunes 11 de Octubre 2021 Presentaci\u00f3n En este curso&#8230;<\/p>\n<p><a href=\"https:\/\/ifcreddolac.org\/?page_id=648\">Participar<\/a><br \/>\n<\/article>\n<h2>Formaci\u00f3n continua<\/h2>\n<p>El Instituto de Formaci\u00f3n Continua de RedDOLAC te ofrece en su plataforma de gesti\u00f3n del aprendizaje, una amplia oferta de cursos cortos y largos, de acceso abierto y de matr\u00edcula por pago, en diferentes \u00e1reas del conocimiento, tutoreados por reconocidos profesores e investigadores de diversas instituciones de Am\u00e9rica Latina y el Caribe.<\/p>\n<p><a href=\"http:\/\/campus.ifcreddoac.org\" role=\"button\"><br \/>\nVER MAS<br \/>\n<\/a><br \/>\n<img loading=\"lazy\" decoding=\"async\" width=\"398\" height=\"400\" src=\"https:\/\/ifcreddolac.org\/wp-content\/uploads\/2019\/10\/cuadro.png\" alt=\"\" loading=\"lazy\" srcset=\"https:\/\/ifcreddolac.org\/wp-content\/uploads\/2019\/10\/cuadro.png 398w, https:\/\/ifcreddolac.org\/wp-content\/uploads\/2019\/10\/cuadro-150x150.png 150w\" sizes=\"(max-width: 398px) 100vw, 398px\"><\/p>\n<h3>\n\t\t\t\t\tDocentes expertos<\/h3>\n<p>Todos nuestros cursos son tutoreados por docentes con amplia experiencia y formaci\u00f3n en el \u00e1rea del conocimiento del programa.<\/p>\n<h3>\n\t\t\t\t\tCursos en l\u00ednea<\/h3>\n<p>Todos nuestros programas se desarrollan completamente en l\u00ednea mediante el uso de una plataforma de gesti\u00f3n del aprendizaje.<\/p>\n<h3>\n\t\t\t\t\tAprendizaje Ubicuo<\/h3>\n<p>Aprende donde quieras, en cualquier momento. Sin la necesidad de cumplir estrictos horarios de asistencia.<\/p>\n<h2>Algunos de nuestros cursos<\/h2>\n<p>El Instituto de Formaci\u00f3n Continua de RedDOLAC te ofrece una oferta permanente de cursos en diferentes \u00e1reas del conocimiento vinculadas a la docencia.<\/p>\n<figure><a href=\"https:\/\/ifcreddolac.org\/?page_id=648\"><img decoding=\"async\" src=\"https:\/\/ifcreddolac.org\/wp-content\/uploads\/elementor\/thumbs\/960x0-ogaja6q97v0es8kwdbv8pi5xuqp0z9edp61j6hw08u.jpg\" title=\"960\u00d70\" alt=\"960x0\"><\/a><\/figure>\n<h3><a href=\"https:\/\/ifcreddolac.org\/?page_id=648\">Investigaci\u00f3n<\/a><\/h3>\n<p>Metodolog\u00eda cualitativa para Educaci\u00f3n y Ciencias Sociales<\/p>\n<figure><a href=\"http:\/\/ifcreddolac.org\/?page_id=849\"><img decoding=\"async\" src=\"https:\/\/ifcreddolac.org\/wp-content\/uploads\/elementor\/thumbs\/compu-ofwlvatprmpiumhzv8ga32zd937rn5mrlkqssc48xq.jpg\" title=\"compu\" alt=\"compu\"><\/a><\/figure>\n<h3><a href=\"http:\/\/ifcreddolac.org\/?page_id=849\">Redacci\u00f3n Acad\u00e9mica<\/a><\/h3>\n<p>Curso pr\u00e1ctico totalmente online de redacci\u00f3n acad\u00e9mica<\/p>\n<figure><a href=\"https:\/\/ifcreddolac.org\/?page_id=682\"><img decoding=\"async\" src=\"https:\/\/ifcreddolac.org\/wp-content\/uploads\/elementor\/thumbs\/What_Are_the_Basics_of_Podcasting-oh1wc6nyettae81s7h1ncajjdp0pjy2o9rghrs13y6.jpg\" title=\"What_Are_the_Basics_of_Podcasting\" alt=\"What_Are_the_Basics_of_Podcasting\"><\/a><\/figure>\n<h3><a href=\"https:\/\/ifcreddolac.org\/?page_id=682\">Recursos Did\u00e1cticos<\/a><\/h3>\n<p>Producci\u00f3n de contenidos en formato de audio para actividades did\u00e1cticas<\/p>\n<figure><a href=\"http:\/\/ifcreddolac.org\/?page_id=556\"><img decoding=\"async\" src=\"https:\/\/ifcreddolac.org\/wp-content\/uploads\/elementor\/thumbs\/11-small-localization-Small-ofwlo2gf6it3in073lwmeeoopcv3ezx49s1auouata.jpg\" title=\"11-small-localization-Small\" alt=\"global technology\"><\/a><\/figure>\n<h3><a href=\"http:\/\/ifcreddolac.org\/?page_id=556\">Objetos de Aprendizaje<\/a><\/h3>\n<p>Dise\u00f1o y creaci\u00f3n de actividades de aprendizaje interactivas<\/p>\n<figure><a href=\"https:\/\/ifcreddolac.org\/?page_id=713\"><img decoding=\"async\" src=\"https:\/\/ifcreddolac.org\/wp-content\/uploads\/elementor\/thumbs\/e-learning-ofwlwkvt2igknin3eaczz9cycywr4bpm3wplaw7ygu.jpg\" title=\"e-learning\" alt=\"e-learning\"><\/a><\/figure>\n<h3><a href=\"https:\/\/ifcreddolac.org\/?page_id=713\">Dise\u00f1o Instruccional<\/a><\/h3>\n<p>Dise\u00f1o Instruccional. Modelos y orientaciones<\/p>\n<figure><a href=\"https:\/\/ifcreddolac.org\/?page_id=524\"><img decoding=\"async\" src=\"https:\/\/ifcreddolac.org\/wp-content\/uploads\/elementor\/thumbs\/Infografias-ofwlc6ruswjms29fgz1ddwlyf1f34pr8yz7dhsgfge.jpg\" title=\"Infografias\" alt=\"Infografias\"><\/a><\/figure>\n<h3><a href=\"https:\/\/ifcreddolac.org\/?page_id=524\">Herramientas<\/a><\/h3>\n<p>Infograf\u00edas para la producci\u00f3n de contenidos did\u00e1cticos<\/p>\n<p><a href=\"https:\/\/ifcreddolac.org\/?page_id=734\" role=\"button\"><br \/>\nProgramaci\u00f3n de cursos<br \/>\n<\/a><br \/>\n0<br \/>\n+<br \/>\nEgresados<br \/>\n0<br \/>\nCursos disponibles<br \/>\n0<br \/>\n+<br \/>\nDocentes<br \/>\n0<br \/>\n+<br \/>\nProyectos<\/p>\n<h2>Nuestro blog<\/h2>\n<p style=\"text-align: center;\">Art\u00edculos, novedades, noticias, eventos<\/p>\n<p>La formaci\u00f3n continua se utiliza para mejorar la capacidad de adaptaci\u00f3n, la competitividad, actualizar los conocimientos y facilitar el acceso al mercado laboral<\/p>\n","protected":false},"excerpt":{"rendered":"<p>Espacio virtual de convergencia RedDOLAC es un espacio virtual donde convergen educadores de diferentes pa\u00edses y universidades, con el fin de compartir conocimientos de inter\u00e9s acad\u00e9mico. Red Social Campus virtual \u00daltimos Cursos y Webinars disponibles An\u00e1lisis cualitativo con Atlas.ti: Aplicaciones b\u00e1sicas a la investigaci\u00f3n INICIA: 09 de agosto del 2021. Inscripciones Abiertas Presentaci\u00f3n: Los&#8230; Participar [&hellip;]<\/p>\n","protected":false},"author":1,"featured_media":0,"parent":0,"menu_order":0,"comment_status":"closed","ping_status":"closed","template":"elementor_header_footer","meta":{"_eb_attr":"","_uag_custom_page_level_css":"","ub_ctt_via":"","advgb_blocks_editor_width":"","advgb_blocks_columns_visual_guide":"","_joinchat":[],"footnotes":""},"featured_image_src":null,"featured_image_src_square":null,"uagb_featured_image_src":{"full":false,"thumbnail":false,"medium":false,"medium_large":false,"large":false,"1536x1536":false,"2048x2048":false,"ab-block-post-grid-landscape":false,"ab-block-post-grid-square":false},"uagb_author_info":{"display_name":"admin","author_link":"https:\/\/ifcreddolac.org\/?author=1"},"uagb_comment_info":0,"uagb_excerpt":"Espacio virtual de convergencia RedDOLAC es un espacio virtual donde convergen educadores de diferentes pa\u00edses y universidades, con el fin de compartir conocimientos de inter\u00e9s acad\u00e9mico. Red Social Campus virtual \u00daltimos Cursos y Webinars disponibles An\u00e1lisis cualitativo con Atlas.ti: Aplicaciones b\u00e1sicas a la investigaci\u00f3n INICIA: 09 de agosto del 2021. Inscripciones Abiertas Presentaci\u00f3n: Los&#8230; Participar&hellip;","coauthors":[],"author_meta":{"author_link":"https:\/\/ifcreddolac.org\/?author=1","display_name":"admin"},"relative_dates":{"created":"Posted 8 a\u00f1os ago","modified":"Updated 2 a\u00f1os ago"},"absolute_dates":{"created":"Posted on 13\/09\/2018","modified":"Updated on 06\/04\/2024"},"absolute_dates_time":{"created":"Posted on 13\/09\/2018 8:22 AM","modified":"Updated on 06\/04\/2024 1:07 AM"},"featured_img_caption":"","featured_img":false,"series_order":"","_links":{"self":[{"href":"https:\/\/ifcreddolac.org\/index.php?rest_route=\/wp\/v2\/pages\/6"}],"collection":[{"href":"https:\/\/ifcreddolac.org\/index.php?rest_route=\/wp\/v2\/pages"}],"about":[{"href":"https:\/\/ifcreddolac.org\/index.php?rest_route=\/wp\/v2\/types\/page"}],"author":[{"embeddable":true,"href":"https:\/\/ifcreddolac.org\/index.php?rest_route=\/wp\/v2\/users\/1"}],"replies":[{"embeddable":true,"href":"https:\/\/ifcreddolac.org\/index.php?rest_route=%2Fwp%2Fv2%2Fcomments&post=6"}],"version-history":[{"count":48,"href":"https:\/\/ifcreddolac.org\/index.php?rest_route=\/wp\/v2\/pages\/6\/revisions"}],"predecessor-version":[{"id":1544,"href":"https:\/\/ifcreddolac.org\/index.php?rest_route=\/wp\/v2\/pages\/6\/revisions\/1544"}],"wp:attachment":[{"href":"https:\/\/ifcreddolac.org\/index.php?rest_route=%2Fwp%2Fv2%2Fmedia&parent=6"}],"curies":[{"name":"wp","href":"https:\/\/api.w.org\/{rel}","templated":true}]}}