{"id":682,"date":"2019-11-21T16:02:46","date_gmt":"2019-11-21T16:02:46","guid":{"rendered":"https:\/\/ifcreddolac.org\/?page_id=682"},"modified":"2020-02-26T11:42:55","modified_gmt":"2020-02-26T11:42:55","slug":"produccion-de-contenidos-en-formato-de-audio-para-actividades-didacticas","status":"publish","type":"page","link":"https:\/\/ifcreddolac.org\/?page_id=682","title":{"rendered":"Producci\u00f3n de contenidos en formato de audio para actividades did\u00e1cticas"},"content":{"rendered":"\n<p class=\"has-text-color has-background has-medium-font-size has-very-dark-gray-color has-pale-cyan-blue-background-color\"><strong> Inicia el 06 de Abril 2020<\/strong><\/p>\n\n\n\n<p><strong>Al finalizar el presente curso<\/strong>, se espera que el participante pueda alcanzar la siguiente competencia\nque le permitir\u00e1:<\/p>\n\n\n\n<ul><li><strong>Utilizar de forma adecuada<\/strong>&nbsp;la herramienta gratuita en l\u00ednea Anchor, para la captura,\n     edici\u00f3n y publicaci\u00f3n en la web de Podcasts con fines did\u00e1cticos.<\/li><\/ul>\n\n\n\n<h3 class=\"wp-block-heading\"><strong>Informaci\u00f3n b\u00e1sica<\/strong><\/h3>\n\n\n\n<ul><li>Modalidad: Virtual<\/li><li>Duraci\u00f3n: 18 d\u00edas continuos<\/li><li>Certificaci\u00f3n por 30 horas acad\u00e9micas avalado por RedDOLAC y AULACIETE<\/li><li>Requerimientos: Nociones b\u00e1sicas de Internet<\/li><li>El curso es \u00edntegramente desarrollado en el Campus RedDOLAC<\/li><\/ul>\n\n\n\n<h3 class=\"wp-block-heading\"><strong>Requisitos:<\/strong><\/h3>\n\n\n\n<ul><li>Contar con buena conexi\u00f3n a Internet<\/li><li>Conocimientos elementales en el uso de la Web<\/li><li>Disponer de al menos 2&nbsp;horas diarias para tomar y finalizar el curso con \u00e9xito<\/li><\/ul>\n\n\n\n<h3 class=\"wp-block-heading\">Tutor virtual<\/h3>\n\n\n\n<figure class=\"wp-block-image size-large is-resized\"><img decoding=\"async\" src=\"https:\/\/ifcreddolac.org\/wp-content\/uploads\/2019\/12\/raymond.jpg\" alt=\"\" class=\"wp-image-725\" width=\"196\" height=\"196\" srcset=\"https:\/\/ifcreddolac.org\/wp-content\/uploads\/2019\/12\/raymond.jpg 640w, https:\/\/ifcreddolac.org\/wp-content\/uploads\/2019\/12\/raymond-300x300.jpg 300w, https:\/\/ifcreddolac.org\/wp-content\/uploads\/2019\/12\/raymond-150x150.jpg 150w\" sizes=\"(max-width: 196px) 100vw, 196px\" \/><\/figure>\n\n\n\n<h4 class=\"wp-block-heading\"><strong>Dr. <a href=\"http:\/\/raymond.aulaciete.net\">Raymond Marquina<\/a><\/strong><\/h4>\n\n\n\n<p>Profesor de las c\u00e1tedras de\ncomputaci\u00f3n y nuevas tecnolog\u00edas de las licenciaturas en Comunicaci\u00f3n Social y\nMedios Audiovisuales de la Universidad de Los Andes en M\u00e9rida, Venezuela. Director\nde AULACIETE. Ingeniero con formaci\u00f3n de cuarto nivel (Especializaci\u00f3n, Maestr\u00eda\ny Doctorado) en las \u00e1reas de educaci\u00f3n, tecnolog\u00eda, redes y gerencia. Tutor\nvirtual en diferentes programas de postgrado y educaci\u00f3n continua en\nuniversidades y plataformas de e-learning en varios pa\u00edses de Am\u00e9rica Latina.\nExperto en producci\u00f3n de contenidos educativos multimedia. &nbsp;<\/p>\n\n\n\n<h3 class=\"wp-block-heading\"><strong>Contenidos del curso:<\/strong><\/h3>\n\n\n\n<ol><li>Podcasting: conceptos b\u00e1sicos<\/li><li>Uso educativo del podcast<\/li><li>El guion<\/li><li>Proceso de producci\u00f3n<\/li><li>\u00bfQu\u00e9 es Anchor?<\/li><li>Caracter\u00edsticas de la plataforma gratuita\n     Anchor: posibilidades y limitaciones<\/li><li>Crear una cuenta en Anchor<\/li><li>Creando tu primer podcast<\/li><li>Usando la App m\u00f3vil de Anchor<\/li><\/ol>\n\n\n\n<h3 class=\"wp-block-heading\">Proceso de inscripci\u00f3n<\/h3>\n\n\n\n<h4 class=\"wp-block-heading\"><strong>Costo del curso: 45&nbsp; D\u00f3lares americanos<\/strong><\/h4>\n\n\n\n<p><strong>Realice el pago del curso<\/strong>&nbsp;eligiendo una de las siguientes opciones:<\/p>\n\n\n\n<p>1\u00b0 Opci\u00f3n:&nbsp;Por Paypal al correo&nbsp;<a rel=\"noreferrer noopener\" href=\"mailto:reddolac@gmail.com\" target=\"_blank\">reddolac@gmail.com<\/a>&nbsp;o usando el v\u00ednculo:&nbsp;<a href=\"https:\/\/paypal.me\/reddolac\/45\">https:\/\/paypal.me\/reddolac\/45<\/a><\/p>\n\n\n\n<p><strong>2\u00b0 Opci\u00f3n:<\/strong>&nbsp; &nbsp;Pago seguro con Tarjeta de Cr\u00e9dito&nbsp; &nbsp;<a href=\"https:\/\/www.visanetlink.pe\/pagoseguro\/REDDOLAC\/240026\" target=\"_blank\" rel=\"noreferrer noopener\">https:\/\/www.visanetlink.pe\/pagoseguro\/REDDOLAC\/240026<\/a><\/p>\n\n\n\n<p>3\u00b0 Opci\u00f3n: (Solo para PER\u00da \u2013 Banco de Cr\u00e9dito del Per\u00fa) .&nbsp;&nbsp;<\/p>\n\n\n\n<ul><li>Cuenta en soles: BCP \u2013 310-13128789-0-94<\/li><li>Cuenta en d\u00f3lares: BCP \u2013 310-90373308-1-61 \u2013&nbsp; Beneficiario: Instituto de Formaci\u00f3n Continua de RedDOLAC.<\/li><\/ul>\n\n\n\n<p><strong>Importante<\/strong>: Cualquiera sea la opci\u00f3n de la transferencia el emisor debe correr con los gastos de transferencia.<\/p>\n\n\n\n<h3 class=\"wp-block-heading\">Registro de pago e inscripci\u00f3n<\/h3>\n\n\n\n<div class=\"wp-block-button\"><a class=\"wp-block-button__link has-text-color has-background has-vivid-cyan-blue-background-color\" href=\"https:\/\/forms.gle\/XwwBuc4CB8tM6gTH8\" style=\"color:#fafafa\" target=\"_blank\" rel=\"noreferrer noopener\">Registre su pago<\/a><\/div>\n\n\n\n<p><\/p>\n\n\n\n<p><strong>Luego de realizar el pago<\/strong>, ingrese a nuestro&nbsp;<a href=\"https:\/\/forms.gle\/XwwBuc4CB8tM6gTH8\"><strong>&nbsp; formulario de registro en l\u00ednea<\/strong><\/a>&nbsp; &nbsp;y siga las instrucciones que all\u00ed se detallan. Este paso es obligatorio para formalizar la inscripci\u00f3n en cl curso.<\/p>\n\n\n\n<div style=\"height:70px\" aria-hidden=\"true\" class=\"wp-block-spacer\"><\/div>\n\n\n\n<p style=\"background-color:#07a86d\" class=\"has-text-color has-background has-medium-font-size has-very-light-gray-color\"><strong>Solicita mayor informaci\u00f3n<\/strong><\/p>\n\n\n<div class=\"everest-forms\"><div class=\"evf-container default\" id=\"evf-349\"><form id=\"evf-form-349\" class=\"everest-form\" data-formid=\"349\" data-ajax_submission=\"0\" data-keyboard_friendly_form=\"0\" method=\"post\" enctype=\"multipart\/form-data\" action=\"\/index.php?rest_route=%2Fwp%2Fv2%2Fpages%2F682\"><div class=\"evf-field-container\"><input type=\"hidden\" id=\"_wpnonce349\" name=\"_wpnonce349\" value=\"789293677b\" \/><input type=\"hidden\" name=\"_wp_http_referer\" value=\"\/index.php?rest_route=%2Fwp%2Fv2%2Fpages%2F682\" \/><div class=\"evf-frontend-row\" data-row=\"row_1\" conditional_rules=\"[]\"><div class=\"evf-frontend-grid evf-grid-1\" data-grid=\"grid_1\"><div id=\"evf-349-field_lVizlNhYus-1-container\" class=\"evf-field evf-field-text form-row validate-required\" data-required-field-message=\"This field is required.\" data-field-id=\"lVizlNhYus-1\"><label class=\"evf-field-label\" for=\"evf-349-field_lVizlNhYus-1\"><span class=\"evf-label\">Nombre y apellidos<\/span> <abbr class=\"required\" title=\"Required\">*<\/abbr><\/label><input type=\"text\" id=\"evf-349-field_lVizlNhYus-1\" class=\"input-text\" name=\"everest_forms[form_fields][lVizlNhYus-1]\" required><\/div><div id=\"evf-349-field_XYnMdkQDKM-3-container\" class=\"evf-field evf-field-email form-row validate-required validate-email\" data-required-field-message=\"Please enter a valid email address.\" data-field-id=\"XYnMdkQDKM-3\"><label class=\"evf-field-label\" for=\"evf-349-field_XYnMdkQDKM-3\"><span class=\"evf-label\">correo electr\u00f3nico<\/span> <abbr class=\"required\" title=\"Required\">*<\/abbr><\/label><input type=\"email\" id=\"evf-349-field_XYnMdkQDKM-3\" class=\"input-text\" name=\"everest_forms[form_fields][XYnMdkQDKM-3]\" required ><\/div><div id=\"evf-349-field_xJivsqAS2c-2-container\" class=\"evf-field evf-field-text form-row validate-required\" data-required-field-message=\"This field is required.\" data-field-id=\"xJivsqAS2c-2\"><label class=\"evf-field-label\" for=\"evf-349-field_xJivsqAS2c-2\"><span class=\"evf-label\">Asunto<\/span> <abbr class=\"required\" title=\"Required\">*<\/abbr><\/label><input type=\"text\" id=\"evf-349-field_xJivsqAS2c-2\" class=\"input-text\" name=\"everest_forms[form_fields][xJivsqAS2c-2]\" required><\/div><div id=\"evf-349-field_YalaPcQ0DO-4-container\" class=\"evf-field evf-field-textarea form-row\" data-field-id=\"YalaPcQ0DO-4\"><label class=\"evf-field-label\" for=\"evf-349-field_YalaPcQ0DO-4\"><span class=\"evf-label\">Mensaje<\/span> <\/label><textarea id=\"evf-349-field_YalaPcQ0DO-4\" class=\"input-text\" name=\"everest_forms[form_fields][YalaPcQ0DO-4]\"  ><\/textarea><\/div><\/div><\/div><\/div><div class=\"evf-honeypot-container evf-field-hp\"><label for=\"evf-349-field-hp\" class=\"evf-field-label\">Email<\/label><input type=\"text\" name=\"everest_forms[hp]\" id=\"evf-349-field-hp\" class=\"input-text\"><\/div><div class=\"evf-submit-container \" ><input type=\"hidden\" name=\"everest_forms[id]\" value=\"349\"><input type=\"hidden\" name=\"everest_forms[author]\" value=\"1\"><button type='submit' name='everest_forms[submit]' class='everest-forms-submit-button button evf-submit ' id='evf-submit-349' value='evf-submit' data-process-text=\"Processing\u2026\" conditional_rules='&quot;&quot;' conditional_id='evf-submit-349'  id=\"evf-submit-349\" aria-live=\"assertive\">Enviar mensaje<\/button><\/div><\/form><\/div><!-- .evf-container --><\/div>","protected":false},"excerpt":{"rendered":"<p>Inicia el 06 de Abril 2020 Al finalizar el presente curso, se espera que el participante pueda alcanzar la siguiente competencia que le permitir\u00e1: Utilizar de forma adecuada&nbsp;la herramienta gratuita en l\u00ednea Anchor, para la captura, edici\u00f3n y publicaci\u00f3n en la web de Podcasts con fines did\u00e1cticos. Informaci\u00f3n b\u00e1sica Modalidad: Virtual Duraci\u00f3n: 18 d\u00edas continuos [&hellip;]<\/p>\n","protected":false},"author":1,"featured_media":685,"parent":0,"menu_order":0,"comment_status":"closed","ping_status":"closed","template":"","meta":{"_eb_attr":"","_uag_custom_page_level_css":"","ub_ctt_via":"","advgb_blocks_editor_width":"","advgb_blocks_columns_visual_guide":"","_joinchat":[],"footnotes":""},"featured_image_src":"https:\/\/ifcreddolac.org\/wp-content\/uploads\/2019\/11\/What_Are_the_Basics_of_Podcasting.jpg","featured_image_src_square":"https:\/\/ifcreddolac.org\/wp-content\/uploads\/2019\/11\/What_Are_the_Basics_of_Podcasting.jpg","uagb_featured_image_src":{"full":["https:\/\/ifcreddolac.org\/wp-content\/uploads\/2019\/11\/What_Are_the_Basics_of_Podcasting.jpg",600,410,false],"thumbnail":["https:\/\/ifcreddolac.org\/wp-content\/uploads\/2019\/11\/What_Are_the_Basics_of_Podcasting-150x150.jpg",150,150,true],"medium":["https:\/\/ifcreddolac.org\/wp-content\/uploads\/2019\/11\/What_Are_the_Basics_of_Podcasting-300x205.jpg",300,205,true],"medium_large":["https:\/\/ifcreddolac.org\/wp-content\/uploads\/2019\/11\/What_Are_the_Basics_of_Podcasting.jpg",600,410,false],"large":["https:\/\/ifcreddolac.org\/wp-content\/uploads\/2019\/11\/What_Are_the_Basics_of_Podcasting.jpg",600,410,false],"1536x1536":["https:\/\/ifcreddolac.org\/wp-content\/uploads\/2019\/11\/What_Are_the_Basics_of_Podcasting.jpg",600,410,false],"2048x2048":["https:\/\/ifcreddolac.org\/wp-content\/uploads\/2019\/11\/What_Are_the_Basics_of_Podcasting.jpg",600,410,false],"ab-block-post-grid-landscape":["https:\/\/ifcreddolac.org\/wp-content\/uploads\/2019\/11\/What_Are_the_Basics_of_Podcasting.jpg",585,400,false],"ab-block-post-grid-square":["https:\/\/ifcreddolac.org\/wp-content\/uploads\/2019\/11\/What_Are_the_Basics_of_Podcasting.jpg",600,410,false]},"uagb_author_info":{"display_name":"admin","author_link":"https:\/\/ifcreddolac.org\/?author=1"},"uagb_comment_info":0,"uagb_excerpt":"Inicia el 06 de Abril 2020 Al finalizar el presente curso, se espera que el participante pueda alcanzar la siguiente competencia que le permitir\u00e1: Utilizar de forma adecuada&nbsp;la herramienta gratuita en l\u00ednea Anchor, para la captura, edici\u00f3n y publicaci\u00f3n en la web de Podcasts con fines did\u00e1cticos. Informaci\u00f3n b\u00e1sica Modalidad: Virtual Duraci\u00f3n: 18 d\u00edas continuos&hellip;","coauthors":[],"author_meta":{"author_link":"https:\/\/ifcreddolac.org\/?author=1","display_name":"admin"},"relative_dates":{"created":"Posted 6 a\u00f1os ago","modified":"Updated 6 a\u00f1os ago"},"absolute_dates":{"created":"Posted on 21\/11\/2019","modified":"Updated on 26\/02\/2020"},"absolute_dates_time":{"created":"Posted on 21\/11\/2019 4:02 PM","modified":"Updated on 26\/02\/2020 11:42 AM"},"featured_img_caption":"","featured_img":"https:\/\/ifcreddolac.org\/wp-content\/uploads\/2019\/11\/What_Are_the_Basics_of_Podcasting.jpg","series_order":"","_links":{"self":[{"href":"https:\/\/ifcreddolac.org\/index.php?rest_route=\/wp\/v2\/pages\/682"}],"collection":[{"href":"https:\/\/ifcreddolac.org\/index.php?rest_route=\/wp\/v2\/pages"}],"about":[{"href":"https:\/\/ifcreddolac.org\/index.php?rest_route=\/wp\/v2\/types\/page"}],"author":[{"embeddable":true,"href":"https:\/\/ifcreddolac.org\/index.php?rest_route=\/wp\/v2\/users\/1"}],"replies":[{"embeddable":true,"href":"https:\/\/ifcreddolac.org\/index.php?rest_route=%2Fwp%2Fv2%2Fcomments&post=682"}],"version-history":[{"count":11,"href":"https:\/\/ifcreddolac.org\/index.php?rest_route=\/wp\/v2\/pages\/682\/revisions"}],"predecessor-version":[{"id":826,"href":"https:\/\/ifcreddolac.org\/index.php?rest_route=\/wp\/v2\/pages\/682\/revisions\/826"}],"wp:featuredmedia":[{"embeddable":true,"href":"https:\/\/ifcreddolac.org\/index.php?rest_route=\/wp\/v2\/media\/685"}],"wp:attachment":[{"href":"https:\/\/ifcreddolac.org\/index.php?rest_route=%2Fwp%2Fv2%2Fmedia&parent=682"}],"curies":[{"name":"wp","href":"https:\/\/api.w.org\/{rel}","templated":true}]}}