{"id":698,"date":"2019-12-09T21:51:14","date_gmt":"2019-12-09T21:51:14","guid":{"rendered":"https:\/\/ifcreddolac.org\/?page_id=698"},"modified":"2020-02-26T11:34:32","modified_gmt":"2020-02-26T11:34:32","slug":"liderazgo-educativo","status":"publish","type":"page","link":"https:\/\/ifcreddolac.org\/?page_id=698","title":{"rendered":"Liderazgo educativo"},"content":{"rendered":"\n<p class=\"has-text-color has-background has-medium-font-size has-very-dark-gray-color has-pale-cyan-blue-background-color\"><strong>Inicia el 30 de Marzo 2020<\/strong><\/p>\n\n\n\n<p>Como es sabido la palabra \u201cl\u00edder\u201d no posee ra\u00edz latina,\nproviene de una adaptaci\u00f3n de la expresi\u00f3n anglosajona \u201clead\u201d que significa \u201cir\nadelante\u201d de tal forma que un l\u00edder ser\u00eda la persona que dirige debido a que va\nadelante; de tal forma que un l\u00edder conduce porque va al frente, lo que para\nalgunos autores el liderazgo debe ser entendido como \u201cel arte de la conducci\u00f3n\nde los seres humanos\u201d<\/p>\n\n\n\n<p>En la sustancia de la expresi\u00f3n nos encontramos con que intentando conservar el t\u00e9rmino \u201cl\u00edder educativo\u201d libre de connotaciones pol\u00edticas y socio culturales diversas, para mantenerlo intacto en la esencia del quehacer educativo, cosustancial con el oficio del \u201cbuen docente\u201d, el liderazgo educativo comporta una cualidad que le lleva a transitar entre dos bandas: la de ser un referente para el educando y la de propiciar la emancipaci\u00f3n del mismo, plante\u00e1ndole un verdadero reto a aquel que aspira al ejercicio del liderazgo educativo por la multidimensionalidad de escenarios con los que se relaciona en su labor para el logro de dichos objetivos.<\/p>\n\n\n\n<p>De esta manera, el liderazgo educativo, entendido desde la\nperspectiva de la sostenibilidad, adquiere en primera instancia un sentido\nformativo y uno \u00e9tico que requiere del docente condiciones espec\u00edficas y\ncompetencias claras que le permitan accionar en los diversos escenarios que\nconforman la comunidad educativa: los estudiantes, los docentes, los padres o\nrepresentantes y finalmente los administradores institucionales o\ngubernamentales educacionales que manejan los procesos de gerencia educativa,\nsiempre en la b\u00fasqueda de la mejor calidad y de un \u00f3ptimo clima organizacional,\ndonde prevalezca la eficacia y eficiencia en los procesos, se privilegie el\ncrecimiento profesional y cultural organizacional todo desde una perspectiva\nintegral u hol\u00edstica en las instituciones.<\/p>\n\n\n\n<p>Frente al t\u00e9rmino \u201cliderazgo educativo\u201d nos encontramos con\nla expresi\u00f3n \u201cliderazgo pedag\u00f3gico\u201d que se refiere a un tipo de liderazgo con\nfoco en el curr\u00edculum y la pedagog\u00eda, m\u00e1s que en la gesti\u00f3n y la administraci\u00f3n\n(Thomas &amp; Nuttall, 2013;en Ord et al., 2013) en otras palabras, se refiere\na la forma en que se lleva a cabo en los centros educativos la tarea central de\nmejorar la ense\u00f1anza y el aprendizaje (Bol\u00edvar, 2010a, 2010b; Ord et al., 2013\nCit. Gajardo &amp; Ulloa 2016), a esta concepci\u00f3n se aparejan propuestas como\nla del \u201cliderazgo transformacional\u201d y la del \u201cliderazgo instruccional\u201d que con\nsus similitudes y diferencias coinciden en el foco central del \u201cdirector\neducacional\u201d como sujeto en el cual convergen un universo de responsabilidades\ngerenciales.<\/p>\n\n\n\n<p>En consecuencia, el \u201cliderazgo educativo\u201d va a concentrarse\nen alcanzar la calidad de la pr\u00e1ctica docente y en crear las condiciones para\nla optimizaci\u00f3n del proceso de ense\u00f1anza \u2013 aprendizaje.<\/p>\n\n\n\n<p>Con base en esta \u00faltima definici\u00f3n y conscientes de que\n\u201cense\u00f1ar es arte y ciencia\u201d el ejercicio del liderazgo educativo debe ser un\nejercicio siempre transformador de acompa\u00f1amiento, ayuda y gu\u00eda en el que la\nautoridad conferida al docente se afirme no en el poder, sino en el libre\nreconocimiento de la legitimidad de su saber que surge del reconocimiento de\nlas competencias y valores que posee para su ejercicio pleno y para proceder a\ncultivar en la comunidad educativa en general el mismo nivel de cualidades,\nvalores y virtudes.<\/p>\n\n\n\n<p>Esto nos lleva a la consideraci\u00f3n de que el \u201cliderazgo\neducativo\u201d debe poseer un referente filos\u00f3fico donde la \u00e9tica sea la base de la\nsostenibilidad del proceso basado en la comprensi\u00f3n del l\u00edder educativo como un\nser social integral frente a la vida con la responsabilidad como eje del reto\ntransformador, lo que implica la perentoria necesidad de fomento de competencias\nemocionales y\/o motivacionales.<\/p>\n\n\n\n<p>Este curso de formaci\u00f3n, aspira entonces a proporcionar a\nlos docentes las herramientas para accionar como l\u00edderes en el ejercicio de su\nlabor mediante el conocimiento de los principios que vinculan el liderazgo con\nel aprendizaje, las dimensiones y pr\u00e1cticas del liderazgo educativo, las\nteor\u00edas que analizan el liderazgo y la consecuente apropiaci\u00f3n de las herramientas\nmetodol\u00f3gicas que le permitan alcanzar: ajustar el estilo de gerencia educativa\na las necesidades del contexto, la concreci\u00f3n de un prop\u00f3sito educativo\norientador compartido, el enfoque en el desarrollo de un clima de altas expectativas\ny una cultura escolar centrada en la calidad de la ense\u00f1anza y el aprendizaje,\nas\u00ed como tambi\u00e9n, dar forma a la estructura de incentivos escolares a fin de\nreflejar los objetivos establecidos para el personal y los estudiantes, organizar\nlas actividades destinadas a la estimulaci\u00f3n y desarrollo intelectual del\npersonal y ser presencia visible y referente de valores en la instituci\u00f3n y\ncomunitarios.<\/p>\n\n\n\n<h3 class=\"has-vivid-cyan-blue-color has-text-color wp-block-heading\"><strong>Informaci\u00f3n b\u00e1sica<\/strong><\/h3>\n\n\n\n<ul><li>Modalidad: Virtual<\/li><li>Duraci\u00f3n: 4 semanas continuas<\/li><li>Certificaci\u00f3n por 50 horas acad\u00e9micas avalado por RedDOLAC<\/li><li>El curso es \u00edntegramente desarrollado en el Campus RedDOLAC<\/li><\/ul>\n\n\n\n<h3 class=\"has-vivid-cyan-blue-color has-text-color wp-block-heading\"><strong>Requisitos<\/strong><\/h3>\n\n\n\n<ul><li>Contar con buena conexi\u00f3n a Internet<\/li><li>Conocimientos elementales en el uso de la Web<\/li><li>Disponer de al menos 2&nbsp;horas diarias para tomar y finalizar el curso con \u00e9xito<\/li><\/ul>\n\n\n\n<h3 class=\"has-vivid-cyan-blue-color has-text-color wp-block-heading\"><strong>Tutora virtual<\/strong><\/h3>\n\n\n\n<h4 class=\"wp-block-heading\">Dra. Elisabeth Benitez<\/h4>\n\n\n\n<p>Doctora en Filosof\u00eda de la Universidad de Los Andes,  Magister Scientae en Derecho Agrario (ULA) y posee una especializaci\u00f3n en Derecho Procesal Civil. Abogada de formaci\u00f3n con amplia experiencia en temas asociados a la \u00c9tica en el campo de las Tecnolog\u00edas, gracias a su trabajo como investigadora en el Fundaci\u00f3n Centro de Investigaciones en Tecnolog\u00edas Libres. Es profesora de las c\u00e1tedras de \u00c9tica y  marco legal de la Licenciatura en Comunicaci\u00f3n Social de la Universidad de Los Andes. Profesora invitada en el Doctorado en Educaci\u00f3n de la ULA. <\/p>\n\n\n\n<h3 class=\"has-vivid-cyan-blue-color has-text-color wp-block-heading\">A qui\u00e9n va dirigido<\/h3>\n\n\n\n<p>El presente curso est\u00e1 dirigido a profesores, educadores,\ndocentes y formadores, as\u00ed como a profesionales de todas las \u00e1reas dedicados a\nla docencia en los distintos niveles, desde la inicial hasta la universitaria.<\/p>\n\n\n\n<h3 class=\"has-pale-cyan-blue-color has-text-color wp-block-heading\">Objetivos<\/h3>\n\n\n\n<p>Verificar la importancia del desarrollo de competencias\nconceptuales, procedimentales y actitudinales para el ejercicio del rol del\nliderazgo educativo.<\/p>\n\n\n\n<h4 class=\"wp-block-heading\">Objetivos Espec\u00edficos<\/h4>\n\n\n\n<p><strong>Objetivo 1<\/strong>. Identificar los principios que vinculan el liderazgo con el aprendizaje, las dimensiones y pr\u00e1cticas del liderazgo educativo y las teor\u00edas que analizan el liderazgo educativo en contraste con el liderazgo empresarial.<\/p>\n\n\n\n<p><strong>Objetivo 2.<\/strong> Reconocer los estilos gerenciales educativos y las posibilidades de contextualizaci\u00f3n cultural, as\u00ed como las competencias fundamentales del l\u00edder educativo.<\/p>\n\n\n\n<p><strong>Objetivo 3<\/strong>. Interpretar las practicas que favorecen la gesti\u00f3n educativa, as\u00ed como las condiciones que propician la forja de la cualidad del l\u00edder educativo como son los procesos de calidad aplicados desde el conocimiento sobre lo educativo, las pol\u00edticas y normas, la gesti\u00f3n de los procesos que requieren liderazgo, la orientaci\u00f3n y las estrategias para que la pr\u00e1ctica educativa sea efectiva frente a todas las posibilidades que el hecho educativo implica.<\/p>\n\n\n\n<p><strong>Objetivo 4.<\/strong> Estimar el referente \u00e9tico &#8211; filos\u00f3fico del liderazgo educativo como base de la sostenibilidad del proceso de consolidaci\u00f3n de una gesti\u00f3n transformadora: eficiente y eficaz.<\/p>\n\n\n\n<h3 class=\"has-vivid-cyan-blue-color has-text-color wp-block-heading\">Proceso de inscripci\u00f3n<\/h3>\n\n\n\n<h4 class=\"wp-block-heading\"><strong>Costo del curso: 55&nbsp; D\u00f3lares americanos<\/strong><\/h4>\n\n\n\n<p><strong>Realice el pago del curso<\/strong>&nbsp;eligiendo una de las siguientes opciones:<\/p>\n\n\n\n<p><strong>1\u00b0 Opci\u00f3n:&nbsp;<\/strong>Por Paypal al correo&nbsp;<a rel=\"noreferrer noopener\" href=\"mailto:reddolac@gmail.com\" target=\"_blank\">reddolac@gmail.com<\/a>&nbsp;o usando el v\u00ednculo:&nbsp;<a href=\"https:\/\/paypal.me\/reddolac\/55\">https:\/\/paypal.me\/reddolac\/55<\/a><\/p>\n\n\n\n<p><strong>2\u00b0 Opci\u00f3n:<\/strong>&nbsp; &nbsp;Pago seguro con Tarjeta de Cr\u00e9dito&nbsp; &nbsp;<a href=\"https:\/\/www.visanetlink.pe\/pagoseguro\/REDDOLAC\/240026\" target=\"_blank\" rel=\"noreferrer noopener\">https:\/\/www.visanetlink.pe\/pagoseguro\/REDDOLAC\/240026<\/a><\/p>\n\n\n\n<p><strong>3\u00b0 Opci\u00f3n:<\/strong> (Solo para PER\u00da \u2013 Banco de Cr\u00e9dito del Per\u00fa) .&nbsp;&nbsp;<\/p>\n\n\n\n<ul><li>Cuenta en soles: BCP \u2013 310-13128789-0-94<\/li><li>Cuenta en d\u00f3lares: BCP \u2013 310-90373308-1-61 \u2013&nbsp; Beneficiario: Instituto de Formaci\u00f3n Continua de RedDOLAC.<\/li><\/ul>\n\n\n\n<p><strong>Importante<\/strong>: Cualquiera sea la opci\u00f3n de la transferencia el emisor debe correr con los gastos de transferencia.<\/p>\n\n\n\n<h3 class=\"has-vivid-cyan-blue-color has-text-color wp-block-heading\">Registro de pago e inscripci\u00f3n<\/h3>\n\n\n\n<div class=\"wp-block-button\"><a class=\"wp-block-button__link has-text-color has-very-light-gray-color has-background has-vivid-cyan-blue-background-color\" href=\"https:\/\/docs.google.com\/forms\/d\/e\/1FAIpQLSdiz3KlWvrha0rWPz75dnbvb78MxiBYxjyWTk3jlH0JEoxiQw\/viewform\"><strong>Registre su pago<\/strong><\/a><\/div>\n\n\n\n<div style=\"height:40px\" aria-hidden=\"true\" class=\"wp-block-spacer\"><\/div>\n\n\n\n<p><strong>Luego de realizar el pago<\/strong>, ingrese a nuestro&nbsp;<a href=\"https:\/\/forms.gle\/XwwBuc4CB8tM6gTH8\"><strong>&nbsp; formulario de registro en l\u00ednea<\/strong><\/a>&nbsp; &nbsp;y siga las instrucciones que all\u00ed se detallan. Este paso es obligatorio para formalizar la inscripci\u00f3n en cl curso.<\/p>\n\n\n\n<div style=\"height:100px\" aria-hidden=\"true\" class=\"wp-block-spacer\"><\/div>\n\n\n\n<h3 class=\"has-vivid-cyan-blue-color has-text-color wp-block-heading\">Mayor informaci\u00f3n, escribenos<\/h3>\n\n\n<div class=\"wpforms-container wpforms-container-full wpforms-block\" id=\"wpforms-665\"><form id=\"wpforms-form-665\" class=\"wpforms-validate wpforms-form\" data-formid=\"665\" method=\"post\" enctype=\"multipart\/form-data\" action=\"\/index.php?rest_route=%2Fwp%2Fv2%2Fpages%2F698\" data-token=\"91b90be95af378bd00df22f099a93830\"><noscript class=\"wpforms-error-noscript\">Please enable JavaScript in your browser to complete this form.<\/noscript><div class=\"wpforms-field-container\"><div id=\"wpforms-665-field_0-container\" class=\"wpforms-field wpforms-field-name\" data-field-id=\"0\"><label class=\"wpforms-field-label\" for=\"wpforms-665-field_0\">Nombre y apellido <span class=\"wpforms-required-label\">*<\/span><\/label><input type=\"text\" id=\"wpforms-665-field_0\" class=\"wpforms-field-medium wpforms-field-required\" name=\"wpforms[fields][0]\" required><\/div><div id=\"wpforms-665-field_1-container\" class=\"wpforms-field wpforms-field-email\" data-field-id=\"1\"><label class=\"wpforms-field-label\" for=\"wpforms-665-field_1\">Correo electr\u00f3nico <span class=\"wpforms-required-label\">*<\/span><\/label><input type=\"email\" id=\"wpforms-665-field_1\" class=\"wpforms-field-medium wpforms-field-required\" name=\"wpforms[fields][1]\" spellcheck=\"false\" required><\/div><div id=\"wpforms-665-field_2-container\" class=\"wpforms-field wpforms-field-textarea\" data-field-id=\"2\"><label class=\"wpforms-field-label\" for=\"wpforms-665-field_2\">Mensaje <span class=\"wpforms-required-label\">*<\/span><\/label><textarea id=\"wpforms-665-field_2\" class=\"wpforms-field-medium wpforms-field-required\" name=\"wpforms[fields][2]\" required><\/textarea><\/div><\/div><!-- .wpforms-field-container --><div class=\"wpforms-field wpforms-field-hp\"><label for=\"wpforms-665-field-hp\" class=\"wpforms-field-label\">Website<\/label><input type=\"text\" name=\"wpforms[hp]\" id=\"wpforms-665-field-hp\" class=\"wpforms-field-medium\"><\/div><div class=\"wpforms-submit-container\" ><input type=\"hidden\" name=\"wpforms[id]\" value=\"665\"><input type=\"hidden\" name=\"wpforms[author]\" value=\"1\"><button type=\"submit\" name=\"wpforms[submit]\" id=\"wpforms-submit-665\" class=\"wpforms-submit\" data-alt-text=\"Enviando...\" data-submit-text=\"Enviar solicitud\" aria-live=\"assertive\" value=\"wpforms-submit\">Enviar solicitud<\/button><\/div><\/form><\/div>  <!-- .wpforms-container -->","protected":false},"excerpt":{"rendered":"<p>Inicia el 30 de Marzo 2020 Como es sabido la palabra \u201cl\u00edder\u201d no posee ra\u00edz latina, proviene de una adaptaci\u00f3n de la expresi\u00f3n anglosajona \u201clead\u201d que significa \u201cir adelante\u201d de tal forma que un l\u00edder ser\u00eda la persona que dirige debido a que va adelante; de tal forma que un l\u00edder conduce porque va al [&hellip;]<\/p>\n","protected":false},"author":1,"featured_media":699,"parent":0,"menu_order":0,"comment_status":"closed","ping_status":"closed","template":"","meta":{"_eb_attr":"","_uag_custom_page_level_css":"","ub_ctt_via":"","advgb_blocks_editor_width":"","advgb_blocks_columns_visual_guide":"","_joinchat":[],"footnotes":""},"featured_image_src":"https:\/\/ifcreddolac.org\/wp-content\/uploads\/2019\/12\/iStock_79676413_MEDIUM.jpg","featured_image_src_square":"https:\/\/ifcreddolac.org\/wp-content\/uploads\/2019\/12\/iStock_79676413_MEDIUM.jpg","uagb_featured_image_src":{"full":["https:\/\/ifcreddolac.org\/wp-content\/uploads\/2019\/12\/iStock_79676413_MEDIUM.jpg",1536,1024,false],"thumbnail":["https:\/\/ifcreddolac.org\/wp-content\/uploads\/2019\/12\/iStock_79676413_MEDIUM-150x150.jpg",150,150,true],"medium":["https:\/\/ifcreddolac.org\/wp-content\/uploads\/2019\/12\/iStock_79676413_MEDIUM-300x200.jpg",300,200,true],"medium_large":["https:\/\/ifcreddolac.org\/wp-content\/uploads\/2019\/12\/iStock_79676413_MEDIUM-768x512.jpg",768,512,true],"large":["https:\/\/ifcreddolac.org\/wp-content\/uploads\/2019\/12\/iStock_79676413_MEDIUM-1024x683.jpg",812,542,true],"1536x1536":["https:\/\/ifcreddolac.org\/wp-content\/uploads\/2019\/12\/iStock_79676413_MEDIUM.jpg",1536,1024,false],"2048x2048":["https:\/\/ifcreddolac.org\/wp-content\/uploads\/2019\/12\/iStock_79676413_MEDIUM.jpg",1536,1024,false],"ab-block-post-grid-landscape":["https:\/\/ifcreddolac.org\/wp-content\/uploads\/2019\/12\/iStock_79676413_MEDIUM.jpg",600,400,false],"ab-block-post-grid-square":["https:\/\/ifcreddolac.org\/wp-content\/uploads\/2019\/12\/iStock_79676413_MEDIUM.jpg",600,400,false]},"uagb_author_info":{"display_name":"admin","author_link":"https:\/\/ifcreddolac.org\/?author=1"},"uagb_comment_info":0,"uagb_excerpt":"Inicia el 30 de Marzo 2020 Como es sabido la palabra \u201cl\u00edder\u201d no posee ra\u00edz latina, proviene de una adaptaci\u00f3n de la expresi\u00f3n anglosajona \u201clead\u201d que significa \u201cir adelante\u201d de tal forma que un l\u00edder ser\u00eda la persona que dirige debido a que va adelante; de tal forma que un l\u00edder conduce porque va al&hellip;","coauthors":[],"author_meta":{"author_link":"https:\/\/ifcreddolac.org\/?author=1","display_name":"admin"},"relative_dates":{"created":"Posted 6 a\u00f1os ago","modified":"Updated 6 a\u00f1os ago"},"absolute_dates":{"created":"Posted on 09\/12\/2019","modified":"Updated on 26\/02\/2020"},"absolute_dates_time":{"created":"Posted on 09\/12\/2019 9:51 PM","modified":"Updated on 26\/02\/2020 11:34 AM"},"featured_img_caption":"","featured_img":"https:\/\/ifcreddolac.org\/wp-content\/uploads\/2019\/12\/iStock_79676413_MEDIUM.jpg","series_order":"","_links":{"self":[{"href":"https:\/\/ifcreddolac.org\/index.php?rest_route=\/wp\/v2\/pages\/698"}],"collection":[{"href":"https:\/\/ifcreddolac.org\/index.php?rest_route=\/wp\/v2\/pages"}],"about":[{"href":"https:\/\/ifcreddolac.org\/index.php?rest_route=\/wp\/v2\/types\/page"}],"author":[{"embeddable":true,"href":"https:\/\/ifcreddolac.org\/index.php?rest_route=\/wp\/v2\/users\/1"}],"replies":[{"embeddable":true,"href":"https:\/\/ifcreddolac.org\/index.php?rest_route=%2Fwp%2Fv2%2Fcomments&post=698"}],"version-history":[{"count":9,"href":"https:\/\/ifcreddolac.org\/index.php?rest_route=\/wp\/v2\/pages\/698\/revisions"}],"predecessor-version":[{"id":823,"href":"https:\/\/ifcreddolac.org\/index.php?rest_route=\/wp\/v2\/pages\/698\/revisions\/823"}],"wp:featuredmedia":[{"embeddable":true,"href":"https:\/\/ifcreddolac.org\/index.php?rest_route=\/wp\/v2\/media\/699"}],"wp:attachment":[{"href":"https:\/\/ifcreddolac.org\/index.php?rest_route=%2Fwp%2Fv2%2Fmedia&parent=698"}],"curies":[{"name":"wp","href":"https:\/\/api.w.org\/{rel}","templated":true}]}}