{"id":705,"date":"2019-12-17T20:24:57","date_gmt":"2019-12-17T20:24:57","guid":{"rendered":"https:\/\/ifcreddolac.org\/?page_id=705"},"modified":"2020-02-26T11:34:21","modified_gmt":"2020-02-26T11:34:21","slug":"diseno-instruccional-conceptos-roles-y-generaciones","status":"publish","type":"page","link":"https:\/\/ifcreddolac.org\/?page_id=705","title":{"rendered":"Dise\u00f1o Instruccional: Conceptos, roles y generaciones"},"content":{"rendered":"\n<p class=\"has-text-color has-background has-medium-font-size has-very-dark-gray-color has-vivid-green-cyan-background-color\"><strong>Inicia el 30 de Marzo &#8211; Inscripciones Abiertas<\/strong><\/p>\n\n\n\n<h3 class=\"wp-block-heading\"><strong>Presentaci\u00f3n<\/strong><\/h3>\n\n\n\n<p><em>Aprende qu\u00e9 es el dise\u00f1o instruccional, sus generaciones y los roles del\nequipo de trabajo. <\/em><\/p>\n\n\n\n<p>Concebimos el dise\u00f1o instruccional como un proceso flexible, integral,\ninteractivo y sist\u00e9mico que permite el dise\u00f1o, la planificaci\u00f3n y la evaluaci\u00f3n\nde actividades orientadas al desarrollo del proceso de ense\u00f1anza y de\naprendizaje. Asumir el dise\u00f1o instruccional como forma de planificaci\u00f3n\ndid\u00e1ctica implica identificar algunos roles en este proceso que permite considerar\nla oportunidad de conformar equipos de trabajo que atiendan lo \u00e1mbitos\ninstruccionales, tecnol\u00f3gicos y de experticia en contenidos, entre otros. As\u00ed\nmismo, es necesario analizar algunas generaciones del D+I que han marcado\ntendencia a trav\u00e9s del tiempo y ante las necesidades del contexto.<\/p>\n\n\n\n<h3 class=\"wp-block-heading\">Informaci\u00f3n b\u00e1sica<\/h3>\n\n\n\n<ul><li>Modalidad: Virtual<\/li><li>Duraci\u00f3n: 04 semanas<\/li><li>Certificaci\u00f3n por&nbsp;<strong>30 horas acad\u00e9micas<\/strong><\/li><li>Requerimientos: Nociones b\u00e1sicas de Internet<\/li><li>El curso es \u00edntegramente desarrollado en el Campus&nbsp;<a href=\"http:\/\/campus.ifcreddolac.org\/\">RedDOLAC<\/a><\/li><\/ul>\n\n\n\n<h3 class=\"wp-block-heading\">Tutor virtual<\/h3>\n\n\n\n<figure class=\"wp-block-image size-large is-resized\"><img decoding=\"async\" src=\"https:\/\/ifcreddolac.org\/wp-content\/uploads\/2019\/12\/angel-1.png\" alt=\"\" class=\"wp-image-706\" width=\"176\" height=\"176\" srcset=\"https:\/\/ifcreddolac.org\/wp-content\/uploads\/2019\/12\/angel-1.png 250w, https:\/\/ifcreddolac.org\/wp-content\/uploads\/2019\/12\/angel-1-150x150.png 150w\" sizes=\"(max-width: 176px) 100vw, 176px\" \/><\/figure>\n\n\n\n<h4 class=\"wp-block-heading\">Msc. Angel Alvarado<\/h4>\n\n\n\n<p>Profesor de la Universidad Central de Venezuela, Pregrado Escuela de Educaci\u00f3n y Maestr\u00eda en Educaci\u00f3n, menci\u00f3n Tecnolog\u00edas de la Informaci\u00f3n y la Comunicaci\u00f3n. Profesor invitado de postgrado en la Universidad de los Andes, Universidad Cat\u00f3lica Andr\u00e9s Bello, Universidad Nacional Abierta y Universidad de Islas Baleares.<\/p>\n\n\n\n<p>Coordinador del Centro de Experimentaci\u00f3n de Recursos Instruccionales (CERI) de la Escuela de Educaci\u00f3n, Universidad Central de Venezuela. Coordinador de la Comisi\u00f3n Educaci\u00f3n a Distancia Escuela de Educaci\u00f3n y de la Facultad de Humanidades y Educaci\u00f3n. Dedicado a la docencia, la investigaci\u00f3n y la extensi\u00f3n en el \u00e1rea de las tecnolog\u00edas de la informaci\u00f3n y la comunicaci\u00f3n en educaci\u00f3n, el dise\u00f1o curricular e instruccional, procesos de e-learning, dise\u00f1o desarrollo y evaluaci\u00f3n de medios instruccionales digitales y entornos virtuales de ense\u00f1anza y aprendizaje.<\/p>\n\n\n\n<h3 class=\"wp-block-heading\"><strong>Competencias<\/strong><\/h3>\n\n\n\n<ul><li>Define el dise\u00f1o instruccional como proceso de\nplanificaci\u00f3n did\u00e1ctica que permite orientar el desarrollo de experiencias\nformativas sobre la base de componentes esencialmente did\u00e1cticos y tecnol\u00f3gicos.\n<\/li><li>Identifica los roles del talento humano que conforma\nel equipo de trabajo para emprender el desarrollo del dise\u00f1o instruccional.<\/li><li>Caracteriza las generaciones de dise\u00f1o instruccional\nen el contexto del desarrollo de la educaci\u00f3n, de la tecnolog\u00eda y de las\nnecesidades del \u00e1mbito de atenci\u00f3n formativa que le permitan toar decisiones\nsobre su aplicaci\u00f3n en su \u00e1mbito laboral.<\/li><li>Elabora orientaciones que permiten promover equipos\nde trabajo que asuman la labor del dise\u00f1o instruccional.<\/li><li>Reconoce la importancia de las generaciones de\ndise\u00f1o instruccional y de los roles del equipo de trabajo como garantes del\ndesarrollo de experiencias formativas.<\/li><\/ul>\n\n\n\n<h3 class=\"wp-block-heading\"><strong>Contenidos<\/strong><\/h3>\n\n\n\n<ul><li>Dise\u00f1o instruccional: concepto e importancia.<\/li><li>Roles del talento humano en el dise\u00f1o instrucional. <\/li><li>Docentes generadores de escenarios de aprendizaje\nmediados con TIC<\/li><li>Generaciones de dise\u00f1o instruccional, importancia,\ncaracter\u00edsticas y contexto.<\/li><\/ul>\n\n\n\n<h3 class=\"wp-block-heading\">Proceso de inscripci\u00f3n<\/h3>\n\n\n\n<h4 class=\"wp-block-heading\"><strong>Costo del curso: 55&nbsp; D\u00f3lares americanos<\/strong><\/h4>\n\n\n\n<p><strong>Realice el pago del curso<\/strong>&nbsp;eligiendo una de las siguientes opciones:<\/p>\n\n\n\n<p>1\u00b0 Opci\u00f3n:&nbsp;Por Paypal al correo&nbsp;<a href=\"mailto:reddolac@gmail.com\" target=\"_blank\" rel=\"noreferrer noopener\">reddolac@gmail.com<\/a>&nbsp;o usando el v\u00ednculo:&nbsp;<a href=\"https:\/\/paypal.me\/reddolac\/55\" target=\"_blank\" rel=\"noreferrer noopener\">https:\/\/paypal.me\/reddolac\/55<\/a><\/p>\n\n\n\n<p><strong>2\u00b0 Opci\u00f3n:<\/strong>&nbsp; &nbsp;Pago seguro con Tarjeta de Cr\u00e9dito&nbsp; &nbsp;<a href=\"https:\/\/www.visanetlink.pe\/pagoseguro\/REDDOLAC\/240026\" target=\"_blank\" rel=\"noreferrer noopener\">https:\/\/www.visanetlink.pe\/pagoseguro\/REDDOLAC\/240026<\/a><\/p>\n\n\n\n<p>3\u00b0 Opci\u00f3n: (Solo para PER\u00da \u2013 Banco de Cr\u00e9dito del Per\u00fa) .&nbsp;&nbsp;<\/p>\n\n\n\n<ul><li>Cuenta en soles: BCP \u2013 310-13128789-0-94<\/li><li>Cuenta en d\u00f3lares: BCP \u2013 310-90373308-1-61 \u2013&nbsp; Beneficiario: Instituto de Formaci\u00f3n Continua de RedDOLAC.<\/li><\/ul>\n\n\n\n<p><strong>Importante<\/strong>: Cualquiera sea la opci\u00f3n de la transferencia el emisor debe correr con los gastos de transferencia.<\/p>\n\n\n\n<p>Luego de realizar el pago, ingrese a nuestro&nbsp;<a href=\"https:\/\/forms.gle\/XwwBuc4CB8tM6gTH8\"><strong>&nbsp; formulario de registro en l\u00ednea<\/strong><\/a>&nbsp; &nbsp;y siga las instrucciones que all\u00ed se detallan.<\/p>\n\n\n\n<div style=\"height:100px\" aria-hidden=\"true\" class=\"wp-block-spacer\"><\/div>\n\n\n\n<p class=\"has-text-color has-background has-medium-font-size has-very-dark-gray-color has-vivid-green-cyan-background-color\"> <strong>Solicita mayor informaci\u00f3n<\/strong> <\/p>\n\n\n<div class=\"wpforms-container wpforms-container-full wpforms-block\" id=\"wpforms-665\"><form id=\"wpforms-form-665\" class=\"wpforms-validate wpforms-form\" data-formid=\"665\" method=\"post\" enctype=\"multipart\/form-data\" action=\"\/index.php?rest_route=%2Fwp%2Fv2%2Fpages%2F705\" data-token=\"aa23f789e1aad772b7607848db83a30f\"><noscript class=\"wpforms-error-noscript\">Please enable JavaScript in your browser to complete this form.<\/noscript><div class=\"wpforms-field-container\"><div id=\"wpforms-665-field_0-container\" class=\"wpforms-field wpforms-field-name\" data-field-id=\"0\"><label class=\"wpforms-field-label\" for=\"wpforms-665-field_0\">Nombre y apellido <span class=\"wpforms-required-label\">*<\/span><\/label><input type=\"text\" id=\"wpforms-665-field_0\" class=\"wpforms-field-medium wpforms-field-required\" name=\"wpforms[fields][0]\" required><\/div><div id=\"wpforms-665-field_1-container\" class=\"wpforms-field wpforms-field-email\" data-field-id=\"1\"><label class=\"wpforms-field-label\" for=\"wpforms-665-field_1\">Correo electr\u00f3nico <span class=\"wpforms-required-label\">*<\/span><\/label><input type=\"email\" id=\"wpforms-665-field_1\" class=\"wpforms-field-medium wpforms-field-required\" name=\"wpforms[fields][1]\" spellcheck=\"false\" required><\/div><div id=\"wpforms-665-field_2-container\" class=\"wpforms-field wpforms-field-textarea\" data-field-id=\"2\"><label class=\"wpforms-field-label\" for=\"wpforms-665-field_2\">Mensaje <span class=\"wpforms-required-label\">*<\/span><\/label><textarea id=\"wpforms-665-field_2\" class=\"wpforms-field-medium wpforms-field-required\" name=\"wpforms[fields][2]\" required><\/textarea><\/div><\/div><!-- .wpforms-field-container --><div class=\"wpforms-field wpforms-field-hp\"><label for=\"wpforms-665-field-hp\" class=\"wpforms-field-label\">Email<\/label><input type=\"text\" name=\"wpforms[hp]\" id=\"wpforms-665-field-hp\" class=\"wpforms-field-medium\"><\/div><div class=\"wpforms-submit-container\" ><input type=\"hidden\" name=\"wpforms[id]\" value=\"665\"><input type=\"hidden\" name=\"wpforms[author]\" value=\"1\"><button type=\"submit\" name=\"wpforms[submit]\" id=\"wpforms-submit-665\" class=\"wpforms-submit\" data-alt-text=\"Enviando...\" data-submit-text=\"Enviar solicitud\" aria-live=\"assertive\" value=\"wpforms-submit\">Enviar solicitud<\/button><\/div><\/form><\/div>  <!-- .wpforms-container -->","protected":false},"excerpt":{"rendered":"<p>Inicia el 30 de Marzo &#8211; Inscripciones Abiertas Presentaci\u00f3n Aprende qu\u00e9 es el dise\u00f1o instruccional, sus generaciones y los roles del equipo de trabajo. Concebimos el dise\u00f1o instruccional como un proceso flexible, integral, interactivo y sist\u00e9mico que permite el dise\u00f1o, la planificaci\u00f3n y la evaluaci\u00f3n de actividades orientadas al desarrollo del proceso de ense\u00f1anza y [&hellip;]<\/p>\n","protected":false},"author":1,"featured_media":710,"parent":0,"menu_order":0,"comment_status":"closed","ping_status":"closed","template":"","meta":{"_eb_attr":"","_uag_custom_page_level_css":"","ub_ctt_via":"","advgb_blocks_editor_width":"","advgb_blocks_columns_visual_guide":"","_joinchat":[],"footnotes":""},"featured_image_src":"https:\/\/ifcreddolac.org\/wp-content\/uploads\/2019\/12\/notebook-2386034_1920.jpg","featured_image_src_square":"https:\/\/ifcreddolac.org\/wp-content\/uploads\/2019\/12\/notebook-2386034_1920.jpg","uagb_featured_image_src":{"full":["https:\/\/ifcreddolac.org\/wp-content\/uploads\/2019\/12\/notebook-2386034_1920.jpg",1920,1280,false],"thumbnail":["https:\/\/ifcreddolac.org\/wp-content\/uploads\/2019\/12\/notebook-2386034_1920-150x150.jpg",150,150,true],"medium":["https:\/\/ifcreddolac.org\/wp-content\/uploads\/2019\/12\/notebook-2386034_1920-300x200.jpg",300,200,true],"medium_large":["https:\/\/ifcreddolac.org\/wp-content\/uploads\/2019\/12\/notebook-2386034_1920-768x512.jpg",768,512,true],"large":["https:\/\/ifcreddolac.org\/wp-content\/uploads\/2019\/12\/notebook-2386034_1920-1024x683.jpg",812,542,true],"1536x1536":["https:\/\/ifcreddolac.org\/wp-content\/uploads\/2019\/12\/notebook-2386034_1920-1536x1024.jpg",1536,1024,true],"2048x2048":["https:\/\/ifcreddolac.org\/wp-content\/uploads\/2019\/12\/notebook-2386034_1920.jpg",1920,1280,false],"ab-block-post-grid-landscape":["https:\/\/ifcreddolac.org\/wp-content\/uploads\/2019\/12\/notebook-2386034_1920.jpg",600,400,false],"ab-block-post-grid-square":["https:\/\/ifcreddolac.org\/wp-content\/uploads\/2019\/12\/notebook-2386034_1920.jpg",600,400,false]},"uagb_author_info":{"display_name":"admin","author_link":"https:\/\/ifcreddolac.org\/?author=1"},"uagb_comment_info":0,"uagb_excerpt":"Inicia el 30 de Marzo &#8211; Inscripciones Abiertas Presentaci\u00f3n Aprende qu\u00e9 es el dise\u00f1o instruccional, sus generaciones y los roles del equipo de trabajo. Concebimos el dise\u00f1o instruccional como un proceso flexible, integral, interactivo y sist\u00e9mico que permite el dise\u00f1o, la planificaci\u00f3n y la evaluaci\u00f3n de actividades orientadas al desarrollo del proceso de ense\u00f1anza y&hellip;","coauthors":[],"author_meta":{"author_link":"https:\/\/ifcreddolac.org\/?author=1","display_name":"admin"},"relative_dates":{"created":"Posted 6 a\u00f1os ago","modified":"Updated 6 a\u00f1os ago"},"absolute_dates":{"created":"Posted on 17\/12\/2019","modified":"Updated on 26\/02\/2020"},"absolute_dates_time":{"created":"Posted on 17\/12\/2019 8:24 PM","modified":"Updated on 26\/02\/2020 11:34 AM"},"featured_img_caption":"","featured_img":"https:\/\/ifcreddolac.org\/wp-content\/uploads\/2019\/12\/notebook-2386034_1920.jpg","series_order":"","_links":{"self":[{"href":"https:\/\/ifcreddolac.org\/index.php?rest_route=\/wp\/v2\/pages\/705"}],"collection":[{"href":"https:\/\/ifcreddolac.org\/index.php?rest_route=\/wp\/v2\/pages"}],"about":[{"href":"https:\/\/ifcreddolac.org\/index.php?rest_route=\/wp\/v2\/types\/page"}],"author":[{"embeddable":true,"href":"https:\/\/ifcreddolac.org\/index.php?rest_route=\/wp\/v2\/users\/1"}],"replies":[{"embeddable":true,"href":"https:\/\/ifcreddolac.org\/index.php?rest_route=%2Fwp%2Fv2%2Fcomments&post=705"}],"version-history":[{"count":5,"href":"https:\/\/ifcreddolac.org\/index.php?rest_route=\/wp\/v2\/pages\/705\/revisions"}],"predecessor-version":[{"id":822,"href":"https:\/\/ifcreddolac.org\/index.php?rest_route=\/wp\/v2\/pages\/705\/revisions\/822"}],"wp:featuredmedia":[{"embeddable":true,"href":"https:\/\/ifcreddolac.org\/index.php?rest_route=\/wp\/v2\/media\/710"}],"wp:attachment":[{"href":"https:\/\/ifcreddolac.org\/index.php?rest_route=%2Fwp%2Fv2%2Fmedia&parent=705"}],"curies":[{"name":"wp","href":"https:\/\/api.w.org\/{rel}","templated":true}]}}