{"id":849,"date":"2020-05-04T14:45:23","date_gmt":"2020-05-04T14:45:23","guid":{"rendered":"https:\/\/ifcreddolac.org\/?page_id=849"},"modified":"2021-03-08T08:14:58","modified_gmt":"2021-03-08T13:14:58","slug":"curso-practico-de-redaccion-academica","status":"publish","type":"page","link":"https:\/\/ifcreddolac.org\/?page_id=849","title":{"rendered":"Curso pr\u00e1ctico de Redacci\u00f3n Acad\u00e9mica &#8211; Nivel 1"},"content":{"rendered":"\n<p class=\"has-white-color has-vivid-cyan-blue-background-color has-text-color has-background has-medium-font-size\">INICIA 29 DE MARZO 2021<\/p>\n\n\n\n<div style=\"height:40px\" aria-hidden=\"true\" class=\"wp-block-spacer\"><\/div>\n\n\n\n<h4 class=\"wp-block-heading\"><strong>Presentaci\u00f3n:<\/strong><\/h4>\n\n\n\n<p>Producir correctamente textos (res\u00famenes de investigaci\u00f3n, art\u00edculos, disertaciones, tesis entre otros) en el campo cient\u00edfico es una acci\u00f3n que demanda del dominio de ciertas habilidades y destrezas que requieren necesariamente de ser ense\u00f1adas y aprendidas a trav\u00e9s de la pr\u00e1ctica guiada a fin de que puedan ser dominadas en su totalidad.<\/p>\n\n\n\n<p>La escritura acad\u00e9mica, human\u00edstica o cient\u00edfica pura, suele requerir del conocimiento de ciertas estructuras convencionales para que los documentos se presenten de manera uniforme de tal forma que objetivos, hip\u00f3tesis, dise\u00f1os experimentaci\u00f3n y resultados de los distintos estudios puedan llegar a la comprensi\u00f3n de la audiencia en el marco de los est\u00e1ndares previsto para la divulgaci\u00f3n cient\u00edfica mundial.<\/p>\n\n\n\n<h4 class=\"wp-block-heading\"><strong>Informaci\u00f3n b\u00e1sica<\/strong><\/h4>\n\n\n\n<ul><li>Modalidad: Virtual<\/li><li>Duraci\u00f3n: 4 semanas continuas<\/li><li>Certificaci\u00f3n por 50 horas acad\u00e9micas avalado por RedDOLAC<\/li><li>El curso es \u00edntegramente desarrollado en el Campus virtual de RedDOLAC<\/li><li>Se proponen actividades pr\u00e1cticas durante todo el desarrollo del curso.<\/li><\/ul>\n\n\n\n<h4 class=\"wp-block-heading\"><strong>Requisitos<\/strong><\/h4>\n\n\n\n<ul><li>Contar con buena conexi\u00f3n a Internet<\/li><li>Conocimientos elementales en el uso de la Web<\/li><li>Disponer de al menos 2&nbsp;horas diarias para tomar y finalizar el curso con \u00e9xito<\/li><\/ul>\n\n\n\n<h4 class=\"wp-block-heading\"><strong>Tutora virtual<\/strong><\/h4>\n\n\n\n<h4 class=\"wp-block-heading\">Dra. Elisabeth Ben\u00edtez, PhD. Doctora en Filosof\u00eda. Msc. Esp. <\/h4>\n\n\n\n<ul><li>Abogada y Comunicadora.<\/li><li>Especialista en Derecho Procesal y Propiedad Intelectual.<\/li><li>Magister Scientiae en Desarrollo.<\/li><li>Profesora ordinaria de la Facultad de Humanidades y Educaci\u00f3n de la Ilustre Universidad de Los Andes en M\u00e9rida \u2013 Venezuela. Escuela de Medios Audiovisuales Departamento de Comunicaci\u00f3n Social. C\u00e1tedras de \u00c9tica y Legislaci\u00f3n \u2013 Hermen\u00e9utica &#8211; M\u00e9todos de Investigaci\u00f3n y Protecci\u00f3n Legal de obras.<\/li><li>Autora del libro: \u201cLa intelecci\u00f3n y el tiempo ps\u00edquico\u201d ISBN 978620042710-6.<\/li><li>Autora de varios art\u00edculos de investigaci\u00f3n y Editora de Revistas cient\u00edficas arbitradas e indexadas en bases de datos internacionales.<\/li><li>Investigadora en las \u00e1reas de Ciencia y Tecnolog\u00eda, perteneciente al Programa de Est\u00edmulo a la Investigaci\u00f3n del Ministerio de Ciencia y Tecnolog\u00eda y Educaci\u00f3n Universitaria.<\/li><li>Miembro de Revencyt (Registro de Publicaciones Cient\u00edficas y Tecnol\u00f3gicas Venezolanas)<\/li><li>Miembro de la WIPO Venezuela.<\/li><li>Miembro de la Sociedad Venezolana de Fenomenolog\u00eda.<\/li><li>Miembro Coordinador del equipo de Jurisdicci\u00f3n a las Licencias Creative Commons para Venezuela.<\/li><li>Coordinadora Acad\u00e9mica de <a href=\"https:\/\/aulaciete.net\">@AULACIETE<\/a><\/li><\/ul>\n\n\n\n<p><\/p>\n\n\n\n<h4 class=\"wp-block-heading\"><strong>A qui\u00e9n va dirigido<\/strong><\/h4>\n\n\n\n<p>El presente curso est\u00e1 dirigido a docentes e investigadores que desean incrementar su productividad acad\u00e9mica mediante la redacci\u00f3n de textos especializados en su \u00e1rea<\/p>\n\n\n\n<div style=\"height:30px\" aria-hidden=\"true\" class=\"wp-block-spacer\"><\/div>\n\n\n\n<h4 class=\"wp-block-heading\"><strong>Objetivos:<\/strong><\/h4>\n\n\n\n<ul><li>Comprender al lenguaje de la ciencia como veh\u00edculo para la comunicaci\u00f3n.<\/li><li>Identificar valorar la coherencia y la normalizaci\u00f3n como ejes para la producci\u00f3n de textos acad\u00e9micos. &nbsp;<\/li><li>Estructurar un texto acad\u00e9mico para su producci\u00f3n.<\/li><li>Conocer las herramientas digitales que facilitan la producci\u00f3n de textos acad\u00e9micos.<\/li><\/ul>\n\n\n\n<h4 class=\"wp-block-heading\"><strong>Estrategias pedag\u00f3gicas:<\/strong><\/h4>\n\n\n\n<p>El curso contar\u00e1 con un enfoque constructivista y desde su inicio se orientar\u00e1 a fomentar la escritura y producci\u00f3n (diagramaci\u00f3n y presentaci\u00f3n) de textos acad\u00e9micos, as\u00ed como la reflexi\u00f3n cr\u00edtica colectiva de los participantes en torno a los aspectos cardinales del curso, a saber: comprensi\u00f3n, identificaci\u00f3n y estructuraci\u00f3n, para lo cual se realizar\u00e1n actividades y tareas pr\u00e1cticas de lectura y escritura acad\u00e9mica basadas en el material bibliogr\u00e1fico suministrado en el aula.<\/p>\n\n\n\n<p>Como resultado del mismo, se aspira alcanzar los objetivos previstos mediante la entrega de trabajos individuales o tareas parciales tendentes a la producci\u00f3n definitiva de un texto acad\u00e9mico de acuerdo a los est\u00e1ndares investigativos formalmente aceptados para la publicaci\u00f3n y divulgaci\u00f3n cient\u00edfica.<\/p>\n\n\n\n<div style=\"height:40px\" aria-hidden=\"true\" class=\"wp-block-spacer\"><\/div>\n\n\n\n<h4 class=\"wp-block-heading\"><strong>Contenido Program\u00e1tico:<\/strong><\/h4>\n\n\n\n<h4 class=\"wp-block-heading\">Unidad 1. El lenguaje de la ciencia. Escribir y leer la ciencia.<\/h4>\n\n\n\n<p>Duraci\u00f3n: 7 d\u00edas.<\/p>\n\n\n\n<ul><li>La escritura como tecnolog\u00eda para la producci\u00f3n acad\u00e9mica.<\/li><li>El lenguaje de la ciencia y el discurso acad\u00e9mico.<\/li><li>La normalizaci\u00f3n de la escritura acad\u00e9mica. Estilos de citaci\u00f3n y prop\u00f3sitos.<\/li><li>Funci\u00f3n epist\u00e9mica de la lectura y claves para la evaluaci\u00f3n de un texto acad\u00e9mico.<\/li><\/ul>\n\n\n\n<h4 class=\"wp-block-heading\">Unidad 2. La producci\u00f3n de un texto<\/h4>\n\n\n\n<p>Duraci\u00f3n: 7 d\u00edas.<\/p>\n\n\n\n<ul><li>Vertientes pragm\u00e1ticas y cognitivistas de la producci\u00f3n de texto<\/li><li>Esquema de comunicaci\u00f3n de Rom\u00e1n Jakobson<\/li><li>El texto escrito: Factores de textualidad. La coherencia y cohesi\u00f3n en el texto.<\/li><li>La escritura de un texto acad\u00e9mico: 3 etapas<\/li><li>La revisi\u00f3n de pares<\/li><\/ul>\n\n\n\n<h4 class=\"wp-block-heading\">Unidad 3 La estructura del texto acad\u00e9mico.<\/h4>\n\n\n\n<p>Duraci\u00f3n: 7 d\u00edas.<\/p>\n\n\n\n<ul><li>Tipos de textos acad\u00e9micos: Ensayo reflexivo, informe, resumen, rese\u00f1a critica e informativa y art\u00edculo de investigaci\u00f3n.<\/li><li>Estructura del ensayo, art\u00edculo de reflexi\u00f3n y art\u00edculo de investigaci\u00f3n.<\/li><\/ul>\n\n\n\n<h4 class=\"wp-block-heading\">Unidad 4 Presentaci\u00f3n de un texto acad\u00e9mico.<\/h4>\n\n\n\n<p>Duraci\u00f3n: 7 d\u00edas.<\/p>\n\n\n\n<ul><li>Formatos de presentaci\u00f3n de art\u00edculos acad\u00e9micos<ul><li>Tablas y figuras<\/li><\/ul><ul><li>Pies de gr\u00e1ficos<\/li><\/ul><ul><li>Tipograf\u00edas<\/li><\/ul><ul><li>Ecuaciones<\/li><\/ul><ul><li>Referencias<\/li><\/ul><\/li><li>Herramientas inform\u00e1ticas para la generaci\u00f3n del formato a un texto de acad\u00e9mico.<\/li><\/ul>\n\n\n\n<p><\/p>\n\n\n\n<div style=\"height:50px\" aria-hidden=\"true\" class=\"wp-block-spacer\"><\/div>\n\n\n\n<h4 class=\"wp-block-heading\"><strong>Proceso de inscripci\u00f3n<\/strong><\/h4>\n\n\n\n<h4 class=\"wp-block-heading\"><strong><strong>Costo del curso: $ 59&nbsp; D\u00f3lares americanos<\/strong>&nbsp;\/ S\/. 215 soles<\/strong><\/h4>\n\n\n\n<p><strong>Realice el pago del curso<\/strong>&nbsp;eligiendo una de las siguientes opciones:<\/p>\n\n\n\n<p><strong>1\u00b0 Opci\u00f3n:&nbsp;<\/strong>Por Paypal al correo&nbsp;<a rel=\"noreferrer noopener\" href=\"mailto:reddolac@gmail.com\" target=\"_blank\">reddolac@gmail.com<\/a>&nbsp;o usando el v\u00ednculo:&nbsp;<a href=\"https:\/\/www.paypal.com\/paypalme\/reddolac\/59\" target=\"_blank\" rel=\"noreferrer noopener\"><\/a><a rel=\"noreferrer noopener\" href=\"https:\/\/www.paypal.com\/paypalme\/reddolac\/59\" target=\"_blank\">https:\/\/paypal.me\/reddolac\/59<\/a><\/p>\n\n\n\n<p><strong>2\u00b0 Opci\u00f3n:<\/strong>&nbsp; &nbsp;Pago seguro con Tarjeta de Cr\u00e9dito&nbsp; <a href=\"https:\/\/pagolink.niubiz.com.pe\/pagoseguro\/REDDOLAC\/905743\" target=\"_blank\" rel=\"noreferrer noopener\">&nbsp;<\/a><a rel=\"noreferrer noopener\" href=\"https:\/\/pagolink.niubiz.com.pe\/pagoseguro\/REDDOLAC\/905743\" target=\"_blank\">https:\/\/pagolink.niubiz.com.pe\/pagoseguro\/REDDOLAC\/905743<\/a><\/p>\n\n\n\n<p><strong>3\u00b0 Opci\u00f3n:<\/strong>&nbsp;(Solo para PER\u00da \u2013 Banco de Cr\u00e9dito del Per\u00fa) .&nbsp;&nbsp;<\/p>\n\n\n\n<ul><li>Cuenta en soles: BCP \u2013 310-13128789-0-94<\/li><li>Cuenta en d\u00f3lares: BCP \u2013 310-90373308-1-61 \u2013&nbsp; Beneficiario: Instituto de Formaci\u00f3n Continua de RedDOLAC.<\/li><\/ul>\n\n\n\n<p><strong>Importante<\/strong>: Cualquiera sea la opci\u00f3n de la transferencia el emisor debe correr con los gastos de transferencia.<\/p>\n\n\n\n<div style=\"height:30px\" aria-hidden=\"true\" class=\"wp-block-spacer\"><\/div>\n\n\n\n<h4 class=\"wp-block-heading\"><strong>Registro de pago e inscripci\u00f3n<\/strong><\/h4>\n\n\n\n<p class=\"has-vivid-cyan-blue-color has-text-color\"><a href=\"https:\/\/docs.google.com\/forms\/d\/e\/1FAIpQLSdgGLJourqJWZf6FFc3lDbY8R_q-nZJeFc2hhiPz6ci9mVjiQ\/viewform\" target=\"_blank\" rel=\"noreferrer noopener\"><strong>Registre su pago<\/strong><\/a><\/p>\n\n\n\n<p><strong>Luego de realizar el pago<\/strong>, ingrese a nuestro&nbsp;<a href=\"https:\/\/docs.google.com\/forms\/d\/e\/1FAIpQLSdgGLJourqJWZf6FFc3lDbY8R_q-nZJeFc2hhiPz6ci9mVjiQ\/viewform\" target=\"_blank\" rel=\"noreferrer noopener\"><strong>&nbsp; formulario de registro en l\u00ednea<\/strong><\/a>&nbsp; &nbsp;y siga las instrucciones que all\u00ed se detallan. Este paso es obligatorio para formalizar la inscripci\u00f3n en cl curso.<\/p>\n\n\n\n<div style=\"height:70px\" aria-hidden=\"true\" class=\"wp-block-spacer\"><\/div>\n\n\n\n<p class=\"has-white-color has-vivid-cyan-blue-background-color has-text-color has-background has-medium-font-size\">Solicita mayor informaci\u00f3n<\/p>\n\n\n<div class=\"wpforms-container wpforms-container-full wpforms-block\" id=\"wpforms-665\"><form id=\"wpforms-form-665\" class=\"wpforms-validate wpforms-form\" data-formid=\"665\" method=\"post\" enctype=\"multipart\/form-data\" action=\"\/index.php?rest_route=%2Fwp%2Fv2%2Fpages%2F849\" data-token=\"c90fcf11b3ad05ce0cbad1ebca34f5b1\"><noscript class=\"wpforms-error-noscript\">Please enable JavaScript in your browser to complete this form.<\/noscript><div class=\"wpforms-field-container\"><div id=\"wpforms-665-field_0-container\" class=\"wpforms-field wpforms-field-name\" data-field-id=\"0\"><label class=\"wpforms-field-label\" for=\"wpforms-665-field_0\">Nombre y apellido <span class=\"wpforms-required-label\">*<\/span><\/label><input type=\"text\" id=\"wpforms-665-field_0\" class=\"wpforms-field-medium wpforms-field-required\" name=\"wpforms[fields][0]\" required><\/div><div id=\"wpforms-665-field_1-container\" class=\"wpforms-field wpforms-field-email\" data-field-id=\"1\"><label class=\"wpforms-field-label\" for=\"wpforms-665-field_1\">Correo electr\u00f3nico <span class=\"wpforms-required-label\">*<\/span><\/label><input type=\"email\" id=\"wpforms-665-field_1\" class=\"wpforms-field-medium wpforms-field-required\" name=\"wpforms[fields][1]\" spellcheck=\"false\" required><\/div><div id=\"wpforms-665-field_2-container\" class=\"wpforms-field wpforms-field-textarea\" data-field-id=\"2\"><label class=\"wpforms-field-label\" for=\"wpforms-665-field_2\">Mensaje <span class=\"wpforms-required-label\">*<\/span><\/label><textarea id=\"wpforms-665-field_2\" class=\"wpforms-field-medium wpforms-field-required\" name=\"wpforms[fields][2]\" required><\/textarea><\/div><\/div><!-- .wpforms-field-container --><div class=\"wpforms-field wpforms-field-hp\"><label for=\"wpforms-665-field-hp\" class=\"wpforms-field-label\">Website<\/label><input type=\"text\" name=\"wpforms[hp]\" id=\"wpforms-665-field-hp\" class=\"wpforms-field-medium\"><\/div><div class=\"wpforms-submit-container\" ><input type=\"hidden\" name=\"wpforms[id]\" value=\"665\"><input type=\"hidden\" name=\"wpforms[author]\" value=\"1\"><button type=\"submit\" name=\"wpforms[submit]\" id=\"wpforms-submit-665\" class=\"wpforms-submit\" data-alt-text=\"Enviando...\" data-submit-text=\"Enviar solicitud\" aria-live=\"assertive\" value=\"wpforms-submit\">Enviar solicitud<\/button><\/div><\/form><\/div>  <!-- .wpforms-container -->\n\n\n<div style=\"height:100px\" aria-hidden=\"true\" class=\"wp-block-spacer\"><\/div>\n","protected":false},"excerpt":{"rendered":"<p>INICIA 29 DE MARZO 2021 Presentaci\u00f3n: Producir correctamente textos (res\u00famenes de investigaci\u00f3n, art\u00edculos, disertaciones, tesis entre otros) en el campo cient\u00edfico es una acci\u00f3n que demanda del dominio de ciertas habilidades y destrezas que requieren necesariamente de ser ense\u00f1adas y aprendidas a trav\u00e9s de la pr\u00e1ctica guiada a fin de que puedan ser dominadas en [&hellip;]<\/p>\n","protected":false},"author":1,"featured_media":953,"parent":0,"menu_order":0,"comment_status":"closed","ping_status":"closed","template":"","meta":{"_eb_attr":"","_uag_custom_page_level_css":"","ub_ctt_via":"","advgb_blocks_editor_width":"","advgb_blocks_columns_visual_guide":"","_joinchat":[],"footnotes":""},"featured_image_src":"https:\/\/ifcreddolac.org\/wp-content\/uploads\/2020\/06\/5_article_formats_blogging-600x400.jpg","featured_image_src_square":"https:\/\/ifcreddolac.org\/wp-content\/uploads\/2020\/06\/5_article_formats_blogging-600x600.jpg","uagb_featured_image_src":{"full":["https:\/\/ifcreddolac.org\/wp-content\/uploads\/2020\/06\/5_article_formats_blogging.jpg",1200,800,false],"thumbnail":["https:\/\/ifcreddolac.org\/wp-content\/uploads\/2020\/06\/5_article_formats_blogging-150x150.jpg",150,150,true],"medium":["https:\/\/ifcreddolac.org\/wp-content\/uploads\/2020\/06\/5_article_formats_blogging-300x200.jpg",300,200,true],"medium_large":["https:\/\/ifcreddolac.org\/wp-content\/uploads\/2020\/06\/5_article_formats_blogging-768x512.jpg",768,512,true],"large":["https:\/\/ifcreddolac.org\/wp-content\/uploads\/2020\/06\/5_article_formats_blogging-1024x683.jpg",812,542,true],"1536x1536":["https:\/\/ifcreddolac.org\/wp-content\/uploads\/2020\/06\/5_article_formats_blogging.jpg",1200,800,false],"2048x2048":["https:\/\/ifcreddolac.org\/wp-content\/uploads\/2020\/06\/5_article_formats_blogging.jpg",1200,800,false],"ab-block-post-grid-landscape":["https:\/\/ifcreddolac.org\/wp-content\/uploads\/2020\/06\/5_article_formats_blogging-600x400.jpg",600,400,true],"ab-block-post-grid-square":["https:\/\/ifcreddolac.org\/wp-content\/uploads\/2020\/06\/5_article_formats_blogging-600x600.jpg",600,600,true]},"uagb_author_info":{"display_name":"admin","author_link":"https:\/\/ifcreddolac.org\/?author=1"},"uagb_comment_info":0,"uagb_excerpt":"INICIA 29 DE MARZO 2021 Presentaci\u00f3n: Producir correctamente textos (res\u00famenes de investigaci\u00f3n, art\u00edculos, disertaciones, tesis entre otros) en el campo cient\u00edfico es una acci\u00f3n que demanda del dominio de ciertas habilidades y destrezas que requieren necesariamente de ser ense\u00f1adas y aprendidas a trav\u00e9s de la pr\u00e1ctica guiada a fin de que puedan ser dominadas en&hellip;","coauthors":[],"author_meta":{"author_link":"https:\/\/ifcreddolac.org\/?author=1","display_name":"admin"},"relative_dates":{"created":"Posted 6 a\u00f1os ago","modified":"Updated 5 a\u00f1os ago"},"absolute_dates":{"created":"Posted on 04\/05\/2020","modified":"Updated on 08\/03\/2021"},"absolute_dates_time":{"created":"Posted on 04\/05\/2020 2:45 PM","modified":"Updated on 08\/03\/2021 8:14 AM"},"featured_img_caption":"","featured_img":"https:\/\/ifcreddolac.org\/wp-content\/uploads\/2020\/06\/5_article_formats_blogging.jpg","series_order":"","_links":{"self":[{"href":"https:\/\/ifcreddolac.org\/index.php?rest_route=\/wp\/v2\/pages\/849"}],"collection":[{"href":"https:\/\/ifcreddolac.org\/index.php?rest_route=\/wp\/v2\/pages"}],"about":[{"href":"https:\/\/ifcreddolac.org\/index.php?rest_route=\/wp\/v2\/types\/page"}],"author":[{"embeddable":true,"href":"https:\/\/ifcreddolac.org\/index.php?rest_route=\/wp\/v2\/users\/1"}],"replies":[{"embeddable":true,"href":"https:\/\/ifcreddolac.org\/index.php?rest_route=%2Fwp%2Fv2%2Fcomments&post=849"}],"version-history":[{"count":21,"href":"https:\/\/ifcreddolac.org\/index.php?rest_route=\/wp\/v2\/pages\/849\/revisions"}],"predecessor-version":[{"id":1158,"href":"https:\/\/ifcreddolac.org\/index.php?rest_route=\/wp\/v2\/pages\/849\/revisions\/1158"}],"wp:featuredmedia":[{"embeddable":true,"href":"https:\/\/ifcreddolac.org\/index.php?rest_route=\/wp\/v2\/media\/953"}],"wp:attachment":[{"href":"https:\/\/ifcreddolac.org\/index.php?rest_route=%2Fwp%2Fv2%2Fmedia&parent=849"}],"curies":[{"name":"wp","href":"https:\/\/api.w.org\/{rel}","templated":true}]}}