{"id":89,"date":"2014-03-21T13:31:19","date_gmt":"2014-03-21T13:31:19","guid":{"rendered":"http:\/\/demo.themegrill.com\/spacious\/?page_id=89"},"modified":"2020-02-26T11:33:29","modified_gmt":"2020-02-26T11:33:29","slug":"hot-potatoes","status":"publish","type":"page","link":"https:\/\/ifcreddolac.org\/?page_id=89","title":{"rendered":"Dise\u00f1o y creaci\u00f3n de actividades de aprendizaje interactivas con Hot Potatoes"},"content":{"rendered":"\n<p class=\"has-background has-medium-font-size has-light-green-cyan-background-color\"><strong> Inicia el 30 de Marzo del 2020<\/strong><\/p>\n\n\n\n<div style=\"height:50px\" aria-hidden=\"true\" class=\"wp-block-spacer\"><\/div>\n\n\n\n<h3 class=\"has-vivid-green-cyan-color has-text-color wp-block-heading\">Informaci\u00f3n b\u00e1sica<\/h3>\n\n\n\n<ul><li>Modalidad: Virtual<\/li><li>Duraci\u00f3n: 60 horas acad\u00e9micas.<\/li><li><strong>Costo: US$ 55<\/strong><\/li><li>Requerimientos: Nociones b\u00e1sicas de internet<\/li><\/ul>\n\n\n\n<h3 class=\"has-vivid-green-cyan-color has-text-color wp-block-heading\">Tutor virtual<\/h3>\n\n\n\n<figure class=\"wp-block-image size-large is-resized\"><img decoding=\"async\" src=\"https:\/\/ifcreddolac.org\/wp-content\/uploads\/2019\/12\/cristhian.jpg\" alt=\"\" class=\"wp-image-766\" width=\"183\" height=\"200\" srcset=\"https:\/\/ifcreddolac.org\/wp-content\/uploads\/2019\/12\/cristhian.jpg 602w, https:\/\/ifcreddolac.org\/wp-content\/uploads\/2019\/12\/cristhian-274x300.jpg 274w\" sizes=\"(max-width: 183px) 100vw, 183px\" \/><\/figure>\n\n\n\n<h4 class=\"wp-block-heading\">Msc. <strong>Cristhian Castillo<\/strong><\/h4>\n\n\n\n<p>Ingeniero Inform\u00e1tico, T\u00e9cnico Superior en Instalaci\u00f3n, Configuraci\u00f3n, Gesti\u00f3n y Mantenimiento de Aulas Virtuales Moodle, Master in Business Administration \u2013 MBA \u2013 Especialidad Direcci\u00f3n General, Mag\u00edster en Educaci\u00f3n, Master en Educaci\u00f3n a Distancia \/ E-learning <\/p>\n\n\n\n<h3 class=\"has-vivid-green-cyan-color has-text-color wp-block-heading\">Objetivos<\/h3>\n\n\n\n<p><strong>Objetivo general:<\/strong><\/p>\n\n\n\n<p>Identificar las ventajas, aplicaciones, &nbsp;requerimientos t\u00e9cnicos y caracter\u00edsticas pedag\u00f3gicas del desarrollo de actividades interactivas con Hot Potatoes, mediante la adquisici\u00f3n de elementos cognitivos y praxitivos.<\/p>\n\n\n\n<p><strong>Objetivos especificos:<\/strong><\/p>\n\n\n\n<ul><li>Conocer las generalidades para el dise\u00f1o de actividades virtuales, y la instalaci\u00f3n de Hot Potatoes.<\/li><li>Realizar actividades con JCloze y JQuiz, con bases cognitivas y ejemplos pr\u00e1cticos.<\/li><li>Realizar actividades con JCross y JMatch, con bases cognitivas y ejemplos pr\u00e1cticos.<\/li><li>Realizar actividades con JMix y The Master, con bases cognitivas y ejemplos pr\u00e1cticos.<\/li><li>Identificar el procedimiento para la publicaci\u00f3n de actividades en la web, con bases cognitivas y ejemplos pr\u00e1cticos.<\/li><\/ul>\n\n\n\n<h3 class=\"has-vivid-green-cyan-color has-text-color wp-block-heading\">Dirigido a<\/h3>\n\n\n\n<p>El curso se encuentra dirigido a docentes y personas vinculadas en la creaci\u00f3n de actividades que deseen aplicarse en educaci\u00f3n virtual. <\/p>\n\n\n\n<h3 class=\"has-vivid-green-cyan-color has-text-color wp-block-heading\">Prerrequisitos<\/h3>\n\n\n\n<ul><li>Dominio medio en navegaci\u00f3n en internet<\/li><li>Manejo de nivel medio de programas de Ofim\u00e1tica (Word, Excel, Power Point).<\/li><li>Tener acceso a una computadora o dispositivo con conexi\u00f3n a Internet.<\/li><li>Poseer experiencia en el \u00e1rea de capacitaci\u00f3n o docencia.<\/li><\/ul>\n\n\n\n<h3 class=\"has-vivid-green-cyan-color has-text-color wp-block-heading\">Contenidos<\/h3>\n\n\n\n<ul><li>Unidad 1: Generalidades<\/li><li>Unidad 2: JCloze y JQuiz<\/li><li>Unidad 3: JCross y JMatch<\/li><li>Unidad 4: JMix y The Master<\/li><li>Unidad 5: Publicaci\u00f3n de actividades<\/li><\/ul>\n\n\n\n<h3 class=\"has-vivid-green-cyan-color has-text-color wp-block-heading\">Proceso de inscripci\u00f3n<\/h3>\n\n\n\n<h4 class=\"wp-block-heading\"><strong>Costo del curso: 55&nbsp; D\u00f3lares americanos<\/strong><\/h4>\n\n\n\n<p><strong>Realice el pago del curso<\/strong>&nbsp;eligiendo una de las siguientes opciones:<\/p>\n\n\n\n<p><strong>1\u00b0 Opci\u00f3n:&nbsp;<\/strong>Por Paypal al correo&nbsp;<a rel=\"noreferrer noopener\" href=\"mailto:reddolac@gmail.com\" target=\"_blank\">reddolac@gmail.com<\/a>&nbsp;o usando el v\u00ednculo:&nbsp;<a href=\"https:\/\/paypal.me\/reddolac\/55\">https:\/\/paypal.me\/reddolac\/55<\/a><\/p>\n\n\n\n<p><strong>2\u00b0 Opci\u00f3n:<\/strong>&nbsp; &nbsp;Pago seguro con Tarjeta de Cr\u00e9dito&nbsp; &nbsp;<a href=\"https:\/\/www.visanetlink.pe\/pagoseguro\/REDDOLAC\/240026\" target=\"_blank\" rel=\"noreferrer noopener\">https:\/\/www.visanetlink.pe\/pagoseguro\/REDDOLAC\/240026<\/a><\/p>\n\n\n\n<p><strong>3\u00b0 Opci\u00f3n:<\/strong>&nbsp;(Solo para PER\u00da \u2013 Banco de Cr\u00e9dito del Per\u00fa) .&nbsp;&nbsp;<\/p>\n\n\n\n<ul><li>Cuenta en soles: BCP \u2013 310-13128789-0-94<\/li><li>Cuenta en d\u00f3lares: BCP \u2013 310-90373308-1-61 \u2013&nbsp; Beneficiario: Instituto de Formaci\u00f3n Continua de RedDOLAC.<\/li><\/ul>\n\n\n\n<p><strong>Importante<\/strong>: Cualquiera sea la opci\u00f3n de la transferencia el emisor debe correr con los gastos de transferencia.<\/p>\n\n\n\n<h3 class=\"has-vivid-green-cyan-color has-text-color wp-block-heading\">Registro de pago e inscripci\u00f3n<\/h3>\n\n\n\n<div class=\"wp-block-advgb-button alignnone\"><a class=\"wp-block-advgb-button_link advgbbtn-03fad5f5-64ee-4be5-828b-7f73ba1af2bb\" href=\"https:\/\/docs.google.com\/forms\/d\/e\/1FAIpQLSdiz3KlWvrha0rWPz75dnbvb78MxiBYxjyWTk3jlH0JEoxiQw\/viewform\" target=\"_blank\" rel=\"noopener noreferrer\">Registrar pago<\/a><\/div>\n\n\n\n<div style=\"height:30px\" aria-hidden=\"true\" class=\"wp-block-spacer\"><\/div>\n\n\n\n<p><strong>Luego de realizar el pago<\/strong>, ingrese a nuestro&nbsp;<a href=\"https:\/\/forms.gle\/XwwBuc4CB8tM6gTH8\"><strong>&nbsp; formulario de registro en l\u00ednea<\/strong><\/a>&nbsp; &nbsp;y siga las instrucciones que all\u00ed se detallan. Este paso es obligatorio para formalizar la inscripci\u00f3n en cl curso.<\/p>\n\n\n\n<div style=\"height:100px\" aria-hidden=\"true\" class=\"wp-block-spacer\"><\/div>\n\n\n\n<h3 class=\"has-vivid-green-cyan-color has-text-color wp-block-heading\">Mayor informaci\u00f3n, escribenos<\/h3>\n\n\n<div class=\"wpforms-container wpforms-container-full wpforms-block\" id=\"wpforms-665\"><form id=\"wpforms-form-665\" class=\"wpforms-validate wpforms-form\" data-formid=\"665\" method=\"post\" enctype=\"multipart\/form-data\" action=\"\/index.php?rest_route=%2Fwp%2Fv2%2Fpages%2F89\" data-token=\"6b1845d43c561ae1e90ad6dcfcc6a5f0\"><noscript class=\"wpforms-error-noscript\">Please enable JavaScript in your browser to complete this form.<\/noscript><div class=\"wpforms-field-container\"><div id=\"wpforms-665-field_0-container\" class=\"wpforms-field wpforms-field-name\" data-field-id=\"0\"><label class=\"wpforms-field-label\" for=\"wpforms-665-field_0\">Nombre y apellido <span class=\"wpforms-required-label\">*<\/span><\/label><input type=\"text\" id=\"wpforms-665-field_0\" class=\"wpforms-field-medium wpforms-field-required\" name=\"wpforms[fields][0]\" required><\/div><div id=\"wpforms-665-field_1-container\" class=\"wpforms-field wpforms-field-email\" data-field-id=\"1\"><label class=\"wpforms-field-label\" for=\"wpforms-665-field_1\">Correo electr\u00f3nico <span class=\"wpforms-required-label\">*<\/span><\/label><input type=\"email\" id=\"wpforms-665-field_1\" class=\"wpforms-field-medium wpforms-field-required\" name=\"wpforms[fields][1]\" spellcheck=\"false\" required><\/div><div id=\"wpforms-665-field_2-container\" class=\"wpforms-field wpforms-field-textarea\" data-field-id=\"2\"><label class=\"wpforms-field-label\" for=\"wpforms-665-field_2\">Mensaje <span class=\"wpforms-required-label\">*<\/span><\/label><textarea id=\"wpforms-665-field_2\" class=\"wpforms-field-medium wpforms-field-required\" name=\"wpforms[fields][2]\" required><\/textarea><\/div><\/div><!-- .wpforms-field-container --><div class=\"wpforms-field wpforms-field-hp\"><label for=\"wpforms-665-field-hp\" class=\"wpforms-field-label\">Website<\/label><input type=\"text\" name=\"wpforms[hp]\" id=\"wpforms-665-field-hp\" class=\"wpforms-field-medium\"><\/div><div class=\"wpforms-submit-container\" ><input type=\"hidden\" name=\"wpforms[id]\" value=\"665\"><input type=\"hidden\" name=\"wpforms[author]\" value=\"1\"><button type=\"submit\" name=\"wpforms[submit]\" id=\"wpforms-submit-665\" class=\"wpforms-submit\" data-alt-text=\"Enviando...\" data-submit-text=\"Enviar solicitud\" aria-live=\"assertive\" value=\"wpforms-submit\">Enviar solicitud<\/button><\/div><\/form><\/div>  <!-- .wpforms-container --><style class=\"advgb-styles-renderer\">.advgbbtn-03fad5f5-64ee-4be5-828b-7f73ba1af2bb{font-size:18px;color:#fff !important;background-color:#2196f3 !important;margin:0px 0px 0px 0px !important;padding:10px 30px 10px 30px;border-width:1px !important;border-style:none;border-radius:50px !important;}.advgbbtn-03fad5f5-64ee-4be5-828b-7f73ba1af2bb:hover{box-shadow:1px 1px 12px 0px #ccc;opacity:1;transition:all 0.2s ease;}.advgbbtn-03fad5f5-64ee-4be5-828b-7f73ba1af2bb > i {display: none !important;}<\/style>","protected":false},"excerpt":{"rendered":"<p>Inicia el 30 de Marzo del 2020 Informaci\u00f3n b\u00e1sica Modalidad: Virtual Duraci\u00f3n: 60 horas acad\u00e9micas. Costo: US$ 55 Requerimientos: Nociones b\u00e1sicas de internet Tutor virtual Msc. Cristhian Castillo Ingeniero Inform\u00e1tico, T\u00e9cnico Superior en Instalaci\u00f3n, Configuraci\u00f3n, Gesti\u00f3n y Mantenimiento de Aulas Virtuales Moodle, Master in Business Administration \u2013 MBA \u2013 Especialidad Direcci\u00f3n General, Mag\u00edster en Educaci\u00f3n, [&hellip;]<\/p>\n","protected":false},"author":1,"featured_media":488,"parent":0,"menu_order":0,"comment_status":"open","ping_status":"open","template":"","meta":{"_eb_attr":"","_uag_custom_page_level_css":"","ub_ctt_via":"","advgb_blocks_editor_width":"","advgb_blocks_columns_visual_guide":"","_joinchat":[],"footnotes":""},"featured_image_src":"https:\/\/ifcreddolac.org\/wp-content\/uploads\/2019\/06\/HOTPOTAT.jpg","featured_image_src_square":"https:\/\/ifcreddolac.org\/wp-content\/uploads\/2019\/06\/HOTPOTAT.jpg","uagb_featured_image_src":{"full":["https:\/\/ifcreddolac.org\/wp-content\/uploads\/2019\/06\/HOTPOTAT.jpg",960,960,false],"thumbnail":["https:\/\/ifcreddolac.org\/wp-content\/uploads\/2019\/06\/HOTPOTAT-150x150.jpg",150,150,true],"medium":["https:\/\/ifcreddolac.org\/wp-content\/uploads\/2019\/06\/HOTPOTAT-300x300.jpg",300,300,true],"medium_large":["https:\/\/ifcreddolac.org\/wp-content\/uploads\/2019\/06\/HOTPOTAT-768x768.jpg",768,768,true],"large":["https:\/\/ifcreddolac.org\/wp-content\/uploads\/2019\/06\/HOTPOTAT.jpg",812,812,false],"1536x1536":["https:\/\/ifcreddolac.org\/wp-content\/uploads\/2019\/06\/HOTPOTAT.jpg",960,960,false],"2048x2048":["https:\/\/ifcreddolac.org\/wp-content\/uploads\/2019\/06\/HOTPOTAT.jpg",960,960,false],"ab-block-post-grid-landscape":["https:\/\/ifcreddolac.org\/wp-content\/uploads\/2019\/06\/HOTPOTAT.jpg",400,400,false],"ab-block-post-grid-square":["https:\/\/ifcreddolac.org\/wp-content\/uploads\/2019\/06\/HOTPOTAT.jpg",600,600,false]},"uagb_author_info":{"display_name":"admin","author_link":"https:\/\/ifcreddolac.org\/?author=1"},"uagb_comment_info":51,"uagb_excerpt":"Inicia el 30 de Marzo del 2020 Informaci\u00f3n b\u00e1sica Modalidad: Virtual Duraci\u00f3n: 60 horas acad\u00e9micas. Costo: US$ 55 Requerimientos: Nociones b\u00e1sicas de internet Tutor virtual Msc. Cristhian Castillo Ingeniero Inform\u00e1tico, T\u00e9cnico Superior en Instalaci\u00f3n, Configuraci\u00f3n, Gesti\u00f3n y Mantenimiento de Aulas Virtuales Moodle, Master in Business Administration \u2013 MBA \u2013 Especialidad Direcci\u00f3n General, Mag\u00edster en Educaci\u00f3n,&hellip;","coauthors":[],"author_meta":{"author_link":"https:\/\/ifcreddolac.org\/?author=1","display_name":"admin"},"relative_dates":{"created":"Posted 12 a\u00f1os ago","modified":"Updated 6 a\u00f1os ago"},"absolute_dates":{"created":"Posted on 21\/03\/2014","modified":"Updated on 26\/02\/2020"},"absolute_dates_time":{"created":"Posted on 21\/03\/2014 1:31 PM","modified":"Updated on 26\/02\/2020 11:33 AM"},"featured_img_caption":"","featured_img":"https:\/\/ifcreddolac.org\/wp-content\/uploads\/2019\/06\/HOTPOTAT.jpg","series_order":"","_links":{"self":[{"href":"https:\/\/ifcreddolac.org\/index.php?rest_route=\/wp\/v2\/pages\/89"}],"collection":[{"href":"https:\/\/ifcreddolac.org\/index.php?rest_route=\/wp\/v2\/pages"}],"about":[{"href":"https:\/\/ifcreddolac.org\/index.php?rest_route=\/wp\/v2\/types\/page"}],"author":[{"embeddable":true,"href":"https:\/\/ifcreddolac.org\/index.php?rest_route=\/wp\/v2\/users\/1"}],"replies":[{"embeddable":true,"href":"https:\/\/ifcreddolac.org\/index.php?rest_route=%2Fwp%2Fv2%2Fcomments&post=89"}],"version-history":[{"count":13,"href":"https:\/\/ifcreddolac.org\/index.php?rest_route=\/wp\/v2\/pages\/89\/revisions"}],"predecessor-version":[{"id":821,"href":"https:\/\/ifcreddolac.org\/index.php?rest_route=\/wp\/v2\/pages\/89\/revisions\/821"}],"wp:featuredmedia":[{"embeddable":true,"href":"https:\/\/ifcreddolac.org\/index.php?rest_route=\/wp\/v2\/media\/488"}],"wp:attachment":[{"href":"https:\/\/ifcreddolac.org\/index.php?rest_route=%2Fwp%2Fv2%2Fmedia&parent=89"}],"curies":[{"name":"wp","href":"https:\/\/api.w.org\/{rel}","templated":true}]}}