{"id":972,"date":"2020-07-08T00:28:19","date_gmt":"2020-07-08T00:28:19","guid":{"rendered":"https:\/\/ifcreddolac.org\/?page_id=972"},"modified":"2020-08-03T02:27:10","modified_gmt":"2020-08-03T07:27:10","slug":"webinar-analisis-de-datos-cualitativos-en-la-investigacion-cientifica","status":"publish","type":"page","link":"https:\/\/ifcreddolac.org\/?page_id=972","title":{"rendered":"Webinar Gratuito: Trabajo Colaborativo y Gamificaci\u00f3n en la Educaci\u00f3n Virtual"},"content":{"rendered":"\n<div style=\"height:30px\" aria-hidden=\"true\" class=\"wp-block-spacer\"><\/div>\n\n\n<div class=\"wp-block-ub-content-toggle\" id=\"ub-content-toggle-3aa5d73c-f231-4bc8-9bea-70a4c944fbab\" data-mobilecollapse=\"false\" data-desktopcollapse=\"false\">\n<div class=\"wp-block-ub-content-toggle-accordion\" id=\"ub-content-toggle-panel-block-\">\n                <div class=\"wp-block-ub-content-toggle-accordion-title-wrap\"\" aria-controls=\"ub-content-toggle-panel-0-3aa5d73c-f231-4bc8-9bea-70a4c944fbab\" tabindex=\"0\">\n                    <p class=\"wp-block-ub-content-toggle-accordion-title ub-content-toggle-title-3aa5d73c-f231-4bc8-9bea-70a4c944fbab\"><strong>Organiza<\/strong><\/p><div class=\"wp-block-ub-content-toggle-accordion-toggle-wrap right\"><span class=\"wp-block-ub-content-toggle-accordion-state-indicator wp-block-ub-chevron-down open\"><\/span>\n                    <\/div><\/div><div role=\"region\" aria-expanded=\"true\" class=\"wp-block-ub-content-toggle-accordion-content-wrap\" id=\"ub-content-toggle-panel-0-3aa5d73c-f231-4bc8-9bea-70a4c944fbab\">\n\n<p><img decoding=\"async\" width=\"300\" height=\"67\" class=\"wp-image-1024\" style=\"width: 300px;\" src=\"https:\/\/ifcreddolac.org\/wp-content\/uploads\/2020\/08\/Coordinaci\u00f3n-Ecuador.png\" alt=\"RedDOLAC Ecuador\" srcset=\"https:\/\/ifcreddolac.org\/wp-content\/uploads\/2020\/08\/Coordinaci\u00f3n-Ecuador.png 570w, https:\/\/ifcreddolac.org\/wp-content\/uploads\/2020\/08\/Coordinaci\u00f3n-Ecuador-300x67.png 300w\" sizes=\"(max-width: 300px) 100vw, 300px\" \/> <\/p>\n\n\n\n<p><strong>Coordinaci\u00f3n de la Red de Docentes de Am\u00e9rica Latina y del Caribe (RedDOLAC) del ECUADOR<\/strong> <\/p>\n\n<\/div><\/div>\n\n<div class=\"wp-block-ub-content-toggle-accordion\" id=\"ub-content-toggle-panel-block-\">\n                <div class=\"wp-block-ub-content-toggle-accordion-title-wrap\"\" aria-controls=\"ub-content-toggle-panel-1-3aa5d73c-f231-4bc8-9bea-70a4c944fbab\" tabindex=\"0\">\n                    <p class=\"wp-block-ub-content-toggle-accordion-title ub-content-toggle-title-3aa5d73c-f231-4bc8-9bea-70a4c944fbab\"><strong>Presentaci\u00f3n<\/strong><\/p><div class=\"wp-block-ub-content-toggle-accordion-toggle-wrap right\"><span class=\"wp-block-ub-content-toggle-accordion-state-indicator wp-block-ub-chevron-down open\"><\/span>\n                    <\/div><\/div><div role=\"region\" aria-expanded=\"true\" class=\"wp-block-ub-content-toggle-accordion-content-wrap\" id=\"ub-content-toggle-panel-1-3aa5d73c-f231-4bc8-9bea-70a4c944fbab\">\n\n<p><strong>Trabajo Colaborativo y Gamificaci\u00f3n en la Educaci\u00f3n Virtual<\/strong>. El trabajo colaborativo y el aprendizaje basado en juegos, son actividades did\u00e1cticas que se aplican usualmente en el \u00e1mbito educativo pero en la modalidad presencial, muchos maestros lo aplican y generan competencias importantes en sus estudiantes sin embargo, al encontrarnos en esta \u00e9poca de pandemia donde todo el proceso educativo ha sido trasladado al \u00e1mbito virtual, surgen algunas inquietudes entre las que se destacan: \u00bfSe puede hacer trabajo colaborativo en educaci\u00f3n virtual?, \u00bfC\u00f3mo se lo puede llevar a cabo?, \u00bfQu\u00e9 herramientas inform\u00e1ticas se pueden utilizar?. Las mismas interrogantes son aplicables al aprendizaje l\u00fadico o gamificaci\u00f3n y tambi\u00e9n al proceso de evaluaci\u00f3n, que quiz\u00e1s es uno de los aspectos m\u00e1s controversiales actualmente. En este contexto presentamos el presente webinar  y que tiene como finalidad las de orientarnos en aspectos como la planificaci\u00f3n de un trabajo colaborativo, la aplicaci\u00f3n de algunas herramientas id\u00f3neas para este tipo de tareas, tambi\u00e9n se analizar\u00e1n algunas herramientas para generar evaluaciones gamificadas que pueden ser utilizadas dentro de plataformas virtuales educativas o independientemente de ellas.<\/p>\n\n<\/div><\/div>\n\n<div class=\"wp-block-ub-content-toggle-accordion\" id=\"ub-content-toggle-panel-block-\">\n                <div class=\"wp-block-ub-content-toggle-accordion-title-wrap\"\" aria-controls=\"ub-content-toggle-panel-2-3aa5d73c-f231-4bc8-9bea-70a4c944fbab\" tabindex=\"0\">\n                    <p class=\"wp-block-ub-content-toggle-accordion-title ub-content-toggle-title-3aa5d73c-f231-4bc8-9bea-70a4c944fbab\"><strong>Ponente<\/strong><\/p><div class=\"wp-block-ub-content-toggle-accordion-toggle-wrap right\"><span class=\"wp-block-ub-content-toggle-accordion-state-indicator wp-block-ub-chevron-down open\"><\/span>\n                    <\/div><\/div><div role=\"region\" aria-expanded=\"true\" class=\"wp-block-ub-content-toggle-accordion-content-wrap\" id=\"ub-content-toggle-panel-2-3aa5d73c-f231-4bc8-9bea-70a4c944fbab\">\n\n<p class=\"has-text-align-left\"><strong>Dr. Gustavo Eduardo Fern\u00e1ndez Villacr\u00e9s.<\/strong>&nbsp;Doctor en Educaci\u00f3n, M\u00e1ster en ingenier\u00eda de Sistemas, Master en administraci\u00f3n de empresas, Licenciado e ingeniero en Sistemas. Autor principal de varios art\u00edculos sobre educaci\u00f3n y tecnolog\u00eda publicados en Scopus y Latindex, Docente principal de la Universidad UNIANDES de Ambato-Ecuador. Ha desarrollado varios proyectos de investigaci\u00f3n en su Instituci\u00f3n, trabaja desde 2013 como investigador por Uniandes en los proyectos de Telemedicina que lleva adelante CEDIA, expositor &nbsp;en varios congresos nacionales e internacionales. Experto en educaci\u00f3n virtual, comercio electr\u00f3nico, telemedicina y marketing digital. Docente a nivel de pre y posgrado por m\u00e1s de 20 a\u00f1os, tutor de cursos virtuales desde el 2014 en la Universidad T\u00e9cnica de Ambato y en el CTT de los Andes.&nbsp; Es miembro del grupo investigativo sobre \u00abRecursos educativos abiertos del Tecnol\u00f3gico de Monterrey\u00bb, representante de REDDOLAC en Ecuador y miembro de RTC.&nbsp; Gerente propietario de la empresa CYSSA(&nbsp;<a href=\"http:\/\/cyssaambato.com\/\">http:\/\/cyssaambato.com\/<\/a>), la cual funciona desde 1990 hasta la actualidad, posee la patente de los productos REDIM especialmente de las mesas de disecci\u00f3n digital, utilizadas para la ense\u00f1anza de Medicina.<\/p>\n\n<\/div><\/div>\n\n<div class=\"wp-block-ub-content-toggle-accordion\" id=\"ub-content-toggle-panel-block-\">\n                <div class=\"wp-block-ub-content-toggle-accordion-title-wrap\"\" aria-controls=\"ub-content-toggle-panel-3-3aa5d73c-f231-4bc8-9bea-70a4c944fbab\" tabindex=\"0\">\n                    <p class=\"wp-block-ub-content-toggle-accordion-title ub-content-toggle-title-3aa5d73c-f231-4bc8-9bea-70a4c944fbab\"><strong>Informaci\u00f3n b\u00e1sica<\/strong><\/p><div class=\"wp-block-ub-content-toggle-accordion-toggle-wrap right\"><span class=\"wp-block-ub-content-toggle-accordion-state-indicator wp-block-ub-chevron-down open\"><\/span>\n                    <\/div><\/div><div role=\"region\" aria-expanded=\"true\" class=\"wp-block-ub-content-toggle-accordion-content-wrap\" id=\"ub-content-toggle-panel-3-3aa5d73c-f231-4bc8-9bea-70a4c944fbab\">\n\n<p>Fecha: <strong>Martes 11 de Agosto 2020<\/strong><br>Hora: 7.00 p.m (Hora de Per\u00fa) &#8211; <a rel=\"noreferrer noopener\" href=\"https:\/\/24timezones.com\/es\/difference\" target=\"_blank\">Convertir<\/a><br>Duraci\u00f3n: 02 horas<br>Sala de videoconferencias: Zoom<\/p>\n\n\n\n<p><strong>Ejes tem\u00e1ticos:<\/strong><\/p>\n\n\n\n<ul><li>Paradigmas did\u00e1cticos en la educaci\u00f3n virtual.<\/li><li>El Trabajo colaborativo.<\/li><li>Gamificaci\u00f3n.<\/li><li>Herramientas inform\u00e1ticas.<\/li><li>Evaluaci\u00f3n en entornos virtuales.<\/li><li>Tecnolog\u00edas futuras.<\/li><\/ul>\n\n\n\n<p><\/p>\n\n<\/div><\/div>\n\n<div class=\"wp-block-ub-content-toggle-accordion\" id=\"ub-content-toggle-panel-block-\">\n                <div class=\"wp-block-ub-content-toggle-accordion-title-wrap\"\" aria-controls=\"ub-content-toggle-panel-4-3aa5d73c-f231-4bc8-9bea-70a4c944fbab\" tabindex=\"0\">\n                    <p class=\"wp-block-ub-content-toggle-accordion-title ub-content-toggle-title-3aa5d73c-f231-4bc8-9bea-70a4c944fbab\"><strong>Inscripci\u00f3n y pago<\/strong><\/p><div class=\"wp-block-ub-content-toggle-accordion-toggle-wrap right\"><span class=\"wp-block-ub-content-toggle-accordion-state-indicator wp-block-ub-chevron-down open\"><\/span>\n                    <\/div><\/div><div role=\"region\" aria-expanded=\"true\" class=\"wp-block-ub-content-toggle-accordion-content-wrap\" id=\"ub-content-toggle-panel-4-3aa5d73c-f231-4bc8-9bea-70a4c944fbab\">\n\n<p><strong>Curso Gratuito<\/strong><\/p>\n\n\n\n<p>Se emitir\u00e1 <strong>CERTIFICADO POR PARTICIPACI\u00d3N<\/strong>  solo a miembros inscritos en <a href=\"https:\/\/reddolac.org\/?xgi=4sjrPbXVv97V4l\" data-type=\"URL\" data-id=\"https:\/\/reddolac.org\/?xgi=4sjrPbXVv97V4l\">RedDOLAC.<\/a><\/p>\n\n\n\n<ul><li><strong>Cont\u00e1ctenos:<\/strong>&nbsp; &nbsp; Correo:&nbsp;&nbsp;<a href=\"mailto:reddolac.red@gmail.com\">reddolac.red@gmail.com<\/a>&nbsp; \/ Whatsapp:&nbsp;+51 942470276&nbsp; &nbsp;<\/li><li><strong>Formulario de inscripci\u00f3n:<\/strong>&nbsp;<a href=\"https:\/\/forms.gle\/2CjTdA5AwmtmaKQG8\">&nbsp;https:\/\/forms.gle\/2CjTdA5AwmtmaKQG8&nbsp;<\/a><\/li><\/ul>\n\n\n\n<p><\/p>\n\n<\/div><\/div>\n\n<div class=\"wp-block-ub-content-toggle-accordion\" id=\"ub-content-toggle-panel-block-\">\n                <div class=\"wp-block-ub-content-toggle-accordion-title-wrap\"\" aria-controls=\"ub-content-toggle-panel-5-3aa5d73c-f231-4bc8-9bea-70a4c944fbab\" tabindex=\"0\">\n                    <p class=\"wp-block-ub-content-toggle-accordion-title ub-content-toggle-title-3aa5d73c-f231-4bc8-9bea-70a4c944fbab\"><strong>Mayor informaci\u00f3n<\/strong><\/p><div class=\"wp-block-ub-content-toggle-accordion-toggle-wrap right\"><span class=\"wp-block-ub-content-toggle-accordion-state-indicator wp-block-ub-chevron-down open\"><\/span>\n                    <\/div><\/div><div role=\"region\" aria-expanded=\"true\" class=\"wp-block-ub-content-toggle-accordion-content-wrap\" id=\"ub-content-toggle-panel-5-3aa5d73c-f231-4bc8-9bea-70a4c944fbab\">\n\n<p>Correo: <a href=\"mailto:reddolac.red@gmail.com\">reddolac.red@gmail.com <\/a><\/p>\n\n\n\n<p>Whatsapp: <a href=\"https:\/\/wa.me\/51942470276\" target=\"_blank\" rel=\"noreferrer noopener\">+51 942470276<\/a><\/p>\n\n<\/div><\/div>\n<\/div>\n\n\n<div style=\"height:30px\" aria-hidden=\"true\" class=\"wp-block-spacer\"><\/div>\n\n\n\n<h3 class=\"wp-block-heading\">Registre su pago<\/h3>\n\n\n\n<div style=\"height:20px\" aria-hidden=\"true\" class=\"wp-block-spacer\"><\/div>\n\n\n\n<div class=\"wp-block-advgb-button alignnone is-style-squared\"><a class=\"wp-block-advgb-button_link advgbbtn-143e920a-3718-4f1f-8e59-bc4256ebd4c4\" href=\"https:\/\/forms.gle\/2CjTdA5AwmtmaKQG8\" target=\"_blank\" rel=\"noopener noreferrer\">Inscripci\u00f3n en l\u00ednea<\/a><\/div>\n\n\n\n<p><\/p>\n<style class=\"advgb-styles-renderer\">.advgbbtn-143e920a-3718-4f1f-8e59-bc4256ebd4c4{font-size:18px;color:#fff !important;background-color:#2196f3 !important;margin:0px 0px 0px 0px !important;padding:10px 30px 10px 30px;border-width:1px !important;border-style:none;border-radius:50px !important;}.advgbbtn-143e920a-3718-4f1f-8e59-bc4256ebd4c4:hover{box-shadow:1px 1px 12px 0px #ccc;opacity:1;transition:all 0.2s ease;}.advgbbtn-143e920a-3718-4f1f-8e59-bc4256ebd4c4 > i {display: none !important;}<\/style>","protected":false},"excerpt":{"rendered":"<p>Registre su pago<\/p>\n","protected":false},"author":2,"featured_media":941,"parent":0,"menu_order":0,"comment_status":"closed","ping_status":"closed","template":"","meta":{"_eb_attr":"","_uag_custom_page_level_css":"","ub_ctt_via":"","advgb_blocks_editor_width":"","advgb_blocks_columns_visual_guide":"","_joinchat":{"telephone":"+51942470276","message_text":"Hola, \u00bfC\u00f3mo puedo ayudarte? \u00bfNecesitas mayor informaci\u00f3n sobre este Webinar?","message_send":"Hola, nuevo requerimiento del sitio web"},"footnotes":""},"featured_image_src":"https:\/\/ifcreddolac.org\/wp-content\/uploads\/2020\/06\/EXIN-SIAM-Webinar-600x400.jpg","featured_image_src_square":"https:\/\/ifcreddolac.org\/wp-content\/uploads\/2020\/06\/EXIN-SIAM-Webinar-600x600.jpg","uagb_featured_image_src":{"full":["https:\/\/ifcreddolac.org\/wp-content\/uploads\/2020\/06\/EXIN-SIAM-Webinar-scaled.jpg",2560,1663,false],"thumbnail":["https:\/\/ifcreddolac.org\/wp-content\/uploads\/2020\/06\/EXIN-SIAM-Webinar-150x150.jpg",150,150,true],"medium":["https:\/\/ifcreddolac.org\/wp-content\/uploads\/2020\/06\/EXIN-SIAM-Webinar-300x195.jpg",300,195,true],"medium_large":["https:\/\/ifcreddolac.org\/wp-content\/uploads\/2020\/06\/EXIN-SIAM-Webinar-768x499.jpg",768,499,true],"large":["https:\/\/ifcreddolac.org\/wp-content\/uploads\/2020\/06\/EXIN-SIAM-Webinar-1024x665.jpg",812,527,true],"1536x1536":["https:\/\/ifcreddolac.org\/wp-content\/uploads\/2020\/06\/EXIN-SIAM-Webinar-1536x998.jpg",1536,998,true],"2048x2048":["https:\/\/ifcreddolac.org\/wp-content\/uploads\/2020\/06\/EXIN-SIAM-Webinar-2048x1330.jpg",2048,1330,true],"ab-block-post-grid-landscape":["https:\/\/ifcreddolac.org\/wp-content\/uploads\/2020\/06\/EXIN-SIAM-Webinar-600x400.jpg",600,400,true],"ab-block-post-grid-square":["https:\/\/ifcreddolac.org\/wp-content\/uploads\/2020\/06\/EXIN-SIAM-Webinar-600x600.jpg",600,600,true]},"uagb_author_info":{"display_name":"Administrador Website","author_link":"https:\/\/ifcreddolac.org\/?author=2"},"uagb_comment_info":0,"uagb_excerpt":"Registre su pago","coauthors":[],"author_meta":{"author_link":"https:\/\/ifcreddolac.org\/?author=2","display_name":"Administrador Website"},"relative_dates":{"created":"Posted 6 a\u00f1os ago","modified":"Updated 6 a\u00f1os ago"},"absolute_dates":{"created":"Posted on 08\/07\/2020","modified":"Updated on 03\/08\/2020"},"absolute_dates_time":{"created":"Posted on 08\/07\/2020 12:28 AM","modified":"Updated on 03\/08\/2020 2:27 AM"},"featured_img_caption":"WEBINAR hand on table Business, coffee, Split tone","featured_img":"https:\/\/ifcreddolac.org\/wp-content\/uploads\/2020\/06\/EXIN-SIAM-Webinar-scaled.jpg","series_order":"","_links":{"self":[{"href":"https:\/\/ifcreddolac.org\/index.php?rest_route=\/wp\/v2\/pages\/972"}],"collection":[{"href":"https:\/\/ifcreddolac.org\/index.php?rest_route=\/wp\/v2\/pages"}],"about":[{"href":"https:\/\/ifcreddolac.org\/index.php?rest_route=\/wp\/v2\/types\/page"}],"author":[{"embeddable":true,"href":"https:\/\/ifcreddolac.org\/index.php?rest_route=\/wp\/v2\/users\/2"}],"replies":[{"embeddable":true,"href":"https:\/\/ifcreddolac.org\/index.php?rest_route=%2Fwp%2Fv2%2Fcomments&post=972"}],"version-history":[{"count":15,"href":"https:\/\/ifcreddolac.org\/index.php?rest_route=\/wp\/v2\/pages\/972\/revisions"}],"predecessor-version":[{"id":1052,"href":"https:\/\/ifcreddolac.org\/index.php?rest_route=\/wp\/v2\/pages\/972\/revisions\/1052"}],"wp:featuredmedia":[{"embeddable":true,"href":"https:\/\/ifcreddolac.org\/index.php?rest_route=\/wp\/v2\/media\/941"}],"wp:attachment":[{"href":"https:\/\/ifcreddolac.org\/index.php?rest_route=%2Fwp%2Fv2%2Fmedia&parent=972"}],"curies":[{"name":"wp","href":"https:\/\/api.w.org\/{rel}","templated":true}]}}